{"id":879,"date":"2022-12-21T21:56:14","date_gmt":"2022-12-21T21:56:14","guid":{"rendered":"https:\/\/www.kizbasina.com\/?page_id=879"},"modified":"2023-10-19T17:38:44","modified_gmt":"2023-10-19T17:38:44","slug":"yardim-atlasi","status":"publish","type":"page","link":"https:\/\/www.kizbasina.com\/en\/rehber\/yardim-atlasi\/","title":{"rendered":"Aid Handbook"},"content":{"rendered":"<div data-elementor-type=\"wp-page\" data-elementor-id=\"879\" class=\"elementor elementor-879\">\n\t\t\t\t\t\t<section class=\"elementor-section elementor-top-section elementor-element elementor-element-b75375b elementor-section-full_width elementor-section-stretched elementor-section-height-default elementor-section-height-default\" data-id=\"b75375b\" data-element_type=\"section\" data-settings=\"{&quot;stretch_section&quot;:&quot;section-stretched&quot;}\">\n\t\t\t\t\t\t<div class=\"elementor-container elementor-column-gap-default\">\n\t\t\t\t\t<div class=\"elementor-column elementor-col-100 elementor-top-column elementor-element elementor-element-d19656d\" data-id=\"d19656d\" data-element_type=\"column\">\n\t\t\t<div class=\"elementor-widget-wrap elementor-element-populated\">\n\t\t\t\t\t\t\t<\/div>\n\t\t<\/div>\n\t\t\t\t\t<\/div>\n\t\t<\/section>\n\t\t\t\t<section class=\"elementor-section elementor-top-section elementor-element elementor-element-34cca10 elementor-section-boxed elementor-section-height-default elementor-section-height-default\" data-id=\"34cca10\" data-element_type=\"section\">\n\t\t\t\t\t\t<div class=\"elementor-container elementor-column-gap-default\">\n\t\t\t\t\t<div class=\"elementor-column elementor-col-100 elementor-top-column elementor-element elementor-element-a3ae9a7\" data-id=\"a3ae9a7\" data-element_type=\"column\">\n\t\t\t<div class=\"elementor-widget-wrap elementor-element-populated\">\n\t\t\t\t\t\t<div class=\"elementor-element elementor-element-b55256e elementor-widget-divider--view-line elementor-widget elementor-widget-divider\" data-id=\"b55256e\" data-element_type=\"widget\" data-widget_type=\"divider.default\">\n\t\t\t\t<div class=\"elementor-widget-container\">\n\t\t\t\t\t\t\t<div class=\"elementor-divider\">\n\t\t\t<span class=\"elementor-divider-separator\">\n\t\t\t\t\t\t<\/span>\n\t\t<\/div>\n\t\t\t\t\t\t<\/div>\n\t\t\t\t<\/div>\n\t\t\t\t\t<\/div>\n\t\t<\/div>\n\t\t\t\t\t<\/div>\n\t\t<\/section>\n\t\t\t\t<section class=\"elementor-section elementor-top-section elementor-element elementor-element-1fbd40b elementor-section-boxed elementor-section-height-default elementor-section-height-default\" data-id=\"1fbd40b\" data-element_type=\"section\">\n\t\t\t\t\t\t<div class=\"elementor-container elementor-column-gap-default\">\n\t\t\t\t\t<div class=\"elementor-column elementor-col-100 elementor-top-column elementor-element elementor-element-79e587d\" data-id=\"79e587d\" data-element_type=\"column\">\n\t\t\t<div class=\"elementor-widget-wrap elementor-element-populated\">\n\t\t\t\t\t\t<div class=\"elementor-element elementor-element-61abb27 elementor-widget elementor-widget-text-editor\" data-id=\"61abb27\" data-element_type=\"widget\" data-widget_type=\"text-editor.default\">\n\t\t\t\t<div class=\"elementor-widget-container\">\n\t\t\t\t\t\t\t\t\t<p><div class=\"_df_book df-lite\" id=\"df_1764\"  _slug=\"1764\" data-title=\"yardim-atlasi\" wpoptions=\"true\" thumbtype=\"\" ><\/div><script class=\"df-shortcode-script\" nowprocket type=\"application\/javascript\">window.option_df_1764 = {\"outline\":[],\"autoEnableOutline\":\"false\",\"autoEnableThumbnail\":\"false\",\"overwritePDFOutline\":\"false\",\"direction\":\"1\",\"pageSize\":\"0\",\"source\":\"https:\\\/\\\/www.kizbasina.com\\\/wp-content\\\/uploads\\\/2023\\\/04\\\/kizbasina-yardim-atlasi.pdf\",\"wpOptions\":\"true\"}; if(window.DFLIP && window.DFLIP.parseBooks){window.DFLIP.parseBooks();}<\/script><\/p>\t\t\t\t\t\t\t\t<\/div>\n\t\t\t\t<\/div>\n\t\t\t\t\t<\/div>\n\t\t<\/div>\n\t\t\t\t\t<\/div>\n\t\t<\/section>\n\t\t\t\t<section class=\"elementor-section elementor-top-section elementor-element elementor-element-62774cc elementor-section-boxed elementor-section-height-default elementor-section-height-default\" data-id=\"62774cc\" data-element_type=\"section\">\n\t\t\t\t\t\t<div class=\"elementor-container elementor-column-gap-default\">\n\t\t\t\t\t<div class=\"elementor-column elementor-col-100 elementor-top-column elementor-element elementor-element-b4053e9\" data-id=\"b4053e9\" data-element_type=\"column\">\n\t\t\t<div class=\"elementor-widget-wrap elementor-element-populated\">\n\t\t\t\t\t\t<div class=\"elementor-element elementor-element-f95fa35 elementor-align-right elementor-widget elementor-widget-button\" data-id=\"f95fa35\" data-element_type=\"widget\" data-widget_type=\"button.default\">\n\t\t\t\t<div class=\"elementor-widget-container\">\n\t\t\t\t\t\t\t\t\t<div class=\"elementor-button-wrapper\">\n\t\t\t\t\t<a class=\"elementor-button elementor-button-link elementor-size-sm\" href=\"https:\/\/www.kizbasina.com\/wp-content\/uploads\/2023\/04\/kizbasina-yardim-atlasi.pdf\" target=\"_blank\">\n\t\t\t\t\t\t<span class=\"elementor-button-content-wrapper\">\n\t\t\t\t\t\t<span class=\"elementor-button-icon\">\n\t\t\t\t<i aria-hidden=\"true\" class=\"fas fa-download\"><\/i>\t\t\t<\/span>\n\t\t\t\t\t\t\t\t\t<span class=\"elementor-button-text\">Download<\/span>\n\t\t\t\t\t<\/span>\n\t\t\t\t\t<\/a>\n\t\t\t\t<\/div>\n\t\t\t\t\t\t\t\t<\/div>\n\t\t\t\t<\/div>\n\t\t\t\t\t<\/div>\n\t\t<\/div>\n\t\t\t\t\t<\/div>\n\t\t<\/section>\n\t\t\t\t<section class=\"elementor-section elementor-top-section elementor-element elementor-element-b4f6e47 elementor-section-boxed elementor-section-height-default elementor-section-height-default\" data-id=\"b4f6e47\" data-element_type=\"section\">\n\t\t\t\t\t\t<div class=\"elementor-container elementor-column-gap-default\">\n\t\t\t\t\t<div class=\"elementor-column elementor-col-100 elementor-top-column elementor-element elementor-element-50b08b5\" data-id=\"50b08b5\" data-element_type=\"column\">\n\t\t\t<div class=\"elementor-widget-wrap elementor-element-populated\">\n\t\t\t\t\t\t<div class=\"elementor-element elementor-element-0ff8453 elementor-widget elementor-widget-text-editor\" data-id=\"0ff8453\" data-element_type=\"widget\" data-widget_type=\"text-editor.default\">\n\t\t\t\t<div class=\"elementor-widget-container\">\n\t\t\t\t\t\t\t\t\t<p>K\u0131zBa\u015f\u0131na olarak hem t\u00fcm T\u00fcrkiye\u2019ye hem de bulundu\u011funuz il \u00f6zelinde hizmet veren yard\u0131m kurulu\u015flar\u0131n\u0131 derledi\u011fimiz Yard\u0131m Atlas\u0131 ihtiyac\u0131 olan herkesin eri\u015fimine a\u00e7\u0131k. <br \/><br \/>Sen de haz\u0131rlad\u0131\u011f\u0131m\u0131z Yard\u0131m Atlas\u0131 ile ya\u015fad\u0131\u011f\u0131nda \u015fehirde hangi yard\u0131m kurulu\u015flar\u0131 var \u00f6\u011frenebilir, yard\u0131ma ihtiyac\u0131n oldu\u011funda burada bulunan kurumlardan \u00fccretsiz hukuki, psikolojik, bar\u0131nma ve sosyal destek alabilirsin. <br \/><br \/>Yard\u0131m Atlas\u0131\u2018n\u0131 g\u00f6r\u00fcnt\u00fclemek i\u00e7in t\u0131klay\u0131n\u0131z.<\/p>\t\t\t\t\t\t\t\t<\/div>\n\t\t\t\t<\/div>\n\t\t\t\t\t<\/div>\n\t\t<\/div>\n\t\t\t\t\t<\/div>\n\t\t<\/section>\n\t\t\t\t<\/div>","protected":false},"excerpt":{"rendered":"<p class=\"tx-excerpt\">Download K\u0131zBa\u015f\u0131na olarak hem t\u00fcm T\u00fcrkiye\u2019ye hem de bulundu\u011funuz il \u00f6zelinde hizmet veren yard\u0131m kurulu\u015flar\u0131n\u0131 derledi\u011fimiz Yard\u0131m Atlas\u0131 ihtiyac\u0131 olan herkesin eri\u015fimine a\u00e7\u0131k. Sen de haz\u0131rlad\u0131\u011f\u0131m\u0131z Yard\u0131m Atlas\u0131 ile ya\u015fad\u0131\u011f\u0131nda \u015fehirde hangi yard\u0131m kurulu\u015flar\u0131 var...<\/p>","protected":false},"author":1,"featured_media":0,"parent":486,"menu_order":0,"comment_status":"closed","ping_status":"closed","template":"","meta":{"footnotes":""},"class_list":["post-879","page","type-page","status-publish","hentry"],"_links":{"self":[{"href":"https:\/\/www.kizbasina.com\/en\/wp-json\/wp\/v2\/pages\/879","targetHints":{"allow":["GET"]}}],"collection":[{"href":"https:\/\/www.kizbasina.com\/en\/wp-json\/wp\/v2\/pages"}],"about":[{"href":"https:\/\/www.kizbasina.com\/en\/wp-json\/wp\/v2\/types\/page"}],"author":[{"embeddable":true,"href":"https:\/\/www.kizbasina.com\/en\/wp-json\/wp\/v2\/users\/1"}],"replies":[{"embeddable":true,"href":"https:\/\/www.kizbasina.com\/en\/wp-json\/wp\/v2\/comments?post=879"}],"version-history":[{"count":34,"href":"https:\/\/www.kizbasina.com\/en\/wp-json\/wp\/v2\/pages\/879\/revisions"}],"predecessor-version":[{"id":3140,"href":"https:\/\/www.kizbasina.com\/en\/wp-json\/wp\/v2\/pages\/879\/revisions\/3140"}],"up":[{"embeddable":true,"href":"https:\/\/www.kizbasina.com\/en\/wp-json\/wp\/v2\/pages\/486"}],"wp:attachment":[{"href":"https:\/\/www.kizbasina.com\/en\/wp-json\/wp\/v2\/media?parent=879"}],"curies":[{"name":"wp","href":"https:\/\/api.w.org\/{rel}","templated":true}]}}