{"id":496,"date":"2022-12-13T08:34:52","date_gmt":"2022-12-13T08:34:52","guid":{"rendered":"https:\/\/www.kizbasina.com\/?page_id=496"},"modified":"2023-11-15T22:12:01","modified_gmt":"2023-11-15T22:12:01","slug":"meme-kanseri-erken-tani-rehberi","status":"publish","type":"page","link":"https:\/\/www.kizbasina.com\/en\/meme-kanseri-erken-tani-rehberi\/","title":{"rendered":"Breast Cancer Early Diagnosis Guide"},"content":{"rendered":"<div data-elementor-type=\"wp-page\" data-elementor-id=\"496\" class=\"elementor elementor-496\">\n\t\t\t\t\t\t<section class=\"elementor-section elementor-top-section elementor-element elementor-element-d27911c elementor-section-full_width elementor-section-stretched elementor-section-height-default elementor-section-height-default\" data-id=\"d27911c\" data-element_type=\"section\" data-settings=\"{&quot;stretch_section&quot;:&quot;section-stretched&quot;}\">\n\t\t\t\t\t\t<div class=\"elementor-container elementor-column-gap-default\">\n\t\t\t\t\t<div class=\"elementor-column elementor-col-100 elementor-top-column elementor-element elementor-element-90058fe\" data-id=\"90058fe\" data-element_type=\"column\">\n\t\t\t<div class=\"elementor-widget-wrap elementor-element-populated\">\n\t\t\t\t\t\t\t<\/div>\n\t\t<\/div>\n\t\t\t\t\t<\/div>\n\t\t<\/section>\n\t\t\t\t<section class=\"elementor-section elementor-top-section elementor-element elementor-element-2e86047 elementor-section-boxed elementor-section-height-default elementor-section-height-default\" data-id=\"2e86047\" data-element_type=\"section\">\n\t\t\t\t\t\t<div class=\"elementor-container elementor-column-gap-default\">\n\t\t\t\t\t<div class=\"elementor-column elementor-col-100 elementor-top-column elementor-element elementor-element-f263221\" data-id=\"f263221\" data-element_type=\"column\">\n\t\t\t<div class=\"elementor-widget-wrap elementor-element-populated\">\n\t\t\t\t\t\t<div class=\"elementor-element elementor-element-09aa55f elementor-widget-divider--view-line elementor-widget elementor-widget-divider\" data-id=\"09aa55f\" data-element_type=\"widget\" data-widget_type=\"divider.default\">\n\t\t\t\t<div class=\"elementor-widget-container\">\n\t\t\t\t\t\t\t<div class=\"elementor-divider\">\n\t\t\t<span class=\"elementor-divider-separator\">\n\t\t\t\t\t\t<\/span>\n\t\t<\/div>\n\t\t\t\t\t\t<\/div>\n\t\t\t\t<\/div>\n\t\t\t\t\t<\/div>\n\t\t<\/div>\n\t\t\t\t\t<\/div>\n\t\t<\/section>\n\t\t\t\t<section class=\"elementor-section elementor-top-section elementor-element elementor-element-e295e32 elementor-section-boxed elementor-section-height-default elementor-section-height-default\" data-id=\"e295e32\" data-element_type=\"section\">\n\t\t\t\t\t\t<div class=\"elementor-container elementor-column-gap-default\">\n\t\t\t\t\t<div class=\"elementor-column elementor-col-100 elementor-top-column elementor-element elementor-element-d9f44e4\" data-id=\"d9f44e4\" data-element_type=\"column\">\n\t\t\t<div class=\"elementor-widget-wrap elementor-element-populated\">\n\t\t\t\t\t\t<div class=\"elementor-element elementor-element-811ed27 elementor-widget elementor-widget-text-editor\" data-id=\"811ed27\" data-element_type=\"widget\" data-widget_type=\"text-editor.default\">\n\t\t\t\t<div class=\"elementor-widget-container\">\n\t\t\t\t\t\t\t\t\t<div id=\"dflip_post_meta_box_shortcode\" class=\"postbox\"><div class=\"inside\"><div class=\"dflip-tabs normal-tabs\"><div id=\"dflip-tab-content-normal\" class=\"dflip-tab-content dflip-active\"><code><div class=\"_df_book df-lite\" id=\"df_1829\"  _slug=\"meme-kanseri\" data-title=\"meme-kanseri\" wpoptions=\"true\" thumbtype=\"\" ><\/div><script class=\"df-shortcode-script\" nowprocket type=\"application\/javascript\">window.option_df_1829 = {\"outline\":[],\"autoEnableOutline\":\"false\",\"autoEnableThumbnail\":\"false\",\"overwritePDFOutline\":\"false\",\"direction\":\"1\",\"pageSize\":\"0\",\"source\":\"https:\\\/\\\/www.kizbasina.com\\\/wp-content\\\/uploads\\\/2023\\\/04\\\/Meme-Kanseri-Erken-Tani-Rehberi-II.pdf\",\"wpOptions\":\"true\"}; if(window.DFLIP && window.DFLIP.parseBooks){window.DFLIP.parseBooks();}<\/script><\/code><\/div><\/div><\/div><\/div><div id=\"submitdiv\" class=\"postbox\"><div class=\"postbox-header\"><div class=\"handle-actions hide-if-no-js\">\u00a0<\/div><\/div><\/div>\t\t\t\t\t\t\t\t<\/div>\n\t\t\t\t<\/div>\n\t\t\t\t\t<\/div>\n\t\t<\/div>\n\t\t\t\t\t<\/div>\n\t\t<\/section>\n\t\t\t\t<section class=\"elementor-section elementor-top-section elementor-element elementor-element-95b698a elementor-section-boxed elementor-section-height-default elementor-section-height-default\" data-id=\"95b698a\" data-element_type=\"section\">\n\t\t\t\t\t\t<div class=\"elementor-container elementor-column-gap-default\">\n\t\t\t\t\t<div class=\"elementor-column elementor-col-100 elementor-top-column elementor-element elementor-element-da4cd71\" data-id=\"da4cd71\" data-element_type=\"column\">\n\t\t\t<div class=\"elementor-widget-wrap elementor-element-populated\">\n\t\t\t\t\t\t<div class=\"elementor-element elementor-element-cd8c787 elementor-align-right elementor-widget elementor-widget-button\" data-id=\"cd8c787\" data-element_type=\"widget\" data-widget_type=\"button.default\">\n\t\t\t\t<div class=\"elementor-widget-container\">\n\t\t\t\t\t\t\t\t\t<div class=\"elementor-button-wrapper\">\n\t\t\t\t\t<a class=\"elementor-button elementor-button-link elementor-size-sm\" href=\"http:\/\/melih.cloud\/wp-content\/uploads\/2023\/04\/Meme-Kanseri-Erken-Tani-Rehberi-II.pdf\">\n\t\t\t\t\t\t<span class=\"elementor-button-content-wrapper\">\n\t\t\t\t\t\t<span class=\"elementor-button-icon\">\n\t\t\t\t<i aria-hidden=\"true\" class=\"fas fa-download\"><\/i>\t\t\t<\/span>\n\t\t\t\t\t\t\t\t\t<span class=\"elementor-button-text\">Download<\/span>\n\t\t\t\t\t<\/span>\n\t\t\t\t\t<\/a>\n\t\t\t\t<\/div>\n\t\t\t\t\t\t\t\t<\/div>\n\t\t\t\t<\/div>\n\t\t\t\t\t<\/div>\n\t\t<\/div>\n\t\t\t\t\t<\/div>\n\t\t<\/section>\n\t\t\t\t<section class=\"elementor-section elementor-top-section elementor-element elementor-element-0cbfc10 elementor-section-boxed elementor-section-height-default elementor-section-height-default\" data-id=\"0cbfc10\" data-element_type=\"section\">\n\t\t\t\t\t\t<div class=\"elementor-container elementor-column-gap-default\">\n\t\t\t\t\t<div class=\"elementor-column elementor-col-100 elementor-top-column elementor-element elementor-element-aee26ba\" data-id=\"aee26ba\" data-element_type=\"column\">\n\t\t\t<div class=\"elementor-widget-wrap elementor-element-populated\">\n\t\t\t\t\t\t<div class=\"elementor-element elementor-element-a2aba86 elementor-widget elementor-widget-text-editor\" data-id=\"a2aba86\" data-element_type=\"widget\" data-widget_type=\"text-editor.default\">\n\t\t\t\t<div class=\"elementor-widget-container\">\n\t\t\t\t\t\t\t\t\t<h1 style=\"color: #ce4547;\">Meme Kanseri Erken Tan\u0131 Rehberinin yaz\u0131labilir\nformat\u0131n\u0131 indirmek i\u00e7in <a href=\"http:\/\/melih.cloud\/wp-content\/uploads\/2023\/04\/Meme-Kanseri-Erken-Tani-Rehberi-II.pdf\"><u> t\u0131klay\u0131n.<\/u><\/a><\/h1>\t\t\t\t\t\t\t\t<\/div>\n\t\t\t\t<\/div>\n\t\t\t\t\t<\/div>\n\t\t<\/div>\n\t\t\t\t\t<\/div>\n\t\t<\/section>\n\t\t\t\t<section class=\"elementor-section elementor-top-section elementor-element elementor-element-e3c15ec elementor-section-boxed elementor-section-height-default elementor-section-height-default\" data-id=\"e3c15ec\" data-element_type=\"section\">\n\t\t\t\t\t\t<div class=\"elementor-container elementor-column-gap-default\">\n\t\t\t\t\t<div class=\"elementor-column elementor-col-100 elementor-top-column elementor-element elementor-element-f2a3aa5\" data-id=\"f2a3aa5\" data-element_type=\"column\">\n\t\t\t<div class=\"elementor-widget-wrap elementor-element-populated\">\n\t\t\t\t\t\t<div class=\"elementor-element elementor-element-f6c893c elementor-widget-divider--view-line elementor-widget elementor-widget-divider\" data-id=\"f6c893c\" data-element_type=\"widget\" data-widget_type=\"divider.default\">\n\t\t\t\t<div class=\"elementor-widget-container\">\n\t\t\t\t\t\t\t<div class=\"elementor-divider\">\n\t\t\t<span class=\"elementor-divider-separator\">\n\t\t\t\t\t\t<\/span>\n\t\t<\/div>\n\t\t\t\t\t\t<\/div>\n\t\t\t\t<\/div>\n\t\t\t\t\t<\/div>\n\t\t<\/div>\n\t\t\t\t\t<\/div>\n\t\t<\/section>\n\t\t\t\t<section class=\"elementor-section elementor-top-section elementor-element elementor-element-f5c88a5 elementor-section-boxed elementor-section-height-default elementor-section-height-default\" data-id=\"f5c88a5\" data-element_type=\"section\">\n\t\t\t\t\t\t<div class=\"elementor-container elementor-column-gap-default\">\n\t\t\t\t\t<div class=\"elementor-column elementor-col-100 elementor-top-column elementor-element elementor-element-87dc756\" data-id=\"87dc756\" data-element_type=\"column\">\n\t\t\t<div class=\"elementor-widget-wrap elementor-element-populated\">\n\t\t\t\t\t\t<div class=\"elementor-element elementor-element-f69ec11 elementor-widget elementor-widget-text-editor\" data-id=\"f69ec11\" data-element_type=\"widget\" data-widget_type=\"text-editor.default\">\n\t\t\t\t<div class=\"elementor-widget-container\">\n\t\t\t\t\t\t\t\t\t<p>Meme kanserinde erken tan\u0131 hayati boyutta \u00f6nem ta\u015f\u0131maktad\u0131r.<br \/>2020 y\u0131l\u0131nda yakla\u015f\u0131k 2.3 milyon ki\u015fiye meme kanseri tan\u0131s\u0131 konulmu\u015ftur. Meme kanserinin ortalama tan\u0131 konma ya\u015f\u0131 53 olup erken ya\u015flarda tespit edilmesi, d\u00fczenli muayene ve taramalar ile meme kanseri ileri safhalara ge\u00e7meden \u00f6n\u00fcnde durabiliriz.<br \/>G\u00f6rsellerle a\u00e7\u0131klad\u0131\u011f\u0131m\u0131z elle muayene tekni\u011fini regl ba\u015flang\u0131c\u0131ndan 5-7 g\u00fcn sonra ayda bir defa tekrar ederek memenizdeki olas\u0131 de\u011fi\u015fiklikleri saptayabilir ve \u00e7ok ge\u00e7 olmadan doktorunuza dan\u0131\u015fabilirsiniz.<\/p>\t\t\t\t\t\t\t\t<\/div>\n\t\t\t\t<\/div>\n\t\t\t\t\t<\/div>\n\t\t<\/div>\n\t\t\t\t\t<\/div>\n\t\t<\/section>\n\t\t\t\t<section class=\"elementor-section elementor-top-section elementor-element elementor-element-987b353 elementor-section-boxed elementor-section-height-default elementor-section-height-default\" data-id=\"987b353\" data-element_type=\"section\">\n\t\t\t\t\t\t<div class=\"elementor-container elementor-column-gap-default\">\n\t\t\t\t\t<div class=\"elementor-column elementor-col-100 elementor-top-column elementor-element elementor-element-6017cb1\" data-id=\"6017cb1\" data-element_type=\"column\">\n\t\t\t<div class=\"elementor-widget-wrap elementor-element-populated\">\n\t\t\t\t\t\t<div class=\"elementor-element elementor-element-6ee29e0 elementor-widget elementor-widget-image\" data-id=\"6ee29e0\" data-element_type=\"widget\" data-widget_type=\"image.default\">\n\t\t\t\t<div class=\"elementor-widget-container\">\n\t\t\t\t\t\t\t\t\t\t\t\t\t\t\t<img fetchpriority=\"high\" decoding=\"async\" width=\"1024\" height=\"577\" src=\"https:\/\/www.kizbasina.com\/wp-content\/uploads\/2022\/12\/muayene-1024x577.png\" class=\"attachment-large size-large wp-image-1279\" alt=\"\" srcset=\"https:\/\/www.kizbasina.com\/wp-content\/uploads\/2022\/12\/muayene-1024x577.png 1024w, https:\/\/www.kizbasina.com\/wp-content\/uploads\/2022\/12\/muayene-300x169.png 300w, https:\/\/www.kizbasina.com\/wp-content\/uploads\/2022\/12\/muayene-768x433.png 768w, https:\/\/www.kizbasina.com\/wp-content\/uploads\/2022\/12\/muayene-360x203.png 360w, https:\/\/www.kizbasina.com\/wp-content\/uploads\/2022\/12\/muayene-373x210.png 373w, https:\/\/www.kizbasina.com\/wp-content\/uploads\/2022\/12\/muayene-80x45.png 80w, https:\/\/www.kizbasina.com\/wp-content\/uploads\/2022\/12\/muayene-620x349.png 620w, https:\/\/www.kizbasina.com\/wp-content\/uploads\/2022\/12\/muayene-460x259.png 460w, https:\/\/www.kizbasina.com\/wp-content\/uploads\/2022\/12\/muayene-365x206.png 365w, https:\/\/www.kizbasina.com\/wp-content\/uploads\/2022\/12\/muayene.png 1189w\" sizes=\"(max-width: 1024px) 100vw, 1024px\" \/>\t\t\t\t\t\t\t\t\t\t\t\t\t\t\t<\/div>\n\t\t\t\t<\/div>\n\t\t\t\t\t<\/div>\n\t\t<\/div>\n\t\t\t\t\t<\/div>\n\t\t<\/section>\n\t\t\t\t<\/div>","protected":false},"excerpt":{"rendered":"<p class=\"tx-excerpt\">\u00a0 Download Meme Kanseri Erken Tan\u0131 Rehberinin yaz\u0131labilir format\u0131n\u0131 indirmek i\u00e7in t\u0131klay\u0131n. Meme kanserinde erken tan\u0131 hayati boyutta \u00f6nem ta\u015f\u0131maktad\u0131r.2020 y\u0131l\u0131nda yakla\u015f\u0131k 2.3 milyon ki\u015fiye meme kanseri tan\u0131s\u0131 konulmu\u015ftur. Meme kanserinin ortalama tan\u0131 konma ya\u015f\u0131...<\/p>","protected":false},"author":1,"featured_media":0,"parent":0,"menu_order":0,"comment_status":"closed","ping_status":"closed","template":"","meta":{"footnotes":""},"class_list":["post-496","page","type-page","status-publish","hentry"],"_links":{"self":[{"href":"https:\/\/www.kizbasina.com\/en\/wp-json\/wp\/v2\/pages\/496","targetHints":{"allow":["GET"]}}],"collection":[{"href":"https:\/\/www.kizbasina.com\/en\/wp-json\/wp\/v2\/pages"}],"about":[{"href":"https:\/\/www.kizbasina.com\/en\/wp-json\/wp\/v2\/types\/page"}],"author":[{"embeddable":true,"href":"https:\/\/www.kizbasina.com\/en\/wp-json\/wp\/v2\/users\/1"}],"replies":[{"embeddable":true,"href":"https:\/\/www.kizbasina.com\/en\/wp-json\/wp\/v2\/comments?post=496"}],"version-history":[{"count":40,"href":"https:\/\/www.kizbasina.com\/en\/wp-json\/wp\/v2\/pages\/496\/revisions"}],"predecessor-version":[{"id":3797,"href":"https:\/\/www.kizbasina.com\/en\/wp-json\/wp\/v2\/pages\/496\/revisions\/3797"}],"wp:attachment":[{"href":"https:\/\/www.kizbasina.com\/en\/wp-json\/wp\/v2\/media?parent=496"}],"curies":[{"name":"wp","href":"https:\/\/api.w.org\/{rel}","templated":true}]}}