{"id":492,"date":"2022-12-13T08:34:26","date_gmt":"2022-12-13T08:34:26","guid":{"rendered":"https:\/\/www.kizbasina.com\/?page_id=492"},"modified":"2023-10-19T17:31:42","modified_gmt":"2023-10-19T17:31:42","slug":"cinsel-saldiri-yardim-rehberi","status":"publish","type":"page","link":"https:\/\/www.kizbasina.com\/en\/rehber\/cinsel-saldiri-yardim-rehberi\/","title":{"rendered":"Help Gu\u0130de About Sexual Assault"},"content":{"rendered":"<div data-elementor-type=\"wp-page\" data-elementor-id=\"492\" class=\"elementor elementor-492\">\n\t\t\t\t\t\t<section class=\"elementor-section elementor-top-section elementor-element elementor-element-bf15191 elementor-section-full_width elementor-section-stretched elementor-section-height-default elementor-section-height-default\" data-id=\"bf15191\" data-element_type=\"section\" data-settings=\"{&quot;stretch_section&quot;:&quot;section-stretched&quot;}\">\n\t\t\t\t\t\t<div class=\"elementor-container elementor-column-gap-default\">\n\t\t\t\t\t<div class=\"elementor-column elementor-col-100 elementor-top-column elementor-element elementor-element-cb97313\" data-id=\"cb97313\" data-element_type=\"column\">\n\t\t\t<div class=\"elementor-widget-wrap elementor-element-populated\">\n\t\t\t\t\t\t\t<\/div>\n\t\t<\/div>\n\t\t\t\t\t<\/div>\n\t\t<\/section>\n\t\t\t\t<section class=\"elementor-section elementor-top-section elementor-element elementor-element-103f3a3 elementor-section-full_width elementor-section-stretched elementor-section-height-default elementor-section-height-default\" data-id=\"103f3a3\" data-element_type=\"section\" data-settings=\"{&quot;stretch_section&quot;:&quot;section-stretched&quot;}\">\n\t\t\t\t\t\t<div class=\"elementor-container elementor-column-gap-default\">\n\t\t\t\t\t<div class=\"elementor-column elementor-col-100 elementor-top-column elementor-element elementor-element-3c4ec84\" data-id=\"3c4ec84\" data-element_type=\"column\">\n\t\t\t<div class=\"elementor-widget-wrap elementor-element-populated\">\n\t\t\t\t\t\t<div class=\"elementor-element elementor-element-efd6a78 elementor-widget-divider--view-line elementor-widget elementor-widget-divider\" data-id=\"efd6a78\" data-element_type=\"widget\" data-widget_type=\"divider.default\">\n\t\t\t\t<div class=\"elementor-widget-container\">\n\t\t\t\t\t\t\t<div class=\"elementor-divider\">\n\t\t\t<span class=\"elementor-divider-separator\">\n\t\t\t\t\t\t<\/span>\n\t\t<\/div>\n\t\t\t\t\t\t<\/div>\n\t\t\t\t<\/div>\n\t\t\t\t\t<\/div>\n\t\t<\/div>\n\t\t\t\t\t<\/div>\n\t\t<\/section>\n\t\t\t\t<section class=\"elementor-section elementor-top-section elementor-element elementor-element-3c2df93 elementor-section-boxed elementor-section-height-default elementor-section-height-default\" data-id=\"3c2df93\" data-element_type=\"section\">\n\t\t\t\t\t\t<div class=\"elementor-container elementor-column-gap-default\">\n\t\t\t\t\t<div class=\"elementor-column elementor-col-100 elementor-top-column elementor-element elementor-element-1053248\" data-id=\"1053248\" data-element_type=\"column\">\n\t\t\t<div class=\"elementor-widget-wrap elementor-element-populated\">\n\t\t\t\t\t\t<div class=\"elementor-element elementor-element-aa10690 elementor-widget elementor-widget-eael-adv-accordion\" data-id=\"aa10690\" data-element_type=\"widget\" data-widget_type=\"eael-adv-accordion.default\">\n\t\t\t\t<div class=\"elementor-widget-container\">\n\t\t\t\t\t        <div class=\"eael-adv-accordion\" id=\"eael-adv-accordion-aa10690\" data-scroll-on-click=\"no\" data-scroll-speed=\"300\" data-accordion-id=\"aa10690\" data-accordion-type=\"accordion\" data-toogle-speed=\"300\">\n    <div class=\"eael-accordion-list\">\n                <div id=\"taciz-nedir-cinsel-saldr-nedir\" class=\"elementor-tab-title eael-accordion-header\" tabindex=\"0\" data-tab=\"1\" aria-controls=\"elementor-tab-content-1781\"><span class=\"eael-advanced-accordion-icon-closed\"><i aria-hidden=\"true\" class=\"fa-accordion-icon fas fa-plus\"><\/i><\/span><span class=\"eael-advanced-accordion-icon-opened\"><i aria-hidden=\"true\" class=\"fa-accordion-icon fas fa-minus\"><\/i><\/span><div class=\"eael-accordion-tab-title\">Taciz nedir, cinsel sald\u0131r\u0131 nedir?<\/div><\/div><div id=\"elementor-tab-content-1781\" class=\"eael-accordion-content clearfix\" data-tab=\"1\" aria-labelledby=\"taciz-nedir-cinsel-saldr-nedir\"><p>\u00d6\u011frenciniz Can\u2019\u0131n, haftasonu yapt\u0131\u011f\u0131 h\u0131rs\u0131zl\u0131ktan \u00f6t\u00fcr\u00fc babas\u0131n\u0131n kendisini kemerle d\u00f6vd\u00fc\u011f\u00fcn\u00fc di\u011fer \u00f6\u011frencilere anlatt\u0131\u011f\u0131na kulak misafiri oldunuz. Can\u2019\u0131 kenara \u00e7ektiniz ve duyduklar\u0131n\u0131z\u0131 ona sordunuz. T\u0131bbi bir muayene olabilece\u011fini s\u00f6ylediniz, o da kabul etti. Muayene sonucu Can\u2019\u0131n v\u00fccudunda herhangi bir yara bere veya izi bulunmad\u0131. Can\u2019\u0131n babas\u0131n\u0131 arad\u0131n\u0131z ve babas\u0131 da o\u011flunu h\u0131rs\u0131zl\u0131k yapt\u0131\u011f\u0131 i\u00e7in cezaland\u0131rmak amac\u0131yla kemerle d\u00f6vd\u00fc\u011f\u00fcn\u00fc onaylad\u0131. Can\u2019\u0131n babas\u0131 onu her zamanki gibi okuldan almaya geldi ve Can babas\u0131n\u0131 g\u00f6rd\u00fc\u011f\u00fc i\u00e7in mutlu g\u00f6r\u00fcn\u00fcyordu.<\/p><\/div>\n                <\/div><div class=\"eael-accordion-list\">\n                <div id=\"cinsel-sular-nelerdir\" class=\"elementor-tab-title eael-accordion-header\" tabindex=\"0\" data-tab=\"2\" aria-controls=\"elementor-tab-content-1782\"><span class=\"eael-advanced-accordion-icon-closed\"><i aria-hidden=\"true\" class=\"fa-accordion-icon fas fa-plus\"><\/i><\/span><span class=\"eael-advanced-accordion-icon-opened\"><i aria-hidden=\"true\" class=\"fa-accordion-icon fas fa-minus\"><\/i><\/span><div class=\"eael-accordion-tab-title\">Cinsel su\u00e7lar nelerdir?<\/div><\/div><div id=\"elementor-tab-content-1782\" class=\"eael-accordion-content clearfix\" data-tab=\"2\" aria-labelledby=\"cinsel-sular-nelerdir\"><p>TEST TEST TEST TEST TEST TEST TEST<\/p><\/div>\n                <\/div><div class=\"eael-accordion-list\">\n                <div id=\"cinsel-su-maduruyum-ne-yapmalym\" class=\"elementor-tab-title eael-accordion-header active-default\" tabindex=\"0\" data-tab=\"3\" aria-controls=\"elementor-tab-content-1783\"><span class=\"eael-advanced-accordion-icon-closed\"><i aria-hidden=\"true\" class=\"fa-accordion-icon fas fa-plus\"><\/i><\/span><span class=\"eael-advanced-accordion-icon-opened\"><i aria-hidden=\"true\" class=\"fa-accordion-icon fas fa-minus\"><\/i><\/span><div class=\"eael-accordion-tab-title\">Cinsel su\u00e7 ma\u011fduruyum, ne yapmal\u0131y\u0131m?<\/div><\/div><div id=\"elementor-tab-content-1783\" class=\"eael-accordion-content clearfix active-default\" data-tab=\"3\" aria-labelledby=\"cinsel-su-maduruyum-ne-yapmalym\"><p>\u2022 \u00d6ncelikle size kar\u015f\u0131 yap\u0131lan her eylemin bir su\u00e7 oldu\u011funun fark\u0131na var\u0131n. \u0130\u015flenen hi\u00e7bir su\u00e7tan siz sorumlu de\u011filsiniz, bunu unutmay\u0131n.<br \/>\u2022 Su\u00e7 duyurusunda bulunmak yap\u0131lacak en iyi \u015feydir. Bu y\u00fczden kan\u0131tlar\u0131n kaybolmamas\u0131 i\u00e7in k\u0131yafetlerinizi y\u0131kamay\u0131n ve m\u00fcmk\u00fcnse du\u015f almay\u0131n.<br \/>\u2022 Bir doktora ba\u015fvurarak sald\u0131r\u0131 an\u0131nda darp edildi\u011finize dair rapor alabilirsiniz. Korkmadan ve utanmadan bir doktora ba\u015fvurun ve doktorun her sorusunu a\u00e7\u0131k\u00e7a cevaplay\u0131n. Unutmay\u0131n bu su\u00e7un ma\u011fduru sizsiniz. Ald\u0131\u011f\u0131n\u0131z darp raporu \u00fc\u00e7\u00fcnc\u00fc ki\u015filerle r\u0131zan\u0131z d\u0131\u015f\u0131 payla\u015f\u0131lmaz.<br \/>\u2022 Su\u00e7u kan\u0131tlayamamaktan korkmay\u0131n. Elinizde bulunan sa\u011fl\u0131k raporu ve kan\u0131tlar durumu a\u00e7\u0131klayacakt\u0131r. En \u00f6nemli kan\u0131t sizsiniz ve HUKUK VE YASALAR KADININ YANINDADIR.<br \/>\u2022 Kendinizi iyi hissetmek i\u00e7in kendinize yak\u0131n g\u00f6rd\u00fc\u011f\u00fcn\u00fcz bir tan\u0131d\u0131\u011f\u0131n\u0131za durumu anlatabilirsiniz. Unutmay\u0131n bu da ayn\u0131 h\u0131rs\u0131zl\u0131k su\u00e7u gibi bir su\u00e7. Utan\u0131lacak ya da \u00e7ekinilecek bir durum yok.<br \/>\u2022 Ya\u015fad\u0131\u011f\u0131n\u0131z travmay\u0131 tek ba\u015f\u0131n\u0131za atlatman\u0131z zor olabilir. Psikolojik destek almak s\u00fcreci atlatmada size \u00e7ok yard\u0131mc\u0131 olacakt\u0131r.<\/p><\/div>\n                <\/div><div class=\"eael-accordion-list\">\n                <div id=\"sosyal-medya-zerinden-cinsel-tacize-maruz-kalyorum-ne-yapmalym\" class=\"elementor-tab-title eael-accordion-header\" tabindex=\"0\" data-tab=\"4\" aria-controls=\"elementor-tab-content-1784\"><span class=\"eael-advanced-accordion-icon-closed\"><i aria-hidden=\"true\" class=\"fa-accordion-icon fas fa-plus\"><\/i><\/span><span class=\"eael-advanced-accordion-icon-opened\"><i aria-hidden=\"true\" class=\"fa-accordion-icon fas fa-minus\"><\/i><\/span><div class=\"eael-accordion-tab-title\">Sosyal medya \u00fczerinden cinsel tacize maruz kal\u0131yorum, ne yapmal\u0131y\u0131m?<\/div><\/div><div id=\"elementor-tab-content-1784\" class=\"eael-accordion-content clearfix\" data-tab=\"4\" aria-labelledby=\"sosyal-medya-zerinden-cinsel-tacize-maruz-kalyorum-ne-yapmalym\"><p>TEST TEST TEST TEST TEST TEST TEST<\/p><\/div>\n                <\/div><div class=\"eael-accordion-list\">\n                <div id=\"nerelere-bavurabilirim\" class=\"elementor-tab-title eael-accordion-header\" tabindex=\"0\" data-tab=\"5\" aria-controls=\"elementor-tab-content-1785\"><span class=\"eael-advanced-accordion-icon-closed\"><i aria-hidden=\"true\" class=\"fa-accordion-icon fas fa-plus\"><\/i><\/span><span class=\"eael-advanced-accordion-icon-opened\"><i aria-hidden=\"true\" class=\"fa-accordion-icon fas fa-minus\"><\/i><\/span><div class=\"eael-accordion-tab-title\">Nerelere ba\u015fvurabilirim?<\/div><\/div><div id=\"elementor-tab-content-1785\" class=\"eael-accordion-content clearfix\" data-tab=\"5\" aria-labelledby=\"nerelere-bavurabilirim\">Lorem ipsum dolor sit amet, consectetur adipisicing elit. Optio, neque qui velit. Magni dolorum quidem ipsam eligendi, totam, facilis laudantium cum accusamus ullam voluptatibus commodi numquam, error, est. Ea, consequatur.<\/div>\n                <\/div><div class=\"eael-accordion-list\">\n                <div id=\"cinsel-tacize-uram-biri-nasl-desteklenmelidir\" class=\"elementor-tab-title eael-accordion-header\" tabindex=\"0\" data-tab=\"6\" aria-controls=\"elementor-tab-content-1786\"><span class=\"eael-advanced-accordion-icon-closed\"><i aria-hidden=\"true\" class=\"fa-accordion-icon fas fa-plus\"><\/i><\/span><span class=\"eael-advanced-accordion-icon-opened\"><i aria-hidden=\"true\" class=\"fa-accordion-icon fas fa-minus\"><\/i><\/span><div class=\"eael-accordion-tab-title\">Cinsel tacize u\u011fram\u0131\u015f biri nas\u0131l desteklenmelidir?<\/div><\/div><div id=\"elementor-tab-content-1786\" class=\"eael-accordion-content clearfix\" data-tab=\"6\" aria-labelledby=\"cinsel-tacize-uram-biri-nasl-desteklenmelidir\">Lorem ipsum dolor sit amet, consectetur adipisicing elit. Optio, neque qui velit. Magni dolorum quidem ipsam eligendi, totam, facilis laudantium cum accusamus ullam voluptatibus commodi numquam, error, est. Ea, consequatur.<\/div>\n                <\/div><\/div>\t\t\t\t<\/div>\n\t\t\t\t<\/div>\n\t\t\t\t\t<\/div>\n\t\t<\/div>\n\t\t\t\t\t<\/div>\n\t\t<\/section>\n\t\t\t\t<\/div>","protected":false},"excerpt":{"rendered":"<p class=\"tx-excerpt\">Taciz nedir, cinsel sald\u0131r\u0131 nedir? \u00d6\u011frenciniz Can\u2019\u0131n, haftasonu yapt\u0131\u011f\u0131 h\u0131rs\u0131zl\u0131ktan \u00f6t\u00fcr\u00fc babas\u0131n\u0131n kendisini kemerle d\u00f6vd\u00fc\u011f\u00fcn\u00fc di\u011fer \u00f6\u011frencilere anlatt\u0131\u011f\u0131na kulak misafiri oldunuz. Can\u2019\u0131 kenara \u00e7ektiniz ve duyduklar\u0131n\u0131z\u0131 ona sordunuz. T\u0131bbi bir muayene olabilece\u011fini s\u00f6ylediniz, o da...<\/p>","protected":false},"author":1,"featured_media":0,"parent":486,"menu_order":0,"comment_status":"closed","ping_status":"closed","template":"","meta":{"footnotes":""},"class_list":["post-492","page","type-page","status-publish","hentry"],"_links":{"self":[{"href":"https:\/\/www.kizbasina.com\/en\/wp-json\/wp\/v2\/pages\/492","targetHints":{"allow":["GET"]}}],"collection":[{"href":"https:\/\/www.kizbasina.com\/en\/wp-json\/wp\/v2\/pages"}],"about":[{"href":"https:\/\/www.kizbasina.com\/en\/wp-json\/wp\/v2\/types\/page"}],"author":[{"embeddable":true,"href":"https:\/\/www.kizbasina.com\/en\/wp-json\/wp\/v2\/users\/1"}],"replies":[{"embeddable":true,"href":"https:\/\/www.kizbasina.com\/en\/wp-json\/wp\/v2\/comments?post=492"}],"version-history":[{"count":8,"href":"https:\/\/www.kizbasina.com\/en\/wp-json\/wp\/v2\/pages\/492\/revisions"}],"predecessor-version":[{"id":1823,"href":"https:\/\/www.kizbasina.com\/en\/wp-json\/wp\/v2\/pages\/492\/revisions\/1823"}],"up":[{"embeddable":true,"href":"https:\/\/www.kizbasina.com\/en\/wp-json\/wp\/v2\/pages\/486"}],"wp:attachment":[{"href":"https:\/\/www.kizbasina.com\/en\/wp-json\/wp\/v2\/media?parent=492"}],"curies":[{"name":"wp","href":"https:\/\/api.w.org\/{rel}","templated":true}]}}