{"id":474,"date":"2022-12-13T08:32:23","date_gmt":"2022-12-13T08:32:23","guid":{"rendered":"https:\/\/www.kizbasina.com\/?page_id=474"},"modified":"2023-11-02T18:12:53","modified_gmt":"2023-11-02T18:12:53","slug":"capli-vakfi","status":"publish","type":"page","link":"https:\/\/www.kizbasina.com\/en\/capli-vakfi\/","title":{"rendered":"\u00c7apl\u0131 Foundation"},"content":{"rendered":"<div data-elementor-type=\"wp-page\" data-elementor-id=\"474\" class=\"elementor elementor-474\">\n\t\t\t\t\t\t<section class=\"elementor-section elementor-top-section elementor-element elementor-element-270417b elementor-section-boxed elementor-section-height-default elementor-section-height-default\" data-id=\"270417b\" data-element_type=\"section\">\n\t\t\t\t\t\t<div class=\"elementor-container elementor-column-gap-default\">\n\t\t\t\t\t<div class=\"elementor-column elementor-col-100 elementor-top-column elementor-element elementor-element-b67180f\" data-id=\"b67180f\" data-element_type=\"column\">\n\t\t\t<div class=\"elementor-widget-wrap elementor-element-populated\">\n\t\t\t\t\t\t<div class=\"elementor-element elementor-element-e91ec2f elementor-widget elementor-widget-heading\" data-id=\"e91ec2f\" data-element_type=\"widget\" data-widget_type=\"heading.default\">\n\t\t\t\t<div class=\"elementor-widget-container\">\n\t\t\t\t\t<h1 class=\"elementor-heading-title elementor-size-default\">\u00c7APLI FOUNDATION<\/h1>\t\t\t\t<\/div>\n\t\t\t\t<\/div>\n\t\t\t\t\t<\/div>\n\t\t<\/div>\n\t\t\t\t\t<\/div>\n\t\t<\/section>\n\t\t\t\t<section class=\"elementor-section elementor-top-section elementor-element elementor-element-0fe3439 elementor-section-full_width elementor-section-height-default elementor-section-height-default\" data-id=\"0fe3439\" data-element_type=\"section\">\n\t\t\t\t\t\t<div class=\"elementor-container elementor-column-gap-default\">\n\t\t\t\t\t<div class=\"elementor-column elementor-col-100 elementor-top-column elementor-element elementor-element-481f8f4\" data-id=\"481f8f4\" data-element_type=\"column\">\n\t\t\t<div class=\"elementor-widget-wrap elementor-element-populated\">\n\t\t\t\t\t\t<div class=\"elementor-element elementor-element-0bf1cc9 elementor-widget-divider--view-line elementor-widget elementor-widget-divider\" data-id=\"0bf1cc9\" data-element_type=\"widget\" data-widget_type=\"divider.default\">\n\t\t\t\t<div class=\"elementor-widget-container\">\n\t\t\t\t\t\t\t<div class=\"elementor-divider\">\n\t\t\t<span class=\"elementor-divider-separator\">\n\t\t\t\t\t\t<\/span>\n\t\t<\/div>\n\t\t\t\t\t\t<\/div>\n\t\t\t\t<\/div>\n\t\t\t\t\t<\/div>\n\t\t<\/div>\n\t\t\t\t\t<\/div>\n\t\t<\/section>\n\t\t\t\t<section class=\"elementor-section elementor-top-section elementor-element elementor-element-240fc46 elementor-section-boxed elementor-section-height-default elementor-section-height-default\" data-id=\"240fc46\" data-element_type=\"section\">\n\t\t\t\t\t\t<div class=\"elementor-container elementor-column-gap-default\">\n\t\t\t\t\t<div class=\"elementor-column elementor-col-100 elementor-top-column elementor-element elementor-element-f993d29\" data-id=\"f993d29\" data-element_type=\"column\">\n\t\t\t<div class=\"elementor-widget-wrap elementor-element-populated\">\n\t\t\t\t\t\t<div class=\"elementor-element elementor-element-0973a74 elementor-widget elementor-widget-heading\" data-id=\"0973a74\" data-element_type=\"widget\" data-widget_type=\"heading.default\">\n\t\t\t\t<div class=\"elementor-widget-container\">\n\t\t\t\t\t<h3 class=\"elementor-heading-title elementor-size-default\">About Us<\/h3>\t\t\t\t<\/div>\n\t\t\t\t<\/div>\n\t\t\t\t\t<\/div>\n\t\t<\/div>\n\t\t\t\t\t<\/div>\n\t\t<\/section>\n\t\t\t\t<section class=\"elementor-section elementor-top-section elementor-element elementor-element-6496365 elementor-section-boxed elementor-section-height-default elementor-section-height-default\" data-id=\"6496365\" data-element_type=\"section\">\n\t\t\t\t\t\t<div class=\"elementor-container elementor-column-gap-default\">\n\t\t\t\t\t<div class=\"elementor-column elementor-col-100 elementor-top-column elementor-element elementor-element-80ea104\" data-id=\"80ea104\" data-element_type=\"column\">\n\t\t\t<div class=\"elementor-widget-wrap elementor-element-populated\">\n\t\t\t\t\t\t<div class=\"elementor-element elementor-element-94d56cf elementor-widget elementor-widget-text-editor\" data-id=\"94d56cf\" data-element_type=\"widget\" data-widget_type=\"text-editor.default\">\n\t\t\t\t<div class=\"elementor-widget-container\">\n\t\t\t\t\t\t\t\t\t<div><p>The \u00c7apl\u0131 Foundation brings out current social problems and phenomena, especially discrimination and violence based on gender inequality, and conducts studies intended at the economic, cultural and scientific development of individuals in society. In addition, the \u00c7apl\u0131 Foundation aims to develop and increase the influence of a non- governmental organization called K\u0131zBa\u015f\u0131na, which was specifically established to show ways to help women and girls who have been subjected to violence and harassment, and to make them strong individuals.<\/p><p>For this purpose, the foundation works on empowering women in society, women\u2019s rights, children\u2019s rights, human rights and animal rights, creating strategies to protect the general mental and physical health of the woman or child who has been subjected to violence, supporting the growth of young and emerging female artists in this field and the creation of masterpieces that are specific to the local culture, transferring the professional knowledge of experts on related subjects to the society by using visual and written media, other communication organs such as publishing, and social media tools. Finally, the \u00c7apl\u0131 Foundation aims to be a pioneer in technology fields by realizing research-development, projects and activities for the production of original technological systems and components.<\/p><\/div>\t\t\t\t\t\t\t\t<\/div>\n\t\t\t\t<\/div>\n\t\t\t\t\t<\/div>\n\t\t<\/div>\n\t\t\t\t\t<\/div>\n\t\t<\/section>\n\t\t\t\t<section class=\"elementor-section elementor-top-section elementor-element elementor-element-cca5046 elementor-section-full_width elementor-section-height-default elementor-section-height-default\" data-id=\"cca5046\" data-element_type=\"section\">\n\t\t\t\t\t\t<div class=\"elementor-container elementor-column-gap-default\">\n\t\t\t\t\t<div class=\"elementor-column elementor-col-100 elementor-top-column elementor-element elementor-element-689c7b4\" data-id=\"689c7b4\" data-element_type=\"column\">\n\t\t\t<div class=\"elementor-widget-wrap elementor-element-populated\">\n\t\t\t\t\t\t<div class=\"elementor-element elementor-element-4f0289d elementor-widget-divider--view-line elementor-widget elementor-widget-divider\" data-id=\"4f0289d\" data-element_type=\"widget\" data-widget_type=\"divider.default\">\n\t\t\t\t<div class=\"elementor-widget-container\">\n\t\t\t\t\t\t\t<div class=\"elementor-divider\">\n\t\t\t<span class=\"elementor-divider-separator\">\n\t\t\t\t\t\t<\/span>\n\t\t<\/div>\n\t\t\t\t\t\t<\/div>\n\t\t\t\t<\/div>\n\t\t\t\t\t<\/div>\n\t\t<\/div>\n\t\t\t\t\t<\/div>\n\t\t<\/section>\n\t\t\t\t<section class=\"elementor-section elementor-top-section elementor-element elementor-element-9523712 elementor-section-boxed elementor-section-height-default elementor-section-height-default\" data-id=\"9523712\" data-element_type=\"section\">\n\t\t\t\t\t\t<div class=\"elementor-container elementor-column-gap-default\">\n\t\t\t\t\t<div class=\"elementor-column elementor-col-100 elementor-top-column elementor-element elementor-element-57a5a6c\" data-id=\"57a5a6c\" data-element_type=\"column\">\n\t\t\t<div class=\"elementor-widget-wrap elementor-element-populated\">\n\t\t\t\t\t\t<div class=\"elementor-element elementor-element-0971039 elementor-widget elementor-widget-heading\" data-id=\"0971039\" data-element_type=\"widget\" data-widget_type=\"heading.default\">\n\t\t\t\t<div class=\"elementor-widget-container\">\n\t\t\t\t\t<h3 class=\"elementor-heading-title elementor-size-default\">Our Founders<\/h3>\t\t\t\t<\/div>\n\t\t\t\t<\/div>\n\t\t\t\t\t<\/div>\n\t\t<\/div>\n\t\t\t\t\t<\/div>\n\t\t<\/section>\n\t\t\t\t<section class=\"elementor-section elementor-top-section elementor-element elementor-element-a018d8c elementor-section-boxed elementor-section-height-default elementor-section-height-default\" data-id=\"a018d8c\" data-element_type=\"section\">\n\t\t\t\t\t\t<div class=\"elementor-container elementor-column-gap-default\">\n\t\t\t\t\t<div class=\"elementor-column elementor-col-50 elementor-top-column elementor-element elementor-element-22948d8\" data-id=\"22948d8\" data-element_type=\"column\">\n\t\t\t<div class=\"elementor-widget-wrap elementor-element-populated\">\n\t\t\t\t\t\t<div class=\"elementor-element elementor-element-0ced0b7 elementor-widget__width-initial elementor-widget elementor-widget-image\" data-id=\"0ced0b7\" data-element_type=\"widget\" data-widget_type=\"image.default\">\n\t\t\t\t<div class=\"elementor-widget-container\">\n\t\t\t\t\t\t\t\t\t\t\t\t\t\t\t<img fetchpriority=\"high\" decoding=\"async\" width=\"1024\" height=\"1024\" src=\"https:\/\/www.kizbasina.com\/wp-content\/uploads\/2023\/11\/Yesim-Capli-1024x1024.png\" class=\"attachment-large size-large wp-image-3699\" alt=\"\" srcset=\"https:\/\/www.kizbasina.com\/wp-content\/uploads\/2023\/11\/Yesim-Capli-1024x1024.png 1024w, https:\/\/www.kizbasina.com\/wp-content\/uploads\/2023\/11\/Yesim-Capli-300x300.png 300w, https:\/\/www.kizbasina.com\/wp-content\/uploads\/2023\/11\/Yesim-Capli-150x150.png 150w, https:\/\/www.kizbasina.com\/wp-content\/uploads\/2023\/11\/Yesim-Capli-768x768.png 768w, https:\/\/www.kizbasina.com\/wp-content\/uploads\/2023\/11\/Yesim-Capli-12x12.png 12w, https:\/\/www.kizbasina.com\/wp-content\/uploads\/2023\/11\/Yesim-Capli-525x525.png 525w, https:\/\/www.kizbasina.com\/wp-content\/uploads\/2023\/11\/Yesim-Capli-360x360.png 360w, https:\/\/www.kizbasina.com\/wp-content\/uploads\/2023\/11\/Yesim-Capli-373x373.png 373w, https:\/\/www.kizbasina.com\/wp-content\/uploads\/2023\/11\/Yesim-Capli-80x80.png 80w, https:\/\/www.kizbasina.com\/wp-content\/uploads\/2023\/11\/Yesim-Capli-620x620.png 620w, https:\/\/www.kizbasina.com\/wp-content\/uploads\/2023\/11\/Yesim-Capli-460x460.png 460w, https:\/\/www.kizbasina.com\/wp-content\/uploads\/2023\/11\/Yesim-Capli-365x365.png 365w, https:\/\/www.kizbasina.com\/wp-content\/uploads\/2023\/11\/Yesim-Capli.png 1080w\" sizes=\"(max-width: 1024px) 100vw, 1024px\" \/>\t\t\t\t\t\t\t\t\t\t\t\t\t\t\t<\/div>\n\t\t\t\t<\/div>\n\t\t\t\t\t<\/div>\n\t\t<\/div>\n\t\t\t\t<div class=\"elementor-column elementor-col-50 elementor-top-column elementor-element elementor-element-ea3eadb\" data-id=\"ea3eadb\" data-element_type=\"column\">\n\t\t\t<div class=\"elementor-widget-wrap elementor-element-populated\">\n\t\t\t\t\t\t<div class=\"elementor-element elementor-element-2dda461 elementor-widget__width-initial elementor-widget elementor-widget-text-editor\" data-id=\"2dda461\" data-element_type=\"widget\" data-widget_type=\"text-editor.default\">\n\t\t\t\t<div class=\"elementor-widget-container\">\n\t\t\t\t\t\t\t\t\t<h1 style=\"color: #ce4547;\">\u00a0 Ye\u015fim \u00c7apl\u0131<\/h1><div><p>In 1986, Ye\u015fim \u00c7apl\u0131 completed her undergraduate program at Hacettepe University in the field of Economics and in 1996, her master\u2019s program at Middle East Technical University, in the field of Political Science and Public Administration. In 2017, with the awareness of the need to combat all kinds of violence against women, she found K\u0131zBa\u015f\u0131na. In 2018, she helped K\u0131zBa\u015f\u0131na to receive \u201cWinner of Honorable Mention\u201d from the Peer to Peer Facebook Global Digital Challenge with \u201cEmpowered Women at Work\u201d project and in 2019 to receive grand prize from the same competition with \u201cDigital Carnation\u201d project. Currently, she is a lecturer at METU\/G\u0130SAM, and her teaching interests include broadcast journalism, media policies, political economy of international media.<\/p><\/div>\t\t\t\t\t\t\t\t<\/div>\n\t\t\t\t<\/div>\n\t\t\t\t\t<\/div>\n\t\t<\/div>\n\t\t\t\t\t<\/div>\n\t\t<\/section>\n\t\t\t\t<section class=\"elementor-section elementor-top-section elementor-element elementor-element-618600b elementor-section-boxed elementor-section-height-default elementor-section-height-default\" data-id=\"618600b\" data-element_type=\"section\">\n\t\t\t\t\t\t<div class=\"elementor-container elementor-column-gap-default\">\n\t\t\t\t\t<div class=\"elementor-column elementor-col-50 elementor-top-column elementor-element elementor-element-129186b\" data-id=\"129186b\" data-element_type=\"column\">\n\t\t\t<div class=\"elementor-widget-wrap elementor-element-populated\">\n\t\t\t\t\t\t<div class=\"elementor-element elementor-element-bd0ec23 elementor-widget__width-initial elementor-widget elementor-widget-image\" data-id=\"bd0ec23\" data-element_type=\"widget\" data-widget_type=\"image.default\">\n\t\t\t\t<div class=\"elementor-widget-container\">\n\t\t\t\t\t\t\t\t\t\t\t\t\t\t\t<img decoding=\"async\" width=\"1024\" height=\"1024\" src=\"https:\/\/www.kizbasina.com\/wp-content\/uploads\/2023\/11\/Berke-Capli-1024x1024.png\" class=\"attachment-large size-large wp-image-3701\" alt=\"\" srcset=\"https:\/\/www.kizbasina.com\/wp-content\/uploads\/2023\/11\/Berke-Capli-1024x1024.png 1024w, https:\/\/www.kizbasina.com\/wp-content\/uploads\/2023\/11\/Berke-Capli-300x300.png 300w, https:\/\/www.kizbasina.com\/wp-content\/uploads\/2023\/11\/Berke-Capli-150x150.png 150w, https:\/\/www.kizbasina.com\/wp-content\/uploads\/2023\/11\/Berke-Capli-768x768.png 768w, https:\/\/www.kizbasina.com\/wp-content\/uploads\/2023\/11\/Berke-Capli-12x12.png 12w, https:\/\/www.kizbasina.com\/wp-content\/uploads\/2023\/11\/Berke-Capli-525x525.png 525w, https:\/\/www.kizbasina.com\/wp-content\/uploads\/2023\/11\/Berke-Capli-360x360.png 360w, https:\/\/www.kizbasina.com\/wp-content\/uploads\/2023\/11\/Berke-Capli-373x373.png 373w, https:\/\/www.kizbasina.com\/wp-content\/uploads\/2023\/11\/Berke-Capli-80x80.png 80w, https:\/\/www.kizbasina.com\/wp-content\/uploads\/2023\/11\/Berke-Capli-620x620.png 620w, https:\/\/www.kizbasina.com\/wp-content\/uploads\/2023\/11\/Berke-Capli-460x460.png 460w, https:\/\/www.kizbasina.com\/wp-content\/uploads\/2023\/11\/Berke-Capli-365x365.png 365w, https:\/\/www.kizbasina.com\/wp-content\/uploads\/2023\/11\/Berke-Capli.png 1080w\" sizes=\"(max-width: 1024px) 100vw, 1024px\" \/>\t\t\t\t\t\t\t\t\t\t\t\t\t\t\t<\/div>\n\t\t\t\t<\/div>\n\t\t\t\t\t<\/div>\n\t\t<\/div>\n\t\t\t\t<div class=\"elementor-column elementor-col-50 elementor-top-column elementor-element elementor-element-a1433f8\" data-id=\"a1433f8\" data-element_type=\"column\">\n\t\t\t<div class=\"elementor-widget-wrap elementor-element-populated\">\n\t\t\t\t\t\t<div class=\"elementor-element elementor-element-34f655c elementor-widget__width-initial elementor-widget elementor-widget-text-editor\" data-id=\"34f655c\" data-element_type=\"widget\" data-widget_type=\"text-editor.default\">\n\t\t\t\t<div class=\"elementor-widget-container\">\n\t\t\t\t\t\t\t\t\t<h1 style=\"color: #ce4547;\">\u00a0 Berke \u00c7apl\u0131<\/h1><div><p>In 2012, Berke \u00c7apl\u0131 completed his undergraduate education in 'Economics and Political Science' at the University of Essex. In 2017, he became the Founding Coordinator of K\u0131zBa\u015f\u0131na. In 2018, under the Peer to Peer Facebook Global Digital Challenge, K\u0131zBa\u015f\u0131na's Supporting Women Entrepreneurs Project was awarded the \"Winner of Honorable Mention\" award. In 2019, he supported as a project consultant when the \"Digital Carnation\" project, prepared within the same competition, won the first prize. In addition, he made significant contributions to the project design phases of the \"Future Leader Legal Professionals Project\", which is a first of its kind in Turkey, and the \"Legal Guide for Fighting Violence Against Women\" online training, which has registered over 5,000 students as of 2022. He assisted K\u0131zBa\u015f\u0131na in being deemed worthy of the \"Outstanding Service and Success Award\" by the Ankara NGOs Platform and in becoming a member of the Ankara City Council. He is currently coordinating numerous projects launched under K\u0131zBa\u015f\u0131na to combat violence against women and hate speech.<\/p><\/div>\t\t\t\t\t\t\t\t<\/div>\n\t\t\t\t<\/div>\n\t\t\t\t\t<\/div>\n\t\t<\/div>\n\t\t\t\t\t<\/div>\n\t\t<\/section>\n\t\t\t\t<section class=\"elementor-section elementor-top-section elementor-element elementor-element-8e21bc7 elementor-section-boxed elementor-section-height-default elementor-section-height-default\" data-id=\"8e21bc7\" data-element_type=\"section\">\n\t\t\t\t\t\t<div class=\"elementor-container elementor-column-gap-default\">\n\t\t\t\t\t<div class=\"elementor-column elementor-col-50 elementor-top-column elementor-element elementor-element-550d5a8\" data-id=\"550d5a8\" data-element_type=\"column\">\n\t\t\t<div class=\"elementor-widget-wrap elementor-element-populated\">\n\t\t\t\t\t\t<div class=\"elementor-element elementor-element-ebc0647 elementor-widget elementor-widget-image\" data-id=\"ebc0647\" data-element_type=\"widget\" data-widget_type=\"image.default\">\n\t\t\t\t<div class=\"elementor-widget-container\">\n\t\t\t\t\t\t\t\t\t\t\t\t\t\t\t<img decoding=\"async\" width=\"1024\" height=\"1024\" src=\"https:\/\/www.kizbasina.com\/wp-content\/uploads\/2023\/11\/Burak-Capli-1024x1024.png\" class=\"attachment-large size-large wp-image-3700\" alt=\"\" srcset=\"https:\/\/www.kizbasina.com\/wp-content\/uploads\/2023\/11\/Burak-Capli-1024x1024.png 1024w, https:\/\/www.kizbasina.com\/wp-content\/uploads\/2023\/11\/Burak-Capli-300x300.png 300w, https:\/\/www.kizbasina.com\/wp-content\/uploads\/2023\/11\/Burak-Capli-150x150.png 150w, https:\/\/www.kizbasina.com\/wp-content\/uploads\/2023\/11\/Burak-Capli-768x768.png 768w, https:\/\/www.kizbasina.com\/wp-content\/uploads\/2023\/11\/Burak-Capli-12x12.png 12w, https:\/\/www.kizbasina.com\/wp-content\/uploads\/2023\/11\/Burak-Capli-525x525.png 525w, https:\/\/www.kizbasina.com\/wp-content\/uploads\/2023\/11\/Burak-Capli-360x360.png 360w, https:\/\/www.kizbasina.com\/wp-content\/uploads\/2023\/11\/Burak-Capli-373x373.png 373w, https:\/\/www.kizbasina.com\/wp-content\/uploads\/2023\/11\/Burak-Capli-80x80.png 80w, https:\/\/www.kizbasina.com\/wp-content\/uploads\/2023\/11\/Burak-Capli-620x620.png 620w, https:\/\/www.kizbasina.com\/wp-content\/uploads\/2023\/11\/Burak-Capli-460x460.png 460w, https:\/\/www.kizbasina.com\/wp-content\/uploads\/2023\/11\/Burak-Capli-365x365.png 365w, https:\/\/www.kizbasina.com\/wp-content\/uploads\/2023\/11\/Burak-Capli.png 1080w\" sizes=\"(max-width: 1024px) 100vw, 1024px\" \/>\t\t\t\t\t\t\t\t\t\t\t\t\t\t\t<\/div>\n\t\t\t\t<\/div>\n\t\t\t\t\t<\/div>\n\t\t<\/div>\n\t\t\t\t<div class=\"elementor-column elementor-col-50 elementor-top-column elementor-element elementor-element-0e78d6f\" data-id=\"0e78d6f\" data-element_type=\"column\">\n\t\t\t<div class=\"elementor-widget-wrap elementor-element-populated\">\n\t\t\t\t\t\t<div class=\"elementor-element elementor-element-1a5a413 elementor-widget elementor-widget-text-editor\" data-id=\"1a5a413\" data-element_type=\"widget\" data-widget_type=\"text-editor.default\">\n\t\t\t\t<div class=\"elementor-widget-container\">\n\t\t\t\t\t\t\t\t\t<h1 style=\"color: #ce4547;\">\u00a0 Burak \u00c7apl\u0131<\/h1><div><p>Burak is the Co-Founder &amp; CEO of Radius Tech, a London-based Consumer Intelligence provider that focuses on introducing disruptive data-driven technologies specifically for managing and operating commercial real estate. Radius aims to identify the gaps and define the opportunities in the market that arise from the misalignment between new-generation consumer expectations real estate asset operators and investors. From as early as 19 years old Burak was involved in cutting-edge innovations, from the first commercialized 3D Chocolate Printer to representing InnovateUK and The Department of International Trade as part of a trade and innovation envoy to India. He also contributed to Transport for London\u2019s Modernisation of the Four Line (4LM) where he analysed passenger behaviour in response to safety measures, paving his way to utilising data insights for understanding human behaviour. At its core Burak\u2019s work harmonizes the virtues of big-data, artificial intelligence, and human intuition whilst building upon an in-depth understanding of social media and the dynamics of human interaction.<\/p><\/div>\t\t\t\t\t\t\t\t<\/div>\n\t\t\t\t<\/div>\n\t\t\t\t\t<\/div>\n\t\t<\/div>\n\t\t\t\t\t<\/div>\n\t\t<\/section>\n\t\t\t\t<section class=\"elementor-section elementor-top-section elementor-element elementor-element-24e99b7 elementor-section-boxed elementor-section-height-default elementor-section-height-default\" data-id=\"24e99b7\" data-element_type=\"section\">\n\t\t\t\t\t\t<div class=\"elementor-container elementor-column-gap-default\">\n\t\t\t\t\t<div class=\"elementor-column elementor-col-100 elementor-top-column elementor-element elementor-element-fbce907\" data-id=\"fbce907\" data-element_type=\"column\">\n\t\t\t<div class=\"elementor-widget-wrap\">\n\t\t\t\t\t\t\t<\/div>\n\t\t<\/div>\n\t\t\t\t\t<\/div>\n\t\t<\/section>\n\t\t\t\t<\/div>","protected":false},"excerpt":{"rendered":"<p class=\"tx-excerpt\">\u00c7APLI VAKFI Hakk\u0131m\u0131zda \u00c7apl\u0131 Vakf\u0131, toplumsal cinsiyet e\u015fitsizli\u011fine dayal\u0131 ayr\u0131mc\u0131l\u0131k ve \u015fiddet ba\u015fta olmak \u00fczere, g\u00fcncel toplumsal sorunlar ile olgular\u0131 g\u00f6r\u00fcn\u00fcr k\u0131lar ve bireylerin toplum i\u00e7erisinde ekonomik, k\u00fclt\u00fcrel ve bilimsel olarak geli\u015fmesine y\u00f6nelik \u00e7al\u0131\u015fmalar y\u00fcr\u00fct\u00fcr....<\/p>","protected":false},"author":1,"featured_media":0,"parent":0,"menu_order":0,"comment_status":"closed","ping_status":"closed","template":"","meta":{"footnotes":""},"class_list":["post-474","page","type-page","status-publish","hentry"],"_links":{"self":[{"href":"https:\/\/www.kizbasina.com\/en\/wp-json\/wp\/v2\/pages\/474","targetHints":{"allow":["GET"]}}],"collection":[{"href":"https:\/\/www.kizbasina.com\/en\/wp-json\/wp\/v2\/pages"}],"about":[{"href":"https:\/\/www.kizbasina.com\/en\/wp-json\/wp\/v2\/types\/page"}],"author":[{"embeddable":true,"href":"https:\/\/www.kizbasina.com\/en\/wp-json\/wp\/v2\/users\/1"}],"replies":[{"embeddable":true,"href":"https:\/\/www.kizbasina.com\/en\/wp-json\/wp\/v2\/comments?post=474"}],"version-history":[{"count":37,"href":"https:\/\/www.kizbasina.com\/en\/wp-json\/wp\/v2\/pages\/474\/revisions"}],"predecessor-version":[{"id":3704,"href":"https:\/\/www.kizbasina.com\/en\/wp-json\/wp\/v2\/pages\/474\/revisions\/3704"}],"wp:attachment":[{"href":"https:\/\/www.kizbasina.com\/en\/wp-json\/wp\/v2\/media?parent=474"}],"curies":[{"name":"wp","href":"https:\/\/api.w.org\/{rel}","templated":true}]}}