{"id":4404,"date":"2026-01-20T19:39:34","date_gmt":"2026-01-20T19:39:34","guid":{"rendered":"https:\/\/www.kizbasina.com\/?page_id=4404"},"modified":"2026-01-20T20:23:50","modified_gmt":"2026-01-20T20:23:50","slug":"hpvyi-konusalim","status":"publish","type":"page","link":"https:\/\/www.kizbasina.com\/en\/projeler\/hpvyi-konusalim\/","title":{"rendered":"HPV&#8217;yi Konu\u015fal\u0131m"},"content":{"rendered":"<div data-elementor-type=\"wp-page\" data-elementor-id=\"4404\" class=\"elementor elementor-4404\">\n\t\t\t\t\t\t<section class=\"elementor-section elementor-top-section elementor-element elementor-element-962599c elementor-section-full_width elementor-section-stretched elementor-section-height-default elementor-section-height-default\" data-id=\"962599c\" data-element_type=\"section\" data-settings=\"{&quot;stretch_section&quot;:&quot;section-stretched&quot;}\">\n\t\t\t\t\t\t<div class=\"elementor-container elementor-column-gap-default\">\n\t\t\t\t\t<div class=\"elementor-column elementor-col-100 elementor-top-column elementor-element elementor-element-b697880\" data-id=\"b697880\" data-element_type=\"column\">\n\t\t\t<div class=\"elementor-widget-wrap elementor-element-populated\">\n\t\t\t\t\t\t\t<\/div>\n\t\t<\/div>\n\t\t\t\t\t<\/div>\n\t\t<\/section>\n\t\t\t\t<section class=\"elementor-section elementor-top-section elementor-element elementor-element-9defea7 elementor-section-full_width elementor-section-stretched elementor-section-height-default elementor-section-height-default\" data-id=\"9defea7\" data-element_type=\"section\" data-settings=\"{&quot;stretch_section&quot;:&quot;section-stretched&quot;}\">\n\t\t\t\t\t\t<div class=\"elementor-container elementor-column-gap-default\">\n\t\t\t\t\t<div class=\"elementor-column elementor-col-100 elementor-top-column elementor-element elementor-element-ba7a2a2\" data-id=\"ba7a2a2\" data-element_type=\"column\">\n\t\t\t<div class=\"elementor-widget-wrap elementor-element-populated\">\n\t\t\t\t\t\t<div class=\"elementor-element elementor-element-9b20714 elementor-widget-mobile__width-initial elementor-widget-divider--view-line elementor-widget elementor-widget-divider\" data-id=\"9b20714\" data-element_type=\"widget\" data-widget_type=\"divider.default\">\n\t\t\t\t<div class=\"elementor-widget-container\">\n\t\t\t\t\t\t\t<div class=\"elementor-divider\">\n\t\t\t<span class=\"elementor-divider-separator\">\n\t\t\t\t\t\t<\/span>\n\t\t<\/div>\n\t\t\t\t\t\t<\/div>\n\t\t\t\t<\/div>\n\t\t\t\t\t<\/div>\n\t\t<\/div>\n\t\t\t\t\t<\/div>\n\t\t<\/section>\n\t\t\t\t<section class=\"elementor-section elementor-top-section elementor-element elementor-element-82c2e7b elementor-section-boxed elementor-section-height-default elementor-section-height-default\" data-id=\"82c2e7b\" data-element_type=\"section\">\n\t\t\t\t\t\t<div class=\"elementor-container elementor-column-gap-default\">\n\t\t\t\t\t<div class=\"elementor-column elementor-col-100 elementor-top-column elementor-element elementor-element-9d2fc37\" data-id=\"9d2fc37\" data-element_type=\"column\">\n\t\t\t<div class=\"elementor-widget-wrap elementor-element-populated\">\n\t\t\t\t\t\t<div class=\"elementor-element elementor-element-a8ca197 elementor-widget__width-inherit elementor-widget-mobile__width-inherit elementor-widget elementor-widget-text-editor\" data-id=\"a8ca197\" data-element_type=\"widget\" data-widget_type=\"text-editor.default\">\n\t\t\t\t<div class=\"elementor-widget-container\">\n\t\t\t\t\t\t\t\t\t<p data-start=\"208\" data-end=\"222\"><strong>Project Name:<\/strong> HPV\u2019yi Konu\u015fal\u0131m<\/p><p data-start=\"245\" data-end=\"264\"><strong>Project Purpose: <\/strong>HPV\u2019yi Konu\u015fal\u0131m Projesi, toplumda hala tabu olarak g\u00f6r\u00fclen Human Papilloma Vir\u00fcs\u00fc (HPV) hakk\u0131nda do\u011fru, bilimsel ve eri\u015filebilir bilgiyi yayg\u0131nla\u015ft\u0131rmay\u0131 ama\u00e7lamaktad\u0131r. Proje; HPV\u2019ye dair yanl\u0131\u015f ve eksik bilgileri g\u00f6r\u00fcn\u00fcr k\u0131larak, \u00f6zellikle gen\u00e7ler aras\u0131nda fark\u0131ndal\u0131k yaratmay\u0131 hedeflemektedir.<\/p><p data-start=\"671\" data-end=\"816\">K\u0131zBa\u015f\u0131na, bu proje ile HPV\u2019yi korkulacak de\u011fil, konu\u015fulacak bir konu haline getirerek toplumsal sa\u011fl\u0131k okuryazarl\u0131\u011f\u0131n\u0131 art\u0131rmay\u0131 ama\u00e7lamaktad\u0131r.<\/p><p data-start=\"818\" data-end=\"839\"><strong>Project Scope: <\/strong>HPV\u2019yi Konu\u015fal\u0131m Projesi, K\u0131zBa\u015f\u0131na taraf\u0131ndan y\u00fcr\u00fct\u00fclen ve toplum temelli fark\u0131ndal\u0131k \u00e7al\u0131\u015fmalar\u0131n\u0131 merkeze alan bir halk sa\u011fl\u0131\u011f\u0131 ve toplumsal cinsiyet e\u015fitli\u011fi projesidir. Proje kapsam\u0131nda, HPV\u2019ye ili\u015fkin do\u011fru bilgilerin sade ve anla\u015f\u0131l\u0131r bir dille payla\u015f\u0131lmas\u0131, yanl\u0131\u015f bilgilerin d\u00fczeltilmesi ve bireylerin HPV fark\u0131ndal\u0131\u011f\u0131 konusunda g\u00fc\u00e7lendirilmesi hedeflenmektedir.\u00a0<\/p><p data-start=\"1284\" data-end=\"1300\"><strong>Target Audience: <\/strong>HPV\u2019yi Konu\u015fal\u0131m Projesi; ba\u015fta gen\u00e7 kad\u0131nlar ve gen\u00e7 erkekler olmak \u00fczere, HPV hakk\u0131nda bilgiye eri\u015fimi s\u0131n\u0131rl\u0131 olan t\u00fcm bireyleri hedeflemektedir. \u00d6zellikle gen\u00e7ler, \u00f6\u011frenciler ve toplumsal cinsiyet temelli sa\u011fl\u0131k e\u015fitsizliklerinden etkilenen gruplar \u00f6nceliklidir. Proje, herkes i\u00e7in kapsay\u0131c\u0131 ve yarg\u0131lay\u0131c\u0131 olmayan bir dil benimsemektedir.<\/p><p data-start=\"1650\" data-end=\"1667\"><strong>Project Activities: <\/strong>HPV\u2019yi Konu\u015fal\u0131m Projesi, fark\u0131ndal\u0131k ve bilgiye eri\u015fimi art\u0131rmaya y\u00f6nelik \u00e7ok a\u015famal\u0131 bir yolculuk olarak tasarlanm\u0131\u015ft\u0131r:<\/p><ul data-start=\"1792\" data-end=\"2497\"><li data-start=\"1792\" data-end=\"1958\"><p data-start=\"1794\" data-end=\"1958\"><strong data-start=\"1794\" data-end=\"1817\">Sokak R\u00f6portajlar\u0131:<\/strong> Projenin ilk ad\u0131m\u0131 olarak sahaya \u00e7\u0131k\u0131larak HPV hakk\u0131nda sorular sorulmu\u015f, toplumdaki bilgi d\u00fczeyi ve yayg\u0131n yanl\u0131\u015flar g\u00f6r\u00fcn\u00fcr k\u0131l\u0131nm\u0131\u015ft\u0131r.<\/p><\/li><li data-start=\"1959\" data-end=\"2144\"><p data-start=\"1961\" data-end=\"2144\"><strong data-start=\"1961\" data-end=\"1987\">Fark\u0131ndal\u0131k Videolar\u0131:<\/strong> Sokak r\u00f6portajlar\u0131nda verilen yanl\u0131\u015f, eksik veya karars\u0131z yan\u0131tlar; do\u011fru ve bilimsel bilgilerle kar\u015f\u0131la\u015ft\u0131r\u0131larak dijital platformlarda payla\u015f\u0131lmaktad\u0131r.<\/p><\/li><li data-start=\"2145\" data-end=\"2328\"><p data-start=\"2147\" data-end=\"2328\"><strong data-start=\"2147\" data-end=\"2173\">Uzman Hekim Videolar\u0131:<\/strong> Alan\u0131nda uzman hekimlerin katk\u0131s\u0131yla HPV, bula\u015f yollar\u0131, korunma y\u00f6ntemleri hakk\u0131nda g\u00fcvenilir bilgi i\u00e7eren videolar haz\u0131rlanacakt\u0131r.<\/p><\/li><li data-start=\"2329\" data-end=\"2497\"><p data-start=\"2331\" data-end=\"2497\"><strong data-start=\"2331\" data-end=\"2358\">Dijital Yayg\u0131nla\u015ft\u0131rma:<\/strong> \u00dcretilen i\u00e7erikler K\u0131zBa\u015f\u0131na\u2019n\u0131n web sitesi ve sosyal medya kanallar\u0131 \u00fczerinden yayg\u0131nla\u015ft\u0131r\u0131larak geni\u015f kitlelere ula\u015fmas\u0131 sa\u011flanacakt\u0131r.<\/p><\/li><\/ul><p data-start=\"2499\" data-end=\"2534\"><strong>Project Impacts: <\/strong>Proje ile; HPV hakk\u0131nda yanl\u0131\u015f ve eksik bilgilerin azalt\u0131lmas\u0131, do\u011fru bilginin yayg\u0131nla\u015ft\u0131r\u0131lmas\u0131 ve bireylerin kendi sa\u011fl\u0131klar\u0131 konusunda bilin\u00e7li kararlar alabilmeleri hedeflenmektedir. HPV\u2019yi Konu\u015fal\u0131m Projesi, erken fark\u0131ndal\u0131k yoluyla korunma y\u00f6ntemlerinin kullan\u0131m\u0131n\u0131 te\u015fvik ederek uzun vadede HPV\u2019ye ba\u011fl\u0131 hastal\u0131klar\u0131n \u00f6nlenmesine katk\u0131 sunmay\u0131 ama\u00e7lamaktad\u0131r.<\/p><p data-start=\"2907\" data-end=\"3072\">Ayn\u0131 zamanda proje, toplumsal tabular\u0131 k\u0131rarak sa\u011fl\u0131k konular\u0131n\u0131n a\u00e7\u0131k\u00e7a konu\u015fulabildi\u011fi daha bilin\u00e7li ve dayan\u0131\u015fmac\u0131 bir toplumsal yap\u0131 olu\u015fturmay\u0131 hedeflemektedir.<\/p><p data-start=\"3074\" data-end=\"3100\"><strong>Project Timeline: <\/strong>HPV\u2019yi Konu\u015fal\u0131m Projesi Kas\u0131m 2025 d\u00f6neminde ba\u015flam\u0131\u015f olup Mart 2026 y\u0131l\u0131 i\u00e7erisinde tamamlanacakt\u0131r. Dijital i\u00e7erikler ve fark\u0131ndal\u0131k \u00e7al\u0131\u015fmalar\u0131 proje s\u00fcresi boyunca ve sonras\u0131nda da eri\u015filebilir olmaya devam edecektir. Projenin etkisinin uzun vadede s\u00fcrmesi hedeflenmektedir.<\/p><p data-start=\"3350\" data-end=\"3385\"><strong>Nas\u0131l Ba\u011flant\u0131 Kurabilirsiniz?<\/strong><\/p><p data-start=\"3386\" data-end=\"3664\">HPV\u2019yi Konu\u015fal\u0131m Projesi hakk\u0131nda daha fazla bilgi almak, i\u00e7erikleri takip etmek ve \u00e7al\u0131\u015fmalar\u0131 desteklemek i\u00e7in K\u0131zBa\u015f\u0131na\u2019n\u0131n sosyal medya hesaplar\u0131n\u0131 takip edebilirsiniz.<\/p><p data-start=\"3666\" data-end=\"3756\" data-is-last-node=\"\" data-is-only-node=\"\">Birlikte, HPV\u2019yi konu\u015farak g\u00fc\u00e7lenebilir ve sa\u011fl\u0131\u011fa eri\u015fimi herkes i\u00e7in m\u00fcmk\u00fcn k\u0131labiliriz.<\/p>\t\t\t\t\t\t\t\t<\/div>\n\t\t\t\t<\/div>\n\t\t\t\t\t<\/div>\n\t\t<\/div>\n\t\t\t\t\t<\/div>\n\t\t<\/section>\n\t\t\t\t<section class=\"elementor-section elementor-top-section elementor-element elementor-element-4d820b6 elementor-section-boxed elementor-section-height-default elementor-section-height-default\" data-id=\"4d820b6\" data-element_type=\"section\">\n\t\t\t\t\t\t<div class=\"elementor-container elementor-column-gap-default\">\n\t\t\t\t\t<div class=\"elementor-column elementor-col-50 elementor-top-column elementor-element elementor-element-dd079b5\" data-id=\"dd079b5\" data-element_type=\"column\">\n\t\t\t<div class=\"elementor-widget-wrap elementor-element-populated\">\n\t\t\t\t\t\t<div class=\"elementor-element elementor-element-6611977 elementor-widget elementor-widget-video\" data-id=\"6611977\" data-element_type=\"widget\" data-settings=\"{&quot;youtube_url&quot;:&quot;https:\\\/\\\/www.youtube.com\\\/shorts\\\/1R1k72sHvyo&quot;,&quot;video_type&quot;:&quot;youtube&quot;,&quot;controls&quot;:&quot;yes&quot;}\" data-widget_type=\"video.default\">\n\t\t\t\t<div class=\"elementor-widget-container\">\n\t\t\t\t\t\t\t<div class=\"elementor-wrapper elementor-open-inline\">\n\t\t\t<div class=\"elementor-video\"><\/div>\t\t<\/div>\n\t\t\t\t\t\t<\/div>\n\t\t\t\t<\/div>\n\t\t\t\t\t<\/div>\n\t\t<\/div>\n\t\t\t\t<div class=\"elementor-column elementor-col-50 elementor-top-column elementor-element elementor-element-8e51df3\" data-id=\"8e51df3\" data-element_type=\"column\">\n\t\t\t<div class=\"elementor-widget-wrap elementor-element-populated\">\n\t\t\t\t\t\t<div class=\"elementor-element elementor-element-fa41d91 elementor-widget elementor-widget-video\" data-id=\"fa41d91\" data-element_type=\"widget\" data-settings=\"{&quot;youtube_url&quot;:&quot;https:\\\/\\\/www.youtube.com\\\/watch?v=ywtutQXifok&quot;,&quot;video_type&quot;:&quot;youtube&quot;,&quot;controls&quot;:&quot;yes&quot;}\" data-widget_type=\"video.default\">\n\t\t\t\t<div class=\"elementor-widget-container\">\n\t\t\t\t\t\t\t<div class=\"elementor-wrapper elementor-open-inline\">\n\t\t\t<div class=\"elementor-video\"><\/div>\t\t<\/div>\n\t\t\t\t\t\t<\/div>\n\t\t\t\t<\/div>\n\t\t\t\t\t<\/div>\n\t\t<\/div>\n\t\t\t\t\t<\/div>\n\t\t<\/section>\n\t\t\t\t<section class=\"elementor-section elementor-top-section elementor-element elementor-element-107ba04 elementor-section-boxed elementor-section-height-default elementor-section-height-default\" data-id=\"107ba04\" data-element_type=\"section\">\n\t\t\t\t\t\t<div class=\"elementor-container elementor-column-gap-default\">\n\t\t\t\t\t<div class=\"elementor-column elementor-col-100 elementor-top-column elementor-element elementor-element-4a15a60\" data-id=\"4a15a60\" data-element_type=\"column\">\n\t\t\t<div class=\"elementor-widget-wrap elementor-element-populated\">\n\t\t\t\t\t\t<div class=\"elementor-element elementor-element-70dcb85 elementor-widget-divider--view-line elementor-widget elementor-widget-divider\" data-id=\"70dcb85\" data-element_type=\"widget\" data-widget_type=\"divider.default\">\n\t\t\t\t<div class=\"elementor-widget-container\">\n\t\t\t\t\t\t\t<div class=\"elementor-divider\">\n\t\t\t<span class=\"elementor-divider-separator\">\n\t\t\t\t\t\t<\/span>\n\t\t<\/div>\n\t\t\t\t\t\t<\/div>\n\t\t\t\t<\/div>\n\t\t\t\t\t<\/div>\n\t\t<\/div>\n\t\t\t\t\t<\/div>\n\t\t<\/section>\n\t\t\t\t<section class=\"elementor-section elementor-top-section elementor-element elementor-element-b2a7bc0 elementor-section-boxed elementor-section-height-default elementor-section-height-default\" data-id=\"b2a7bc0\" data-element_type=\"section\">\n\t\t\t\t\t\t<div class=\"elementor-container elementor-column-gap-default\">\n\t\t\t\t\t<div class=\"elementor-column elementor-col-50 elementor-top-column elementor-element elementor-element-d5bb3af\" data-id=\"d5bb3af\" data-element_type=\"column\">\n\t\t\t<div class=\"elementor-widget-wrap elementor-element-populated\">\n\t\t\t\t\t\t<div class=\"elementor-element elementor-element-3829409 elementor-widget__width-initial elementor-widget elementor-widget-text-editor\" data-id=\"3829409\" data-element_type=\"widget\" data-widget_type=\"text-editor.default\">\n\t\t\t\t<div class=\"elementor-widget-container\">\n\t\t\t\t\t\t\t\t\t<p><img decoding=\"async\" class=\"wp-image-4406 alignnone\" src=\"https:\/\/www.kizbasina.com\/wp-content\/uploads\/2026\/01\/MSD_logo_logotype-300x119.png\" alt=\"\" width=\"124\" height=\"49\" srcset=\"https:\/\/www.kizbasina.com\/wp-content\/uploads\/2026\/01\/MSD_logo_logotype-300x119.png 300w, https:\/\/www.kizbasina.com\/wp-content\/uploads\/2026\/01\/MSD_logo_logotype-1024x406.png 1024w, https:\/\/www.kizbasina.com\/wp-content\/uploads\/2026\/01\/MSD_logo_logotype-768x305.png 768w, https:\/\/www.kizbasina.com\/wp-content\/uploads\/2026\/01\/MSD_logo_logotype-1536x609.png 1536w, https:\/\/www.kizbasina.com\/wp-content\/uploads\/2026\/01\/MSD_logo_logotype-2048x813.png 2048w, https:\/\/www.kizbasina.com\/wp-content\/uploads\/2026\/01\/MSD_logo_logotype-18x7.png 18w, https:\/\/www.kizbasina.com\/wp-content\/uploads\/2026\/01\/MSD_logo_logotype-360x143.png 360w, https:\/\/www.kizbasina.com\/wp-content\/uploads\/2026\/01\/MSD_logo_logotype-373x148.png 373w, https:\/\/www.kizbasina.com\/wp-content\/uploads\/2026\/01\/MSD_logo_logotype-620x246.png 620w, https:\/\/www.kizbasina.com\/wp-content\/uploads\/2026\/01\/MSD_logo_logotype-460x183.png 460w, https:\/\/www.kizbasina.com\/wp-content\/uploads\/2026\/01\/MSD_logo_logotype-365x145.png 365w\" sizes=\"(max-width: 124px) 100vw, 124px\" \/><\/p>\t\t\t\t\t\t\t\t<\/div>\n\t\t\t\t<\/div>\n\t\t\t\t\t<\/div>\n\t\t<\/div>\n\t\t\t\t<div class=\"elementor-column elementor-col-50 elementor-top-column elementor-element elementor-element-2860985\" data-id=\"2860985\" data-element_type=\"column\">\n\t\t\t<div class=\"elementor-widget-wrap elementor-element-populated\">\n\t\t\t\t\t\t<div class=\"elementor-element elementor-element-f21c366 elementor-widget__width-initial elementor-widget elementor-widget-text-editor\" data-id=\"f21c366\" data-element_type=\"widget\" data-widget_type=\"text-editor.default\">\n\t\t\t\t<div class=\"elementor-widget-container\">\n\t\t\t\t\t\t\t\t\t<p><strong>&#8220;HPV&#8217;yi Konu\u015fal\u0131m&#8221; projesi, MSD\u2019nin ko\u015fulsuz destekleriyle\u00a0hayata ge\u00e7irilmektedir.<\/strong><\/p>\t\t\t\t\t\t\t\t<\/div>\n\t\t\t\t<\/div>\n\t\t\t\t\t<\/div>\n\t\t<\/div>\n\t\t\t\t\t<\/div>\n\t\t<\/section>\n\t\t\t\t<\/div>","protected":false},"excerpt":{"rendered":"<p class=\"tx-excerpt\">Proje Ad\u0131: HPV\u2019yi Konu\u015fal\u0131m Projenin Amac\u0131: HPV\u2019yi Konu\u015fal\u0131m Projesi, toplumda hala tabu olarak g\u00f6r\u00fclen Human Papilloma Vir\u00fcs\u00fc (HPV) hakk\u0131nda do\u011fru, bilimsel ve eri\u015filebilir bilgiyi yayg\u0131nla\u015ft\u0131rmay\u0131 ama\u00e7lamaktad\u0131r. Proje; HPV\u2019ye dair yanl\u0131\u015f ve eksik bilgileri g\u00f6r\u00fcn\u00fcr k\u0131larak,...<\/p>","protected":false},"author":1,"featured_media":0,"parent":484,"menu_order":0,"comment_status":"closed","ping_status":"closed","template":"","meta":{"footnotes":""},"class_list":["post-4404","page","type-page","status-publish","hentry"],"_links":{"self":[{"href":"https:\/\/www.kizbasina.com\/en\/wp-json\/wp\/v2\/pages\/4404","targetHints":{"allow":["GET"]}}],"collection":[{"href":"https:\/\/www.kizbasina.com\/en\/wp-json\/wp\/v2\/pages"}],"about":[{"href":"https:\/\/www.kizbasina.com\/en\/wp-json\/wp\/v2\/types\/page"}],"author":[{"embeddable":true,"href":"https:\/\/www.kizbasina.com\/en\/wp-json\/wp\/v2\/users\/1"}],"replies":[{"embeddable":true,"href":"https:\/\/www.kizbasina.com\/en\/wp-json\/wp\/v2\/comments?post=4404"}],"version-history":[{"count":7,"href":"https:\/\/www.kizbasina.com\/en\/wp-json\/wp\/v2\/pages\/4404\/revisions"}],"predecessor-version":[{"id":4413,"href":"https:\/\/www.kizbasina.com\/en\/wp-json\/wp\/v2\/pages\/4404\/revisions\/4413"}],"up":[{"embeddable":true,"href":"https:\/\/www.kizbasina.com\/en\/wp-json\/wp\/v2\/pages\/484"}],"wp:attachment":[{"href":"https:\/\/www.kizbasina.com\/en\/wp-json\/wp\/v2\/media?parent=4404"}],"curies":[{"name":"wp","href":"https:\/\/api.w.org\/{rel}","templated":true}]}}