{"id":4235,"date":"2024-05-23T13:11:04","date_gmt":"2024-05-23T13:11:04","guid":{"rendered":"https:\/\/www.kizbasina.com\/?page_id=4235"},"modified":"2024-05-23T13:46:27","modified_gmt":"2024-05-23T13:46:27","slug":"esitlik-icin-dijital-adimlar-nefret-soylemi-ile-mucadele-projesi","status":"publish","type":"page","link":"https:\/\/www.kizbasina.com\/en\/projeler\/esitlik-icin-dijital-adimlar-nefret-soylemi-ile-mucadele-projesi\/","title":{"rendered":"E\u015fitlik \u0130\u00e7in Dijital Ad\u0131mlar: Nefret S\u00f6ylemi ile M\u00fccadele Projesi"},"content":{"rendered":"<div data-elementor-type=\"wp-page\" data-elementor-id=\"4235\" class=\"elementor elementor-4235\">\n\t\t\t\t\t\t<section class=\"elementor-section elementor-top-section elementor-element elementor-element-962599c elementor-section-full_width elementor-section-stretched elementor-section-height-default elementor-section-height-default\" data-id=\"962599c\" data-element_type=\"section\" data-settings=\"{&quot;stretch_section&quot;:&quot;section-stretched&quot;}\">\n\t\t\t\t\t\t<div class=\"elementor-container elementor-column-gap-default\">\n\t\t\t\t\t<div class=\"elementor-column elementor-col-100 elementor-top-column elementor-element elementor-element-b697880\" data-id=\"b697880\" data-element_type=\"column\">\n\t\t\t<div class=\"elementor-widget-wrap elementor-element-populated\">\n\t\t\t\t\t\t\t<\/div>\n\t\t<\/div>\n\t\t\t\t\t<\/div>\n\t\t<\/section>\n\t\t\t\t<section class=\"elementor-section elementor-top-section elementor-element elementor-element-9defea7 elementor-section-full_width elementor-section-stretched elementor-section-height-default elementor-section-height-default\" data-id=\"9defea7\" data-element_type=\"section\" data-settings=\"{&quot;stretch_section&quot;:&quot;section-stretched&quot;}\">\n\t\t\t\t\t\t<div class=\"elementor-container elementor-column-gap-default\">\n\t\t\t\t\t<div class=\"elementor-column elementor-col-100 elementor-top-column elementor-element elementor-element-ba7a2a2\" data-id=\"ba7a2a2\" data-element_type=\"column\">\n\t\t\t<div class=\"elementor-widget-wrap elementor-element-populated\">\n\t\t\t\t\t\t<div class=\"elementor-element elementor-element-9b20714 elementor-widget-divider--view-line elementor-widget elementor-widget-divider\" data-id=\"9b20714\" data-element_type=\"widget\" data-widget_type=\"divider.default\">\n\t\t\t\t<div class=\"elementor-widget-container\">\n\t\t\t\t\t\t\t<div class=\"elementor-divider\">\n\t\t\t<span class=\"elementor-divider-separator\">\n\t\t\t\t\t\t<\/span>\n\t\t<\/div>\n\t\t\t\t\t\t<\/div>\n\t\t\t\t<\/div>\n\t\t\t\t\t<\/div>\n\t\t<\/div>\n\t\t\t\t\t<\/div>\n\t\t<\/section>\n\t\t\t\t<section class=\"elementor-section elementor-top-section elementor-element elementor-element-c020358 elementor-section-boxed elementor-section-height-default elementor-section-height-default\" data-id=\"c020358\" data-element_type=\"section\">\n\t\t\t\t\t\t<div class=\"elementor-container elementor-column-gap-default\">\n\t\t\t\t\t<div class=\"elementor-column elementor-col-100 elementor-top-column elementor-element elementor-element-2cbbaa8\" data-id=\"2cbbaa8\" data-element_type=\"column\">\n\t\t\t<div class=\"elementor-widget-wrap elementor-element-populated\">\n\t\t\t\t\t\t<div class=\"elementor-element elementor-element-64e8652 elementor-widget elementor-widget-text-editor\" data-id=\"64e8652\" data-element_type=\"widget\" data-widget_type=\"text-editor.default\">\n\t\t\t\t<div class=\"elementor-widget-container\">\n\t\t\t\t\t\t\t\t\t<div id=\"dflip_post_meta_box_shortcode\" class=\"postbox\"><div class=\"inside\"><div class=\"dflip-tabs normal-tabs\"><div id=\"dflip-tab-content-normal\" class=\"dflip-tab-content dflip-active\"><code><div class=\"_df_book df-lite\" id=\"df_4237\"  _slug=\"esitlik-icin-dijital-adimlar-nefret-soylemi-ile-mucadele-raporu\" data-title=\"esitlik-icin-dijital-adimlar-nefret-soylemi-ile-mucadele-raporu\" wpoptions=\"true\" thumbtype=\"\" ><\/div><script class=\"df-shortcode-script\" nowprocket type=\"application\/javascript\">window.option_df_4237 = {\"outline\":[],\"autoEnableOutline\":\"false\",\"autoEnableThumbnail\":\"false\",\"overwritePDFOutline\":\"false\",\"direction\":\"1\",\"pageSize\":\"0\",\"source\":\"https:\\\/\\\/www.kizbasina.com\\\/wp-content\\\/uploads\\\/2024\\\/05\\\/Nefret-Soylemiyle-Mucadele.pdf\",\"wpOptions\":\"true\"}; if(window.DFLIP && window.DFLIP.parseBooks){window.DFLIP.parseBooks();}<\/script><\/code><\/div><\/div><\/div><\/div><div id=\"submitdiv\" class=\"postbox\"><div class=\"postbox-header\"><div class=\"handle-actions hide-if-no-js\">\u00a0<\/div><\/div><\/div>\t\t\t\t\t\t\t\t<\/div>\n\t\t\t\t<\/div>\n\t\t\t\t\t<\/div>\n\t\t<\/div>\n\t\t\t\t\t<\/div>\n\t\t<\/section>\n\t\t\t\t<section class=\"elementor-section elementor-top-section elementor-element elementor-element-82c2e7b elementor-section-boxed elementor-section-height-default elementor-section-height-default\" data-id=\"82c2e7b\" data-element_type=\"section\">\n\t\t\t\t\t\t<div class=\"elementor-container elementor-column-gap-default\">\n\t\t\t\t\t<div class=\"elementor-column elementor-col-100 elementor-top-column elementor-element elementor-element-9d2fc37\" data-id=\"9d2fc37\" data-element_type=\"column\">\n\t\t\t<div class=\"elementor-widget-wrap elementor-element-populated\">\n\t\t\t\t\t\t<div class=\"elementor-element elementor-element-a8ca197 elementor-widget elementor-widget-text-editor\" data-id=\"a8ca197\" data-element_type=\"widget\" data-widget_type=\"text-editor.default\">\n\t\t\t\t<div class=\"elementor-widget-container\">\n\t\t\t\t\t\t\t\t\t<p>Bu rapor,\u00a0 Avrupa Birli\u011fi Sahne: Sahte Haber ve Nefret S\u00f6ylemiyle M\u00fccadele Erken Uyar\u0131 Sistemi Projesi \u0130ncele Alt Hibe Program\u0131 taraf\u0131ndan desteklenen <strong>E\u015fitlik \u0130\u00e7in Dijital Ad\u0131mlar: Nefret S\u00f6ylemiyle M\u00fccadele Projesi<\/strong> kapsam\u0131nda olu\u015fturulmu\u015ftur.<\/p><p>Projenin amac\u0131, kad\u0131nlar\u0131n adil ve etik bir \u015fekilde temsil edilmesini sa\u011flamak i\u00e7in yeni medyada toplumsal cinsiyet temelli nefret s\u00f6ylemi ve yalan haber i\u00e7eriklerine kar\u015f\u0131 fark\u0131ndal\u0131k yaratmakt\u0131r. Projenin hedef kitlesi STK\u2019lar\u0131n ileti\u015fim ve medya birimleri, haber ve medya eti\u011fi \u00e7al\u0131\u015fmalar\u0131na ilgi duyan bas\u0131n ve medya mensuplar\u0131 olmakla beraber, faydalan\u0131c\u0131lar\u0131 ise 18-35 ya\u015f aras\u0131 kad\u0131nlar, yeni medyada dijital aktivizmde etkili bireyler olarak tan\u0131mlanm\u0131\u015ft\u0131r.<\/p><p>Raporun amac\u0131 dijital d\u00fcnyada toplumsal cinsiyet e\u015fitli\u011fi ve nefret s\u00f6ylemi konusunda bir k\u0131lavuz olmak, yeni medyada kad\u0131n temsili konusuyla ilgili \u00e7e\u015fitli sorunlara \u00e7\u00f6z\u00fcm odakl\u0131 yakla\u015f\u0131mlar sunmakt\u0131r.<\/p><p>Raporun ilk k\u0131sm\u0131nda Yeni Medyada Kad\u0131n Temsili ba\u015fl\u0131\u011f\u0131 incelenmi\u015ftir.<\/p><p>\u0130kinci k\u0131s\u0131mda, Cinsiyete Dayal\u0131 Nefret S\u00f6ylemi ve Dijital Ortam ba\u015fl\u0131\u011f\u0131 alt\u0131nda dijital \u015fiddetle m\u00fccadele y\u00f6ntemleri incelenmi\u015ftir.<\/p><p>Raporun \u00fc\u00e7\u00fcnc\u00fc k\u0131sm\u0131nda Medya Kurulu\u015flar\u0131n\u0131n Rol\u00fc ba\u015fl\u0131\u011f\u0131 kapsaml\u0131 bir \u015fekilde ele al\u0131nm\u0131\u015ft\u0131r.<\/p><p>D\u00f6rd\u00fcnc\u00fc k\u0131s\u0131mda Algoritmalar ve Kad\u0131n Temsili a\u00e7\u0131klanm\u0131\u015ft\u0131r.<\/p><p>Raporun be\u015finci ve son ba\u015fl\u0131\u011f\u0131nda ise Raporun Derinleme Analizi ba\u015fl\u0131\u011f\u0131 alt\u0131nda, t\u00fcm rapor g\u00f6zden ge\u00e7irilmi\u015f ve analiz edilmi\u015ftir.<\/p><p>Bu belgenin, sadece K\u0131zBa\u015f\u0131na Ekibinin g\u00f6r\u00fc\u015f\u00fcn\u00fc yans\u0131tt\u0131\u011f\u0131n\u0131 ve program yetkililerinin burada yer alan bilgilerin herhangi bir \u015fekilde kullan\u0131lmas\u0131ndan sorumlu olmad\u0131\u011f\u0131n\u0131 belirtiriz.<\/p>\t\t\t\t\t\t\t\t<\/div>\n\t\t\t\t<\/div>\n\t\t\t\t\t<\/div>\n\t\t<\/div>\n\t\t\t\t\t<\/div>\n\t\t<\/section>\n\t\t\t\t<section class=\"elementor-section elementor-top-section elementor-element elementor-element-107ba04 elementor-section-boxed elementor-section-height-default elementor-section-height-default\" data-id=\"107ba04\" data-element_type=\"section\">\n\t\t\t\t\t\t<div class=\"elementor-container elementor-column-gap-default\">\n\t\t\t\t\t<div class=\"elementor-column elementor-col-100 elementor-top-column elementor-element elementor-element-4a15a60\" data-id=\"4a15a60\" data-element_type=\"column\">\n\t\t\t<div class=\"elementor-widget-wrap elementor-element-populated\">\n\t\t\t\t\t\t<div class=\"elementor-element elementor-element-70dcb85 elementor-widget-divider--view-line elementor-widget elementor-widget-divider\" data-id=\"70dcb85\" data-element_type=\"widget\" data-widget_type=\"divider.default\">\n\t\t\t\t<div class=\"elementor-widget-container\">\n\t\t\t\t\t\t\t<div class=\"elementor-divider\">\n\t\t\t<span class=\"elementor-divider-separator\">\n\t\t\t\t\t\t<\/span>\n\t\t<\/div>\n\t\t\t\t\t\t<\/div>\n\t\t\t\t<\/div>\n\t\t\t\t\t<\/div>\n\t\t<\/div>\n\t\t\t\t\t<\/div>\n\t\t<\/section>\n\t\t\t\t<\/div>","protected":false},"excerpt":{"rendered":"<p class=\"tx-excerpt\">\u00a0 Bu rapor,\u00a0 Avrupa Birli\u011fi Sahne: Sahte Haber ve Nefret S\u00f6ylemiyle M\u00fccadele Erken Uyar\u0131 Sistemi Projesi \u0130ncele Alt Hibe Program\u0131 taraf\u0131ndan desteklenen E\u015fitlik \u0130\u00e7in Dijital Ad\u0131mlar: Nefret S\u00f6ylemiyle M\u00fccadele Projesi kapsam\u0131nda olu\u015fturulmu\u015ftur. Projenin amac\u0131, kad\u0131nlar\u0131n...<\/p>","protected":false},"author":1,"featured_media":0,"parent":484,"menu_order":0,"comment_status":"closed","ping_status":"closed","template":"","meta":{"footnotes":""},"class_list":["post-4235","page","type-page","status-publish","hentry"],"_links":{"self":[{"href":"https:\/\/www.kizbasina.com\/en\/wp-json\/wp\/v2\/pages\/4235","targetHints":{"allow":["GET"]}}],"collection":[{"href":"https:\/\/www.kizbasina.com\/en\/wp-json\/wp\/v2\/pages"}],"about":[{"href":"https:\/\/www.kizbasina.com\/en\/wp-json\/wp\/v2\/types\/page"}],"author":[{"embeddable":true,"href":"https:\/\/www.kizbasina.com\/en\/wp-json\/wp\/v2\/users\/1"}],"replies":[{"embeddable":true,"href":"https:\/\/www.kizbasina.com\/en\/wp-json\/wp\/v2\/comments?post=4235"}],"version-history":[{"count":7,"href":"https:\/\/www.kizbasina.com\/en\/wp-json\/wp\/v2\/pages\/4235\/revisions"}],"predecessor-version":[{"id":4246,"href":"https:\/\/www.kizbasina.com\/en\/wp-json\/wp\/v2\/pages\/4235\/revisions\/4246"}],"up":[{"embeddable":true,"href":"https:\/\/www.kizbasina.com\/en\/wp-json\/wp\/v2\/pages\/484"}],"wp:attachment":[{"href":"https:\/\/www.kizbasina.com\/en\/wp-json\/wp\/v2\/media?parent=4235"}],"curies":[{"name":"wp","href":"https:\/\/api.w.org\/{rel}","templated":true}]}}