{"id":4059,"date":"2024-01-22T17:04:27","date_gmt":"2024-01-22T17:04:27","guid":{"rendered":"https:\/\/www.kizbasina.com\/?page_id=4059"},"modified":"2024-03-12T19:39:27","modified_gmt":"2024-03-12T19:39:27","slug":"kizbasina-sosyal-medya-ve-iletisim-uzmani-ilani","status":"publish","type":"page","link":"https:\/\/www.kizbasina.com\/en\/kizbasina-sosyal-medya-ve-iletisim-uzmani-ilani\/","title":{"rendered":"K\u0131zBa\u015f\u0131na Sosyal Medya ve \u0130leti\u015fim Uzman\u0131 \u0130lan\u0131"},"content":{"rendered":"<div data-elementor-type=\"wp-page\" data-elementor-id=\"4059\" class=\"elementor elementor-4059\">\n\t\t\t\t\t\t<section class=\"elementor-section elementor-top-section elementor-element elementor-element-bf26899 elementor-section-full_width elementor-section-stretched elementor-section-height-default elementor-section-height-default\" data-id=\"bf26899\" data-element_type=\"section\" data-settings=\"{&quot;stretch_section&quot;:&quot;section-stretched&quot;}\">\n\t\t\t\t\t\t<div class=\"elementor-container elementor-column-gap-default\">\n\t\t\t\t\t<div class=\"elementor-column elementor-col-100 elementor-top-column elementor-element elementor-element-e1980e4\" data-id=\"e1980e4\" data-element_type=\"column\">\n\t\t\t<div class=\"elementor-widget-wrap elementor-element-populated\">\n\t\t\t\t\t\t\t<\/div>\n\t\t<\/div>\n\t\t\t\t\t<\/div>\n\t\t<\/section>\n\t\t\t\t<section class=\"elementor-section elementor-top-section elementor-element elementor-element-711912a elementor-section-boxed elementor-section-height-default elementor-section-height-default\" data-id=\"711912a\" data-element_type=\"section\">\n\t\t\t\t\t\t<div class=\"elementor-container elementor-column-gap-default\">\n\t\t\t\t\t<div class=\"elementor-column elementor-col-100 elementor-top-column elementor-element elementor-element-b059f0f\" data-id=\"b059f0f\" data-element_type=\"column\">\n\t\t\t<div class=\"elementor-widget-wrap elementor-element-populated\">\n\t\t\t\t\t\t<div class=\"elementor-element elementor-element-5a989b5 elementor-widget elementor-widget-text-editor\" data-id=\"5a989b5\" data-element_type=\"widget\" data-widget_type=\"text-editor.default\">\n\t\t\t\t<div class=\"elementor-widget-container\">\n\t\t\t\t\t\t\t\t\t<p><strong>\u0130\u015e \u0130LANLARI<br \/><\/strong><\/p><p dir=\"ltr\">K\u0131zBa\u015f\u0131na Sosyal Medya ve \u0130leti\u015fim Uzman\u0131 \u0130lan\u0131<\/p>\t\t\t\t\t\t\t\t<\/div>\n\t\t\t\t<\/div>\n\t\t\t\t\t<\/div>\n\t\t<\/div>\n\t\t\t\t\t<\/div>\n\t\t<\/section>\n\t\t\t\t<section class=\"elementor-section elementor-top-section elementor-element elementor-element-7f6fb39 elementor-section-boxed elementor-section-height-default elementor-section-height-default\" data-id=\"7f6fb39\" data-element_type=\"section\">\n\t\t\t\t\t\t<div class=\"elementor-container elementor-column-gap-default\">\n\t\t\t\t\t<div class=\"elementor-column elementor-col-100 elementor-top-column elementor-element elementor-element-63af022\" data-id=\"63af022\" data-element_type=\"column\">\n\t\t\t<div class=\"elementor-widget-wrap elementor-element-populated\">\n\t\t\t\t\t\t\t<\/div>\n\t\t<\/div>\n\t\t\t\t\t<\/div>\n\t\t<\/section>\n\t\t\t\t<section class=\"elementor-section elementor-top-section elementor-element elementor-element-cdfa227 elementor-section-boxed elementor-section-height-default elementor-section-height-default\" data-id=\"cdfa227\" data-element_type=\"section\">\n\t\t\t\t\t\t<div class=\"elementor-container elementor-column-gap-default\">\n\t\t\t\t\t<div class=\"elementor-column elementor-col-100 elementor-top-column elementor-element elementor-element-3dd46d9\" data-id=\"3dd46d9\" data-element_type=\"column\">\n\t\t\t<div class=\"elementor-widget-wrap elementor-element-populated\">\n\t\t\t\t\t\t<div class=\"elementor-element elementor-element-ccba827 elementor-widget elementor-widget-text-editor\" data-id=\"ccba827\" data-element_type=\"widget\" data-widget_type=\"text-editor.default\">\n\t\t\t\t<div class=\"elementor-widget-container\">\n\t\t\t\t\t\t\t\t\t<p>\u0130lan mevcut de\u011fildir.<\/p>\t\t\t\t\t\t\t\t<\/div>\n\t\t\t\t<\/div>\n\t\t\t\t\t<\/div>\n\t\t<\/div>\n\t\t\t\t\t<\/div>\n\t\t<\/section>\n\t\t\t\t<section class=\"elementor-section elementor-top-section elementor-element elementor-element-3085bd2 elementor-hidden-desktop elementor-hidden-tablet elementor-hidden-mobile elementor-section-boxed elementor-section-height-default elementor-section-height-default\" data-id=\"3085bd2\" data-element_type=\"section\">\n\t\t\t\t\t\t<div class=\"elementor-container elementor-column-gap-default\">\n\t\t\t\t\t<div class=\"elementor-column elementor-col-100 elementor-top-column elementor-element elementor-element-871f9e3\" data-id=\"871f9e3\" data-element_type=\"column\">\n\t\t\t<div class=\"elementor-widget-wrap elementor-element-populated\">\n\t\t\t\t\t\t<div class=\"elementor-element elementor-element-39881b1 elementor-widget elementor-widget-text-editor\" data-id=\"39881b1\" data-element_type=\"widget\" data-widget_type=\"text-editor.default\">\n\t\t\t\t<div class=\"elementor-widget-container\">\n\t\t\t\t\t\t\t\t\t<p dir=\"ltr\">K\u0131zBa\u015f\u0131na 2017 senesinde kurulmu\u015f, T\u00fcrkiye\u2019de toplumsal cinsiyet e\u015fitli\u011fi i\u00e7in \u00e7al\u0131\u015fan bir sivil toplum kurulu\u015fudur. K\u0131zBa\u015f\u0131na olarak sosyal medya platformlar\u0131n\u0131 olduk\u00e7a aktif bir \u015fekilde kullan\u0131yoruz. Bu kapsamda sosyal medya hesaplar\u0131m\u0131z\u0131n etkili bir \u015fekilde y\u00f6netilmesinden sorumlu olacak, sosyal medya trendlerini yak\u0131ndan takip eden ve sosyal medya reklam y\u00f6ntemlerine hakim, <strong><span style=\"text-decoration: underline;\">Ankara\u2019da ikamet eden, full -time<\/span><\/strong> bir ekip arkada\u015f\u0131 ar\u0131yoruz.<\/p><p dir=\"ltr\"><strong>Son ba\u015fvuru tarihi: 5 \u015eubat 2024<\/strong><\/p>\t\t\t\t\t\t\t\t<\/div>\n\t\t\t\t<\/div>\n\t\t\t\t\t<\/div>\n\t\t<\/div>\n\t\t\t\t\t<\/div>\n\t\t<\/section>\n\t\t\t\t<section class=\"elementor-section elementor-top-section elementor-element elementor-element-12ded79 elementor-hidden-desktop elementor-hidden-tablet elementor-hidden-mobile elementor-section-boxed elementor-section-height-default elementor-section-height-default\" data-id=\"12ded79\" data-element_type=\"section\">\n\t\t\t\t\t\t<div class=\"elementor-container elementor-column-gap-default\">\n\t\t\t\t\t<div class=\"elementor-column elementor-col-100 elementor-top-column elementor-element elementor-element-f2ddce5\" data-id=\"f2ddce5\" data-element_type=\"column\">\n\t\t\t<div class=\"elementor-widget-wrap elementor-element-populated\">\n\t\t\t\t\t\t<div class=\"elementor-element elementor-element-2a7ddca elementor-widget-mobile__width-initial elementor-widget elementor-widget-text-editor\" data-id=\"2a7ddca\" data-element_type=\"widget\" data-widget_type=\"text-editor.default\">\n\t\t\t\t<div class=\"elementor-widget-container\">\n\t\t\t\t\t\t\t\t\t<p><span style=\"text-decoration: underline;\"><strong>Genel Nitelikler:<\/strong><\/span><\/p><ul><li>En az 2 y\u0131l sosyal medya y\u00f6netimi alan\u0131nda deneyimli,<\/li><li>G\u00fcndemi\u00a0 (\u00f6zellikle Instagram, Twitter, LinkedIn ve TikTok gibi platformlarda) s\u0131k\u0131 \u015fekilde takip ederek K\u0131zBa\u015f\u0131na de\u011ferleriyle \u00f6rt\u00fc\u015fen i\u00e7erik fikirleri \u00fcretebilen ve her platformun da kendi diline hakim,<\/li><li>Sosyal medyan\u0131n dinamiklerine ve uygulama modellerine hakim,<\/li><li>Sosyal medya reklamc\u0131l\u0131\u011f\u0131 ve analiti\u011fi konusunda bilgi sahibi,<\/li><li>Sorumluluk sahibi, \u00e7al\u0131\u015fma disiplini y\u00fcksek, ele\u015ftirel d\u00fc\u015f\u00fcnme ile birlikte ayr\u0131nt\u0131lara dikkat eden,<\/li><li>Zaman y\u00f6netimi ve ileti\u015fim becerileri g\u00fc\u00e7l\u00fc, tak\u0131m \u00e7al\u0131\u015fmas\u0131na yatk\u0131n,<\/li><li>Estetik bak\u0131\u015f a\u00e7\u0131s\u0131na sahip; g\u00f6rsel, tasar\u0131m, yarat\u0131c\u0131l\u0131k y\u00f6n\u00fc g\u00fc\u00e7l\u00fc ve geli\u015fime a\u00e7\u0131k,<\/li><li>\u0130yi derecede \u0130ngilizce bilen,<\/li><li>Tercihen Adobe Photoshop, Adobe Illustrator veya Canva programlar\u0131na hakim,<\/li><li>Tercihen daha \u00f6nce farkl\u0131 sosyal medya hesaplar\u0131 y\u00f6netmi\u015f, ajanslarla ve influencerlarla \u00e7al\u0131\u015fma deneyimi olan.<\/li><\/ul><p><span style=\"text-decoration: underline;\"><strong>\u0130\u015f Tan\u0131m\u0131:<\/strong> <\/span><\/p><ul><li>K\u0131zBa\u015f\u0131na\u2019n\u0131n mevcut hesaplar\u0131n\u0131n sosyal medyadaki g\u00f6r\u00fcn\u00fcrl\u00fc\u011f\u00fcn\u00fc art\u0131rmak i\u00e7in stratejiler geli\u015ftirmek,<\/li><li>K\u0131zBa\u015f\u0131na\u2019n\u0131n sosyal medya hesaplar\u0131 i\u00e7in di\u011fer birimlerle birlikte \u00f6zg\u00fcn i\u00e7erikler geli\u015ftirmek, i\u00e7erik plan\u0131 takvimi olu\u015fturmak ve bu plana uygun \u015fekilde s\u00fcreci koordine etmek,<\/li><li>Sosyal medya platformlar\u0131m\u0131z i\u00e7in reklam s\u00fcre\u00e7lerini olu\u015fturmak, izlemek, analiz etmek ve geli\u015ftirmek,<\/li><li>Sosyal medya hesaplar\u0131n\u0131n geli\u015ftirilmesi i\u00e7in yenilik\u00e7i ve yarat\u0131c\u0131 \u00e7\u00f6z\u00fcmler olu\u015fturmak ve uygulamak.<\/li><\/ul>\t\t\t\t\t\t\t\t<\/div>\n\t\t\t\t<\/div>\n\t\t\t\t\t<\/div>\n\t\t<\/div>\n\t\t\t\t\t<\/div>\n\t\t<\/section>\n\t\t\t\t<section class=\"elementor-section elementor-top-section elementor-element elementor-element-081e944 elementor-hidden-desktop elementor-hidden-tablet elementor-hidden-mobile elementor-section-boxed elementor-section-height-default elementor-section-height-default\" data-id=\"081e944\" data-element_type=\"section\">\n\t\t\t\t\t\t<div class=\"elementor-container elementor-column-gap-default\">\n\t\t\t\t\t<div class=\"elementor-column elementor-col-100 elementor-top-column elementor-element elementor-element-c1fe093\" data-id=\"c1fe093\" data-element_type=\"column\">\n\t\t\t<div class=\"elementor-widget-wrap elementor-element-populated\">\n\t\t\t\t\t\t<div class=\"elementor-element elementor-element-ee40ac1 elementor-widget elementor-widget-text-editor\" data-id=\"ee40ac1\" data-element_type=\"widget\" data-widget_type=\"text-editor.default\">\n\t\t\t\t<div class=\"elementor-widget-container\">\n\t\t\t\t\t\t\t\t\t<p>Bu pozisyon kapsam\u0131nda \u00e7al\u0131\u015fkan, zaman y\u00f6netimi konusunda yetenekli, K\u0131zBa\u015f\u0131na de\u011ferlerini benimseyip, platformumuz geli\u015fimi i\u00e7in severek \u00e7al\u0131\u015facak bir ekip arkada\u015f\u0131 aramaktay\u0131z. E\u011fer yukar\u0131daki kriterlere uygun oldu\u011funuza ve K\u0131zBa\u015f\u0131na\u2019n\u0131n misyonuna katk\u0131 sunabilece\u011fine inan\u0131yorsan\u0131z ba\u015fvurular\u0131n\u0131z\u0131 bekliyoruz!<\/p>\t\t\t\t\t\t\t\t<\/div>\n\t\t\t\t<\/div>\n\t\t\t\t\t<\/div>\n\t\t<\/div>\n\t\t\t\t\t<\/div>\n\t\t<\/section>\n\t\t\t\t<section class=\"elementor-section elementor-top-section elementor-element elementor-element-2163a9b elementor-hidden-desktop elementor-hidden-tablet elementor-hidden-mobile elementor-section-boxed elementor-section-height-default elementor-section-height-default\" data-id=\"2163a9b\" data-element_type=\"section\">\n\t\t\t\t\t\t<div class=\"elementor-container elementor-column-gap-default\">\n\t\t\t\t\t<div class=\"elementor-column elementor-col-100 elementor-top-column elementor-element elementor-element-68b75ef\" data-id=\"68b75ef\" data-element_type=\"column\">\n\t\t\t<div class=\"elementor-widget-wrap elementor-element-populated\">\n\t\t\t\t\t\t<div class=\"elementor-element elementor-element-19a8e01 elementor-align-center elementor-widget elementor-widget-button\" data-id=\"19a8e01\" data-element_type=\"widget\" data-widget_type=\"button.default\">\n\t\t\t\t<div class=\"elementor-widget-container\">\n\t\t\t\t\t\t\t\t\t<div class=\"elementor-button-wrapper\">\n\t\t\t\t\t<a class=\"elementor-button elementor-button-link elementor-size-sm\" href=\"https:\/\/form.jotform.com\/240212679477058\" target=\"_blank\">\n\t\t\t\t\t\t<span class=\"elementor-button-content-wrapper\">\n\t\t\t\t\t\t\t\t\t<span class=\"elementor-button-text\">Ba\u015fvuru Formu<\/span>\n\t\t\t\t\t<\/span>\n\t\t\t\t\t<\/a>\n\t\t\t\t<\/div>\n\t\t\t\t\t\t\t\t<\/div>\n\t\t\t\t<\/div>\n\t\t\t\t\t<\/div>\n\t\t<\/div>\n\t\t\t\t\t<\/div>\n\t\t<\/section>\n\t\t\t\t<\/div>","protected":false},"excerpt":{"rendered":"<p class=\"tx-excerpt\">\u0130\u015e \u0130LANLARI K\u0131zBa\u015f\u0131na Sosyal Medya ve \u0130leti\u015fim Uzman\u0131 \u0130lan\u0131 \u0130lan mevcut de\u011fildir. K\u0131zBa\u015f\u0131na 2017 senesinde kurulmu\u015f, T\u00fcrkiye\u2019de toplumsal cinsiyet e\u015fitli\u011fi i\u00e7in \u00e7al\u0131\u015fan bir sivil toplum kurulu\u015fudur. K\u0131zBa\u015f\u0131na olarak sosyal medya platformlar\u0131n\u0131 olduk\u00e7a aktif bir \u015fekilde...<\/p>","protected":false},"author":1,"featured_media":0,"parent":0,"menu_order":0,"comment_status":"closed","ping_status":"closed","template":"templates\/blank.php","meta":{"footnotes":""},"class_list":["post-4059","page","type-page","status-publish","hentry"],"_links":{"self":[{"href":"https:\/\/www.kizbasina.com\/en\/wp-json\/wp\/v2\/pages\/4059","targetHints":{"allow":["GET"]}}],"collection":[{"href":"https:\/\/www.kizbasina.com\/en\/wp-json\/wp\/v2\/pages"}],"about":[{"href":"https:\/\/www.kizbasina.com\/en\/wp-json\/wp\/v2\/types\/page"}],"author":[{"embeddable":true,"href":"https:\/\/www.kizbasina.com\/en\/wp-json\/wp\/v2\/users\/1"}],"replies":[{"embeddable":true,"href":"https:\/\/www.kizbasina.com\/en\/wp-json\/wp\/v2\/comments?post=4059"}],"version-history":[{"count":31,"href":"https:\/\/www.kizbasina.com\/en\/wp-json\/wp\/v2\/pages\/4059\/revisions"}],"predecessor-version":[{"id":4177,"href":"https:\/\/www.kizbasina.com\/en\/wp-json\/wp\/v2\/pages\/4059\/revisions\/4177"}],"wp:attachment":[{"href":"https:\/\/www.kizbasina.com\/en\/wp-json\/wp\/v2\/media?parent=4059"}],"curies":[{"name":"wp","href":"https:\/\/api.w.org\/{rel}","templated":true}]}}