{"id":3124,"date":"2023-09-27T13:01:09","date_gmt":"2023-09-27T13:01:09","guid":{"rendered":"https:\/\/www.kizbasina.com\/?page_id=3124"},"modified":"2023-10-19T16:27:08","modified_gmt":"2023-10-19T16:27:08","slug":"yardim-atlasi-kampanyasi","status":"publish","type":"page","link":"https:\/\/www.kizbasina.com\/en\/projeler\/yardim-atlasi-kampanyasi\/","title":{"rendered":"Aid Handbook"},"content":{"rendered":"<div data-elementor-type=\"wp-page\" data-elementor-id=\"3124\" class=\"elementor elementor-3124\">\n\t\t\t\t\t\t<section class=\"elementor-section elementor-top-section elementor-element elementor-element-b75375b elementor-section-full_width elementor-section-stretched elementor-section-height-default elementor-section-height-default\" data-id=\"b75375b\" data-element_type=\"section\" data-settings=\"{&quot;stretch_section&quot;:&quot;section-stretched&quot;}\">\n\t\t\t\t\t\t<div class=\"elementor-container elementor-column-gap-default\">\n\t\t\t\t\t<div class=\"elementor-column elementor-col-100 elementor-top-column elementor-element elementor-element-d19656d\" data-id=\"d19656d\" data-element_type=\"column\">\n\t\t\t<div class=\"elementor-widget-wrap elementor-element-populated\">\n\t\t\t\t\t\t\t<\/div>\n\t\t<\/div>\n\t\t\t\t\t<\/div>\n\t\t<\/section>\n\t\t\t\t<section class=\"elementor-section elementor-top-section elementor-element elementor-element-34cca10 elementor-section-boxed elementor-section-height-default elementor-section-height-default\" data-id=\"34cca10\" data-element_type=\"section\">\n\t\t\t\t\t\t<div class=\"elementor-container elementor-column-gap-default\">\n\t\t\t\t\t<div class=\"elementor-column elementor-col-100 elementor-top-column elementor-element elementor-element-a3ae9a7\" data-id=\"a3ae9a7\" data-element_type=\"column\">\n\t\t\t<div class=\"elementor-widget-wrap elementor-element-populated\">\n\t\t\t\t\t\t\t<\/div>\n\t\t<\/div>\n\t\t\t\t\t<\/div>\n\t\t<\/section>\n\t\t\t\t<section class=\"elementor-section elementor-top-section elementor-element elementor-element-b4f6e47 elementor-section-boxed elementor-section-height-default elementor-section-height-default\" data-id=\"b4f6e47\" data-element_type=\"section\">\n\t\t\t\t\t\t<div class=\"elementor-container elementor-column-gap-default\">\n\t\t\t\t\t<div class=\"elementor-column elementor-col-100 elementor-top-column elementor-element elementor-element-50b08b5\" data-id=\"50b08b5\" data-element_type=\"column\">\n\t\t\t<div class=\"elementor-widget-wrap elementor-element-populated\">\n\t\t\t\t\t\t<div class=\"elementor-element elementor-element-0ff8453 elementor-widget elementor-widget-text-editor\" data-id=\"0ff8453\" data-element_type=\"widget\" data-widget_type=\"text-editor.default\">\n\t\t\t\t<div class=\"elementor-widget-container\">\n\t\t\t\t\t\t\t\t\t<p><strong>Project Name:<\/strong> Aid Handbook<\/p><p><strong>Project Purpose:<\/strong> \u0130stanbul S\u00f6zle\u015fmesi ve 6284 say\u0131l\u0131 kanunun eksik uygulanmas\u0131 ve uygulanmamas\u0131n\u0131n yaratt\u0131\u011f\u0131 zorluklar ve karanl\u0131\u011f\u0131 ayd\u0131nlatma amac\u0131 g\u00fcden Yard\u0131m Atlas\u0131 Kampanyas\u0131, K\u0131zBa\u015f\u0131na taraf\u0131ndan hayata ge\u00e7irilmi\u015ftir. Bu projenin temel hedefi, T\u00fcrkiye \u00e7ap\u0131nda ve ayr\u0131ca yerel d\u00fczeyde hizmet veren yard\u0131m kurulu\u015flar\u0131n\u0131n geni\u015f kapsaml\u0131 bir rehberini olu\u015fturarak, \u015fiddet ma\u011fduru kad\u0131n ve \u00e7ocuklar\u0131n bu rehberden faydalanmalar\u0131n\u0131 sa\u011flamakt\u0131r.<\/p><p><strong>Project Scope: <\/strong>Yard\u0131m Atlas\u0131, T\u00fcrkiye genelindeki yard\u0131m kurulu\u015flar\u0131n\u0131 bir araya getiren detayl\u0131 bir rehberdir. Her bir ilde hizmet veren yard\u0131m kurulu\u015flar\u0131, bu atlas arac\u0131l\u0131\u011f\u0131yla tek bir platformda toplanm\u0131\u015ft\u0131r.<\/p><p><strong>Target Audience:<\/strong> Bu proje, \u015fiddete maruz kalm\u0131\u015f veya potansiyel olarak maruz kalabilecek t\u00fcm kad\u0131nlar\u0131n ihtiya\u00e7lar\u0131na yan\u0131t vermek ve onlara destek sa\u011flamak amac\u0131yla tasarlanm\u0131\u015ft\u0131r.<\/p><p><strong>Project Activities: <\/strong>Yard\u0131m Atlas\u0131 Kampanyas\u0131, Haziran 2021&#8217;de planlama a\u015famas\u0131 ile ba\u015flam\u0131\u015ft\u0131r. Kas\u0131m 2021&#8217;de Rehber web sitemizde yay\u0131nlanm\u0131\u015f ve #M\u00fccadeleBiziz slogan\u0131 ile m\u00fccadeleye kat\u0131lma \u00e7a\u011fr\u0131s\u0131 yap\u0131lm\u0131\u015ft\u0131r.<\/p><p><strong>Project Impacts:<\/strong> Yard\u0131m Atlas\u0131 Kampanyas\u0131, 2021&#8217;den bu yana eri\u015fime a\u00e7\u0131k olarak varl\u0131\u011f\u0131n\u0131 s\u00fcrd\u00fcrmektedir. Bu rehber, yard\u0131ma ihtiyac\u0131 olan kad\u0131nlara destek olma amac\u0131yla hizmet vermektedir ve bu sayede etkisini halen s\u00fcrd\u00fcrmektedir.<\/p><p><strong>Proje Zaman \u00c7izelgesi :<\/strong> Proje, 2021 y\u0131l\u0131nda ba\u015flat\u0131ld\u0131 ve g\u00fcncel bilgilerle d\u00fczenli olarak g\u00fcncellenerek hizmet verme s\u00fcrecine devam etmektedir. Rehber, tamamen \u00fccretsiz ve herkese a\u00e7\u0131k olarak eri\u015fime sunulmaktad\u0131r.<\/p><p>How to Connect:<\/p><p>To learn more about the project, participate in activities, and provide support, please visit our website: <a href=\"https:\/\/www.kizbasina.com\/en\/\">https:\/\/www.kizbasina.com\/en\/<\/a>.\u00a0 Ayr\u0131ca sosyal medya hesaplar\u0131m\u0131zdan da g\u00fcncel etkinliklerimiz ve \u00e7al\u0131\u015fmalar\u0131m\u0131z hakk\u0131nda bilgi alabilirsiniz. Yard\u0131m Atlas\u0131\u2019na ula\u015fmak i\u00e7in: <a href=\"https:\/\/www.kizbasina.com\/en\/kizbasina-yardim-atlasi\/\">https:\/\/www.kizbasina.com\/kizbasina-yardim-atlasi\/<\/a>\u00a0<\/p>\t\t\t\t\t\t\t\t<\/div>\n\t\t\t\t<\/div>\n\t\t\t\t<div class=\"elementor-element elementor-element-b55256e elementor-widget-divider--view-line elementor-widget elementor-widget-divider\" data-id=\"b55256e\" data-element_type=\"widget\" data-widget_type=\"divider.default\">\n\t\t\t\t<div class=\"elementor-widget-container\">\n\t\t\t\t\t\t\t<div class=\"elementor-divider\">\n\t\t\t<span class=\"elementor-divider-separator\">\n\t\t\t\t\t\t<\/span>\n\t\t<\/div>\n\t\t\t\t\t\t<\/div>\n\t\t\t\t<\/div>\n\t\t\t\t\t<\/div>\n\t\t<\/div>\n\t\t\t\t\t<\/div>\n\t\t<\/section>\n\t\t\t\t<\/div>","protected":false},"excerpt":{"rendered":"<p class=\"tx-excerpt\">Proje Ad\u0131: Yard\u0131m Atlas\u0131 Kampanyas\u0131 Projenin Amac\u0131: \u0130stanbul S\u00f6zle\u015fmesi ve 6284 say\u0131l\u0131 kanunun eksik uygulanmas\u0131 ve uygulanmamas\u0131n\u0131n yaratt\u0131\u011f\u0131 zorluklar ve karanl\u0131\u011f\u0131 ayd\u0131nlatma amac\u0131 g\u00fcden Yard\u0131m Atlas\u0131 Kampanyas\u0131, K\u0131zBa\u015f\u0131na taraf\u0131ndan hayata ge\u00e7irilmi\u015ftir. Bu projenin temel hedefi,...<\/p>","protected":false},"author":1,"featured_media":0,"parent":484,"menu_order":0,"comment_status":"closed","ping_status":"closed","template":"","meta":{"footnotes":""},"class_list":["post-3124","page","type-page","status-publish","hentry"],"_links":{"self":[{"href":"https:\/\/www.kizbasina.com\/en\/wp-json\/wp\/v2\/pages\/3124","targetHints":{"allow":["GET"]}}],"collection":[{"href":"https:\/\/www.kizbasina.com\/en\/wp-json\/wp\/v2\/pages"}],"about":[{"href":"https:\/\/www.kizbasina.com\/en\/wp-json\/wp\/v2\/types\/page"}],"author":[{"embeddable":true,"href":"https:\/\/www.kizbasina.com\/en\/wp-json\/wp\/v2\/users\/1"}],"replies":[{"embeddable":true,"href":"https:\/\/www.kizbasina.com\/en\/wp-json\/wp\/v2\/comments?post=3124"}],"version-history":[{"count":7,"href":"https:\/\/www.kizbasina.com\/en\/wp-json\/wp\/v2\/pages\/3124\/revisions"}],"predecessor-version":[{"id":3134,"href":"https:\/\/www.kizbasina.com\/en\/wp-json\/wp\/v2\/pages\/3124\/revisions\/3134"}],"up":[{"embeddable":true,"href":"https:\/\/www.kizbasina.com\/en\/wp-json\/wp\/v2\/pages\/484"}],"wp:attachment":[{"href":"https:\/\/www.kizbasina.com\/en\/wp-json\/wp\/v2\/media?parent=3124"}],"curies":[{"name":"wp","href":"https:\/\/api.w.org\/{rel}","templated":true}]}}