{"id":2765,"date":"2023-09-13T15:26:41","date_gmt":"2023-09-13T15:26:41","guid":{"rendered":"https:\/\/www.kizbasina.com\/?page_id=2765"},"modified":"2024-01-12T08:56:45","modified_gmt":"2024-01-12T08:56:45","slug":"cinsel-saglik-rehberi-arapca","status":"publish","type":"page","link":"https:\/\/www.kizbasina.com\/en\/rehber\/cinsel-saglik-rehberi-arapca\/","title":{"rendered":"Cinsel Sa\u011fl\u0131k Rehberi Arap\u00e7a"},"content":{"rendered":"<div data-elementor-type=\"wp-page\" data-elementor-id=\"2765\" class=\"elementor elementor-2765\">\n\t\t\t\t\t\t<section class=\"elementor-section elementor-top-section elementor-element elementor-element-d27911c elementor-section-full_width elementor-section-stretched elementor-section-height-default elementor-section-height-default\" data-id=\"d27911c\" data-element_type=\"section\" data-settings=\"{&quot;stretch_section&quot;:&quot;section-stretched&quot;}\">\n\t\t\t\t\t\t<div class=\"elementor-container elementor-column-gap-default\">\n\t\t\t\t\t<div class=\"elementor-column elementor-col-100 elementor-top-column elementor-element elementor-element-90058fe\" data-id=\"90058fe\" data-element_type=\"column\">\n\t\t\t<div class=\"elementor-widget-wrap elementor-element-populated\">\n\t\t\t\t\t\t\t<\/div>\n\t\t<\/div>\n\t\t\t\t\t<\/div>\n\t\t<\/section>\n\t\t\t\t<section class=\"elementor-section elementor-top-section elementor-element elementor-element-2e86047 elementor-section-boxed elementor-section-height-default elementor-section-height-default\" data-id=\"2e86047\" data-element_type=\"section\">\n\t\t\t\t\t\t<div class=\"elementor-container elementor-column-gap-default\">\n\t\t\t\t\t<div class=\"elementor-column elementor-col-100 elementor-top-column elementor-element elementor-element-f263221\" data-id=\"f263221\" data-element_type=\"column\">\n\t\t\t<div class=\"elementor-widget-wrap elementor-element-populated\">\n\t\t\t\t\t\t<div class=\"elementor-element elementor-element-09aa55f elementor-widget-divider--view-line elementor-widget elementor-widget-divider\" data-id=\"09aa55f\" data-element_type=\"widget\" data-widget_type=\"divider.default\">\n\t\t\t\t<div class=\"elementor-widget-container\">\n\t\t\t\t\t\t\t<div class=\"elementor-divider\">\n\t\t\t<span class=\"elementor-divider-separator\">\n\t\t\t\t\t\t<\/span>\n\t\t<\/div>\n\t\t\t\t\t\t<\/div>\n\t\t\t\t<\/div>\n\t\t\t\t<div class=\"elementor-element elementor-element-f8db620 elementor-widget elementor-widget-avas-dual-button\" data-id=\"f8db620\" data-element_type=\"widget\" data-widget_type=\"avas-dual-button.default\">\n\t\t\t\t<div class=\"elementor-widget-container\">\n\t\t\t\t\t\n\t\t<div class=\"tx-dual-btn-wrap\">\n\n                            <a href=\"https:\/\/www.kizbasina.com\/en\/kizbasina-cinsel-saglik-rehberi\/\" class=\"tx-dual-btn-primary none elementor-animation-\" target=\"_blank\" >\n                                        T\u00fcrk\u00e7e                                    <\/a>\n            <!-- primary button end -->\n\n                            <a href=\"https:\/\/www.kizbasina.com\/wp-content\/uploads\/2023\/09\/Cinsel-Saglik-Arapca.pdf\" class=\"tx-dual-btn-secondary none elementor-animation-\" target=\"_self\" >\n                                        Arap\u00e7a                                    <\/a>\n            <!-- secondary button end -->\n\t\t\t\n\t\t<\/div><!-- tx-dual-btn-wrap -->\n\t\t\n\t\t\n\t\t\t\t<\/div>\n\t\t\t\t<\/div>\n\t\t\t\t\t<\/div>\n\t\t<\/div>\n\t\t\t\t\t<\/div>\n\t\t<\/section>\n\t\t\t\t<section class=\"elementor-section elementor-top-section elementor-element elementor-element-e295e32 elementor-section-boxed elementor-section-height-default elementor-section-height-default\" data-id=\"e295e32\" data-element_type=\"section\">\n\t\t\t\t\t\t<div class=\"elementor-container elementor-column-gap-default\">\n\t\t\t\t\t<div class=\"elementor-column elementor-col-100 elementor-top-column elementor-element elementor-element-d9f44e4\" data-id=\"d9f44e4\" data-element_type=\"column\">\n\t\t\t<div class=\"elementor-widget-wrap elementor-element-populated\">\n\t\t\t\t\t\t<div class=\"elementor-element elementor-element-811ed27 elementor-widget elementor-widget-text-editor\" data-id=\"811ed27\" data-element_type=\"widget\" data-widget_type=\"text-editor.default\">\n\t\t\t\t<div class=\"elementor-widget-container\">\n\t\t\t\t\t\t\t\t\t<div id=\"dflip_post_meta_box_shortcode\" class=\"postbox\"><div class=\"inside\"><div class=\"dflip-tabs normal-tabs\"><div id=\"dflip-tab-content-normal\" class=\"dflip-tab-content dflip-active\"><div id=\"dflip_post_meta_box_shortcode\" class=\"postbox\"><div class=\"inside\"><div class=\"dflip-tabs normal-tabs\"><div id=\"dflip-tab-content-normal\" class=\"dflip-tab-content dflip-active\"><div id=\"dflip_post_meta_box_shortcode\" class=\"postbox\"><div class=\"inside\"><div class=\"dflip-tabs normal-tabs\"><div id=\"dflip-tab-content-normal\" class=\"dflip-tab-content dflip-active\"><code><div class=\"_df_book df-lite\" id=\"df_2762\"  _slug=\"cinsel-saglik-rehberi-arapca\" data-title=\"cinsel-saglik-rehberi-arapca\" wpoptions=\"true\" thumbtype=\"\" ><\/div><script class=\"df-shortcode-script\" nowprocket type=\"application\/javascript\">window.option_df_2762 = {\"outline\":[],\"autoEnableOutline\":\"false\",\"autoEnableThumbnail\":\"false\",\"overwritePDFOutline\":\"false\",\"direction\":\"1\",\"pageSize\":\"0\",\"source\":\"https:\\\/\\\/www.kizbasina.com\\\/wp-content\\\/uploads\\\/2023\\\/09\\\/Cinsel-Saglik-Arapca.pdf\",\"wpOptions\":\"true\"}; if(window.DFLIP && window.DFLIP.parseBooks){window.DFLIP.parseBooks();}<\/script><\/code><\/div><\/div><\/div><\/div><div id=\"submitdiv\" class=\"postbox\"><div class=\"postbox-header\"><div class=\"handle-actions hide-if-no-js\">\u00a0<\/div><\/div><\/div><\/div><\/div><\/div><\/div><\/div><\/div><\/div><\/div><div id=\"submitdiv\" class=\"postbox\"><div class=\"postbox-header\"><div class=\"handle-actions hide-if-no-js\">\u00a0<\/div><\/div><\/div>\t\t\t\t\t\t\t\t<\/div>\n\t\t\t\t<\/div>\n\t\t\t\t\t<\/div>\n\t\t<\/div>\n\t\t\t\t\t<\/div>\n\t\t<\/section>\n\t\t\t\t<section class=\"elementor-section elementor-top-section elementor-element elementor-element-9764150 elementor-section-boxed elementor-section-height-default elementor-section-height-default\" data-id=\"9764150\" data-element_type=\"section\">\n\t\t\t\t\t\t<div class=\"elementor-container elementor-column-gap-default\">\n\t\t\t\t\t<div class=\"elementor-column elementor-col-100 elementor-top-column elementor-element elementor-element-0e64e0a\" data-id=\"0e64e0a\" data-element_type=\"column\">\n\t\t\t<div class=\"elementor-widget-wrap\">\n\t\t\t\t\t\t\t<\/div>\n\t\t<\/div>\n\t\t\t\t\t<\/div>\n\t\t<\/section>\n\t\t\t\t<section class=\"elementor-section elementor-top-section elementor-element elementor-element-95b698a elementor-section-boxed elementor-section-height-default elementor-section-height-default\" data-id=\"95b698a\" data-element_type=\"section\">\n\t\t\t\t\t\t<div class=\"elementor-container elementor-column-gap-default\">\n\t\t\t\t\t<div class=\"elementor-column elementor-col-100 elementor-top-column elementor-element elementor-element-da4cd71\" data-id=\"da4cd71\" data-element_type=\"column\">\n\t\t\t<div class=\"elementor-widget-wrap elementor-element-populated\">\n\t\t\t\t\t\t<div class=\"elementor-element elementor-element-cd8c787 elementor-align-right elementor-widget elementor-widget-button\" data-id=\"cd8c787\" data-element_type=\"widget\" data-widget_type=\"button.default\">\n\t\t\t\t<div class=\"elementor-widget-container\">\n\t\t\t\t\t\t\t\t\t<div class=\"elementor-button-wrapper\">\n\t\t\t\t\t<a class=\"elementor-button elementor-button-link elementor-size-sm\" href=\"https:\/\/www.kizbasina.com\/wp-content\/uploads\/2023\/09\/Cinsel-Saglik-Arapca.pdf\" target=\"_blank\">\n\t\t\t\t\t\t<span class=\"elementor-button-content-wrapper\">\n\t\t\t\t\t\t<span class=\"elementor-button-icon\">\n\t\t\t\t<i aria-hidden=\"true\" class=\"fas fa-download\"><\/i>\t\t\t<\/span>\n\t\t\t\t\t\t\t\t\t<span class=\"elementor-button-text\">\u062a\u062d\u0645\u064a\u0644<\/span>\n\t\t\t\t\t<\/span>\n\t\t\t\t\t<\/a>\n\t\t\t\t<\/div>\n\t\t\t\t\t\t\t\t<\/div>\n\t\t\t\t<\/div>\n\t\t\t\t\t<\/div>\n\t\t<\/div>\n\t\t\t\t\t<\/div>\n\t\t<\/section>\n\t\t\t\t<section class=\"elementor-section elementor-top-section elementor-element elementor-element-72fb809 elementor-section-boxed elementor-section-height-default elementor-section-height-default\" data-id=\"72fb809\" data-element_type=\"section\">\n\t\t\t\t\t\t<div class=\"elementor-container elementor-column-gap-default\">\n\t\t\t\t\t<div class=\"elementor-column elementor-col-100 elementor-top-column elementor-element elementor-element-b5c4167\" data-id=\"b5c4167\" data-element_type=\"column\">\n\t\t\t<div class=\"elementor-widget-wrap\">\n\t\t\t\t\t\t\t<\/div>\n\t\t<\/div>\n\t\t\t\t\t<\/div>\n\t\t<\/section>\n\t\t\t\t<section class=\"elementor-section elementor-top-section elementor-element elementor-element-79f2e40 elementor-section-boxed elementor-section-height-default elementor-section-height-default\" data-id=\"79f2e40\" data-element_type=\"section\">\n\t\t\t\t\t\t<div class=\"elementor-container elementor-column-gap-default\">\n\t\t\t\t\t<div class=\"elementor-column elementor-col-100 elementor-top-column elementor-element elementor-element-0464e5b\" data-id=\"0464e5b\" data-element_type=\"column\">\n\t\t\t<div class=\"elementor-widget-wrap elementor-element-populated\">\n\t\t\t\t\t\t<div class=\"elementor-element elementor-element-ac8fa93 elementor-widget-mobile__width-initial elementor-widget elementor-widget-text-editor\" data-id=\"ac8fa93\" data-element_type=\"widget\" data-widget_type=\"text-editor.default\">\n\t\t\t\t<div class=\"elementor-widget-container\">\n\t\t\t\t\t\t\t\t\t<h5 style=\"color: #ce4547;\"><a href=\"https:\/\/www.kizbasina.com\/wp-content\/uploads\/2023\/09\/Cinsel-Saglik-Arapca.pdf\" target=\"_blank\" rel=\"noopener\"><u>\u00a0\u0627\u0646\u0642\u0631 \u0644\u062a\u0646\u0632\u064a\u0644 \u062f\u0644\u064a\u0644 \u0627\u0644\u0635\u062d\u0629 \u0627\u0644\u062c\u0646\u0633\u064a\u0629.<\/u><\/a><\/h5>\t\t\t\t\t\t\t\t<\/div>\n\t\t\t\t<\/div>\n\t\t\t\t<div class=\"elementor-element elementor-element-d50dfef elementor-widget-divider--view-line elementor-widget elementor-widget-divider\" data-id=\"d50dfef\" data-element_type=\"widget\" data-widget_type=\"divider.default\">\n\t\t\t\t<div class=\"elementor-widget-container\">\n\t\t\t\t\t\t\t<div class=\"elementor-divider\">\n\t\t\t<span class=\"elementor-divider-separator\">\n\t\t\t\t\t\t<\/span>\n\t\t<\/div>\n\t\t\t\t\t\t<\/div>\n\t\t\t\t<\/div>\n\t\t\t\t\t<\/div>\n\t\t<\/div>\n\t\t\t\t\t<\/div>\n\t\t<\/section>\n\t\t\t\t<section class=\"elementor-section elementor-top-section elementor-element elementor-element-e3c15ec elementor-section-boxed elementor-section-height-default elementor-section-height-default\" data-id=\"e3c15ec\" data-element_type=\"section\">\n\t\t\t\t\t\t<div class=\"elementor-container elementor-column-gap-default\">\n\t\t\t\t\t<div class=\"elementor-column elementor-col-100 elementor-top-column elementor-element elementor-element-f2a3aa5\" data-id=\"f2a3aa5\" data-element_type=\"column\">\n\t\t\t<div class=\"elementor-widget-wrap elementor-element-populated\">\n\t\t\t\t\t\t<div class=\"elementor-element elementor-element-f6c893c elementor-widget-divider--view-line elementor-widget elementor-widget-divider\" data-id=\"f6c893c\" data-element_type=\"widget\" data-widget_type=\"divider.default\">\n\t\t\t\t<div class=\"elementor-widget-container\">\n\t\t\t\t\t\t\t<div class=\"elementor-divider\">\n\t\t\t<span class=\"elementor-divider-separator\">\n\t\t\t\t\t\t<\/span>\n\t\t<\/div>\n\t\t\t\t\t\t<\/div>\n\t\t\t\t<\/div>\n\t\t\t\t\t<\/div>\n\t\t<\/div>\n\t\t\t\t\t<\/div>\n\t\t<\/section>\n\t\t\t\t<\/div>","protected":false},"excerpt":{"rendered":"<p class=\"tx-excerpt\">T\u00fcrk\u00e7e Arap\u00e7a \u00a0\u00a0 \u062a\u062d\u0645\u064a\u0644 \u00a0\u0627\u0646\u0642\u0631 \u0644\u062a\u0646\u0632\u064a\u0644 \u062f\u0644\u064a\u0644 \u0627\u0644\u0635\u062d\u0629 \u0627\u0644\u062c\u0646\u0633\u064a\u0629.\n<\/p>","protected":false},"author":1,"featured_media":0,"parent":486,"menu_order":0,"comment_status":"closed","ping_status":"closed","template":"","meta":{"footnotes":""},"class_list":["post-2765","page","type-page","status-publish","hentry"],"_links":{"self":[{"href":"https:\/\/www.kizbasina.com\/en\/wp-json\/wp\/v2\/pages\/2765","targetHints":{"allow":["GET"]}}],"collection":[{"href":"https:\/\/www.kizbasina.com\/en\/wp-json\/wp\/v2\/pages"}],"about":[{"href":"https:\/\/www.kizbasina.com\/en\/wp-json\/wp\/v2\/types\/page"}],"author":[{"embeddable":true,"href":"https:\/\/www.kizbasina.com\/en\/wp-json\/wp\/v2\/users\/1"}],"replies":[{"embeddable":true,"href":"https:\/\/www.kizbasina.com\/en\/wp-json\/wp\/v2\/comments?post=2765"}],"version-history":[{"count":22,"href":"https:\/\/www.kizbasina.com\/en\/wp-json\/wp\/v2\/pages\/2765\/revisions"}],"predecessor-version":[{"id":4006,"href":"https:\/\/www.kizbasina.com\/en\/wp-json\/wp\/v2\/pages\/2765\/revisions\/4006"}],"up":[{"embeddable":true,"href":"https:\/\/www.kizbasina.com\/en\/wp-json\/wp\/v2\/pages\/486"}],"wp:attachment":[{"href":"https:\/\/www.kizbasina.com\/en\/wp-json\/wp\/v2\/media?parent=2765"}],"curies":[{"name":"wp","href":"https:\/\/api.w.org\/{rel}","templated":true}]}}