{"id":2422,"date":"2023-08-24T12:03:44","date_gmt":"2023-08-24T12:03:44","guid":{"rendered":"https:\/\/www.kizbasina.com\/?page_id=2422"},"modified":"2023-11-20T17:25:39","modified_gmt":"2023-11-20T17:25:39","slug":"meme-kanseri-erken-tani-rehberi-projesi","status":"publish","type":"page","link":"https:\/\/www.kizbasina.com\/en\/projeler\/meme-kanseri-erken-tani-rehberi-projesi\/","title":{"rendered":"Breast Cancer Early Diagnosis Guide Project"},"content":{"rendered":"<div data-elementor-type=\"wp-page\" data-elementor-id=\"2422\" class=\"elementor elementor-2422\">\n\t\t\t\t\t\t<section class=\"elementor-section elementor-top-section elementor-element elementor-element-962599c elementor-section-full_width elementor-section-stretched elementor-section-height-default elementor-section-height-default\" data-id=\"962599c\" data-element_type=\"section\" data-settings=\"{&quot;stretch_section&quot;:&quot;section-stretched&quot;}\">\n\t\t\t\t\t\t<div class=\"elementor-container elementor-column-gap-default\">\n\t\t\t\t\t<div class=\"elementor-column elementor-col-100 elementor-top-column elementor-element elementor-element-b697880\" data-id=\"b697880\" data-element_type=\"column\">\n\t\t\t<div class=\"elementor-widget-wrap elementor-element-populated\">\n\t\t\t\t\t\t\t<\/div>\n\t\t<\/div>\n\t\t\t\t\t<\/div>\n\t\t<\/section>\n\t\t\t\t<section class=\"elementor-section elementor-top-section elementor-element elementor-element-9defea7 elementor-section-full_width elementor-section-stretched elementor-section-height-default elementor-section-height-default\" data-id=\"9defea7\" data-element_type=\"section\" data-settings=\"{&quot;stretch_section&quot;:&quot;section-stretched&quot;}\">\n\t\t\t\t\t\t<div class=\"elementor-container elementor-column-gap-default\">\n\t\t\t\t\t<div class=\"elementor-column elementor-col-100 elementor-top-column elementor-element elementor-element-ba7a2a2\" data-id=\"ba7a2a2\" data-element_type=\"column\">\n\t\t\t<div class=\"elementor-widget-wrap elementor-element-populated\">\n\t\t\t\t\t\t<div class=\"elementor-element elementor-element-9b20714 elementor-widget-divider--view-line elementor-widget elementor-widget-divider\" data-id=\"9b20714\" data-element_type=\"widget\" data-widget_type=\"divider.default\">\n\t\t\t\t<div class=\"elementor-widget-container\">\n\t\t\t\t\t\t\t<div class=\"elementor-divider\">\n\t\t\t<span class=\"elementor-divider-separator\">\n\t\t\t\t\t\t<\/span>\n\t\t<\/div>\n\t\t\t\t\t\t<\/div>\n\t\t\t\t<\/div>\n\t\t\t\t\t<\/div>\n\t\t<\/div>\n\t\t\t\t\t<\/div>\n\t\t<\/section>\n\t\t\t\t<section class=\"elementor-section elementor-top-section elementor-element elementor-element-82c2e7b elementor-section-boxed elementor-section-height-default elementor-section-height-default\" data-id=\"82c2e7b\" data-element_type=\"section\">\n\t\t\t\t\t\t<div class=\"elementor-container elementor-column-gap-default\">\n\t\t\t\t\t<div class=\"elementor-column elementor-col-100 elementor-top-column elementor-element elementor-element-9d2fc37\" data-id=\"9d2fc37\" data-element_type=\"column\">\n\t\t\t<div class=\"elementor-widget-wrap elementor-element-populated\">\n\t\t\t\t\t\t<div class=\"elementor-element elementor-element-a8ca197 elementor-widget elementor-widget-text-editor\" data-id=\"a8ca197\" data-element_type=\"widget\" data-widget_type=\"text-editor.default\">\n\t\t\t\t<div class=\"elementor-widget-container\">\n\t\t\t\t\t\t\t\t\t<p><strong>Project Purpose:<\/strong> Meme kanseri konusunda fark\u0131ndal\u0131\u011f\u0131 art\u0131rmak ve erken te\u015fhisin \u00f6nemini vurgulamak i\u00e7in \u00e7\u0131kt\u0131\u011f\u0131m\u0131z bu yolda bir \u2018Meme Kanseri Erken Tan\u0131 Rehberi\u2019 olu\u015fturarak insanlar\u0131 tan\u0131, te\u015fhis, risk fakt\u00f6rleri, kendi kendine meme muayenesi, mamografi gibi bir\u00e7ok farkl\u0131 konu ba\u015fl\u0131\u011f\u0131 alt\u0131nda bilgilendirmeyi ama\u00e7lad\u0131k.\u00a0<\/p><p><strong>Project Scope:<\/strong> Proje kapsam\u0131nda bir Meme Kanseri Erken Tan\u0131 Rehberi olu\u015fturduk. T\u00fcrkiye\u2019nin d\u00f6rt bir yan\u0131na yayd\u0131\u011f\u0131m\u0131z QR kodlu stickerlar ile rehberin daha fazla insana ula\u015ft\u0131rmaya \u00e7al\u0131\u015ft\u0131k. Ayn\u0131 zamanda y\u00fcr\u00fctt\u00fc\u011f\u00fcm\u00fcz meme kanseri fark\u0131ndal\u0131k kampanyas\u0131 ile sosyal medya \u00fczerinden farkl\u0131 konu ba\u015fl\u0131klar\u0131nda insanlar\u0131 bilgilendirmeyi ve bilin\u00e7lendirmeyi hedefledik.\u00a0<\/p><p><strong>Target Audience:<\/strong> Bu proje, meme kanseri riski ta\u015f\u0131yan herkesi hedef al\u0131yor.\u00a0<\/p><p><strong>Project Activities:\u00a0<\/strong> Proje s\u00fcrecinde, Meme Kanseri Erken Tan\u0131 Rehberi olu\u015fturduk ve sosyal medya \u00fczerinden y\u00fcr\u00fctt\u00fc\u011f\u00fcm\u00fcz kampanya ve payla\u015f\u0131mlarla insanlar\u0131 meme kanseri fark\u0131ndal\u0131\u011f\u0131 konusunda bilgilendirmeyi hedefledik. Kendi kendine meme muayenesi konusunda bilgi verdi\u011fimiz, meme kanseriyle m\u00fccadele eden kad\u0131nlar\u0131n g\u00fc\u00e7lerini kutlad\u0131\u011f\u0131m\u0131z, erken te\u015fhisin \u00f6nemini vurgulad\u0131\u011f\u0131m\u0131z bir\u00e7ok farkl\u0131 sosyal medya payla\u015f\u0131m\u0131 ile daha geni\u015f kitleye ula\u015farak bu konuda fark\u0131ndal\u0131k sa\u011flamay\u0131 ama\u00e7lad\u0131k. Proje kapsam\u0131nda, Sense Essentials,\u00a0 marlo &amp; marco, House of Silk gibi \u00e7e\u015fitli markalarla i\u015fbirli\u011fi yap\u0131ld\u0131 ve T\u00fcrkiye\u2019nin d\u00f6rt bir yan\u0131na yay\u0131lan QR kodlu stickerlar ile fark\u0131ndal\u0131k yaratt\u0131k. Bu kampanyalar, meme kanseri konusunda bilinci art\u0131rmak ve erken te\u015fhisin \u00f6nemini vurgulamak i\u00e7in b\u00fcy\u00fck \u00f6nem ta\u015f\u0131d\u0131.\u00a0<\/p><p>Sosyal medya kampas\u0131nda yapt\u0131\u011f\u0131m\u0131z payla\u015f\u0131mlar:<\/p><p>1- <a href=\"https:\/\/www.instagram.com\/p\/CVcidRrIGXM\/\" target=\"_blank\" rel=\"noopener\">https:\/\/www.instagram.com\/p\/CVcidRrIGXM\/<\/a><\/p><p>2- <a href=\"https:\/\/www.instagram.com\/p\/CVdbcOfIlDd\/\" target=\"_blank\" rel=\"noopener\">https:\/\/www.instagram.com\/p\/CVdbcOfIlDd\/\u00a0<\/a><\/p><p>3- <a href=\"https:\/\/www.instagram.com\/p\/CVfOIAXoLv6\/\" target=\"_blank\" rel=\"noopener\">https:\/\/www.instagram.com\/p\/CVfOIAXoLv6\/<\/a><\/p><p>4-<a href=\"https:\/\/www.instagram.com\/p\/CViMTcHoahe\/\" target=\"_blank\" rel=\"noopener\">https:\/\/www.instagram.com\/p\/CViMTcHoahe\/<\/a><\/p><p>5- <a href=\"https:\/\/www.instagram.com\/p\/CVixIAAILQS\/\" target=\"_blank\" rel=\"noopener\">https:\/\/www.instagram.com\/p\/CVixIAAILQS\/<\/a><\/p><p>6- <a href=\"https:\/\/www.instagram.com\/p\/CVpyMJDIUBT\/\" target=\"_blank\" rel=\"noopener\">https:\/\/www.instagram.com\/p\/CVpyMJDIUBT\/<\/a><\/p><p>7- <a href=\"https:\/\/www.instagram.com\/p\/CVp-uHeI554\/\" target=\"_blank\" rel=\"noopener\">https:\/\/www.instagram.com\/p\/CVp-uHeI554\/<\/a><\/p><p><strong>Project Impacts:<\/strong> Bu proje ile T\u00fcrkiye\u2019nin d\u00f6rt bir yan\u0131ndan bir\u00e7ok insan Meme Kanseri Erken Tan\u0131 Rehberine ula\u015ft\u0131 ve sosyal medya \u00fczerinden farkl\u0131 konulara dikkat \u00e7ekti\u011fimiz payla\u015f\u0131mlar binlerce ki\u015fiye ula\u015ft\u0131.<\/p><p><strong>Project Timeline:<\/strong> Bu proje, 2021 y\u0131l\u0131nda ba\u015flad\u0131 ve hala devam etmektedir.\u00a0<\/p><p>Nas\u0131l ba\u011flant\u0131 kurabilirsiniz?\u00a0 Rehbere ula\u015fmak i\u00e7in: <a href=\"https:\/\/www.kizbasina.com\/en\/meme-kanseri-erken-tani-rehberi\/\" target=\"_blank\" rel=\"noopener\">https:\/\/www.kizbasina.com\/meme-kanseri-erken-tani-rehberi\/<\/a><\/p>\t\t\t\t\t\t\t\t<\/div>\n\t\t\t\t<\/div>\n\t\t\t\t\t<\/div>\n\t\t<\/div>\n\t\t\t\t\t<\/div>\n\t\t<\/section>\n\t\t\t\t<section class=\"elementor-section elementor-top-section elementor-element elementor-element-107ba04 elementor-section-boxed elementor-section-height-default elementor-section-height-default\" data-id=\"107ba04\" data-element_type=\"section\">\n\t\t\t\t\t\t<div class=\"elementor-container elementor-column-gap-default\">\n\t\t\t\t\t<div class=\"elementor-column elementor-col-100 elementor-top-column elementor-element elementor-element-4a15a60\" data-id=\"4a15a60\" data-element_type=\"column\">\n\t\t\t<div class=\"elementor-widget-wrap elementor-element-populated\">\n\t\t\t\t\t\t<div class=\"elementor-element elementor-element-70dcb85 elementor-widget-divider--view-line elementor-widget elementor-widget-divider\" data-id=\"70dcb85\" data-element_type=\"widget\" data-widget_type=\"divider.default\">\n\t\t\t\t<div class=\"elementor-widget-container\">\n\t\t\t\t\t\t\t<div class=\"elementor-divider\">\n\t\t\t<span class=\"elementor-divider-separator\">\n\t\t\t\t\t\t<\/span>\n\t\t<\/div>\n\t\t\t\t\t\t<\/div>\n\t\t\t\t<\/div>\n\t\t\t\t\t<\/div>\n\t\t<\/div>\n\t\t\t\t\t<\/div>\n\t\t<\/section>\n\t\t\t\t<\/div>","protected":false},"excerpt":{"rendered":"<p class=\"tx-excerpt\">Projenin Amac\u0131: Meme kanseri konusunda fark\u0131ndal\u0131\u011f\u0131 art\u0131rmak ve erken te\u015fhisin \u00f6nemini vurgulamak i\u00e7in \u00e7\u0131kt\u0131\u011f\u0131m\u0131z bu yolda bir \u2018Meme Kanseri Erken Tan\u0131 Rehberi\u2019 olu\u015fturarak insanlar\u0131 tan\u0131, te\u015fhis, risk fakt\u00f6rleri, kendi kendine meme muayenesi, mamografi gibi bir\u00e7ok...<\/p>","protected":false},"author":1,"featured_media":0,"parent":484,"menu_order":0,"comment_status":"closed","ping_status":"closed","template":"","meta":{"footnotes":""},"class_list":["post-2422","page","type-page","status-publish","hentry"],"_links":{"self":[{"href":"https:\/\/www.kizbasina.com\/en\/wp-json\/wp\/v2\/pages\/2422","targetHints":{"allow":["GET"]}}],"collection":[{"href":"https:\/\/www.kizbasina.com\/en\/wp-json\/wp\/v2\/pages"}],"about":[{"href":"https:\/\/www.kizbasina.com\/en\/wp-json\/wp\/v2\/types\/page"}],"author":[{"embeddable":true,"href":"https:\/\/www.kizbasina.com\/en\/wp-json\/wp\/v2\/users\/1"}],"replies":[{"embeddable":true,"href":"https:\/\/www.kizbasina.com\/en\/wp-json\/wp\/v2\/comments?post=2422"}],"version-history":[{"count":19,"href":"https:\/\/www.kizbasina.com\/en\/wp-json\/wp\/v2\/pages\/2422\/revisions"}],"predecessor-version":[{"id":3985,"href":"https:\/\/www.kizbasina.com\/en\/wp-json\/wp\/v2\/pages\/2422\/revisions\/3985"}],"up":[{"embeddable":true,"href":"https:\/\/www.kizbasina.com\/en\/wp-json\/wp\/v2\/pages\/484"}],"wp:attachment":[{"href":"https:\/\/www.kizbasina.com\/en\/wp-json\/wp\/v2\/media?parent=2422"}],"curies":[{"name":"wp","href":"https:\/\/api.w.org\/{rel}","templated":true}]}}