{"id":2420,"date":"2023-08-24T12:03:20","date_gmt":"2023-08-24T12:03:20","guid":{"rendered":"https:\/\/www.kizbasina.com\/?page_id=2420"},"modified":"2023-10-19T16:52:23","modified_gmt":"2023-10-19T16:52:23","slug":"kurtaj-hakki-rehberi-projesi","status":"publish","type":"page","link":"https:\/\/www.kizbasina.com\/en\/projeler\/kurtaj-hakki-rehberi-projesi\/","title":{"rendered":"Abortion Rights Guide Project"},"content":{"rendered":"<div data-elementor-type=\"wp-page\" data-elementor-id=\"2420\" class=\"elementor elementor-2420\">\n\t\t\t\t\t\t<section class=\"elementor-section elementor-top-section elementor-element elementor-element-962599c elementor-section-full_width elementor-section-stretched elementor-section-height-default elementor-section-height-default\" data-id=\"962599c\" data-element_type=\"section\" data-settings=\"{&quot;stretch_section&quot;:&quot;section-stretched&quot;}\">\n\t\t\t\t\t\t<div class=\"elementor-container elementor-column-gap-default\">\n\t\t\t\t\t<div class=\"elementor-column elementor-col-100 elementor-top-column elementor-element elementor-element-b697880\" data-id=\"b697880\" data-element_type=\"column\">\n\t\t\t<div class=\"elementor-widget-wrap elementor-element-populated\">\n\t\t\t\t\t\t\t<\/div>\n\t\t<\/div>\n\t\t\t\t\t<\/div>\n\t\t<\/section>\n\t\t\t\t<section class=\"elementor-section elementor-top-section elementor-element elementor-element-9defea7 elementor-section-full_width elementor-section-stretched elementor-section-height-default elementor-section-height-default\" data-id=\"9defea7\" data-element_type=\"section\" data-settings=\"{&quot;stretch_section&quot;:&quot;section-stretched&quot;}\">\n\t\t\t\t\t\t<div class=\"elementor-container elementor-column-gap-default\">\n\t\t\t\t\t<div class=\"elementor-column elementor-col-100 elementor-top-column elementor-element elementor-element-ba7a2a2\" data-id=\"ba7a2a2\" data-element_type=\"column\">\n\t\t\t<div class=\"elementor-widget-wrap elementor-element-populated\">\n\t\t\t\t\t\t<div class=\"elementor-element elementor-element-9b20714 elementor-widget-divider--view-line elementor-widget elementor-widget-divider\" data-id=\"9b20714\" data-element_type=\"widget\" data-widget_type=\"divider.default\">\n\t\t\t\t<div class=\"elementor-widget-container\">\n\t\t\t\t\t\t\t<div class=\"elementor-divider\">\n\t\t\t<span class=\"elementor-divider-separator\">\n\t\t\t\t\t\t<\/span>\n\t\t<\/div>\n\t\t\t\t\t\t<\/div>\n\t\t\t\t<\/div>\n\t\t\t\t\t<\/div>\n\t\t<\/div>\n\t\t\t\t\t<\/div>\n\t\t<\/section>\n\t\t\t\t<section class=\"elementor-section elementor-top-section elementor-element elementor-element-82c2e7b elementor-section-boxed elementor-section-height-default elementor-section-height-default\" data-id=\"82c2e7b\" data-element_type=\"section\">\n\t\t\t\t\t\t<div class=\"elementor-container elementor-column-gap-default\">\n\t\t\t\t\t<div class=\"elementor-column elementor-col-100 elementor-top-column elementor-element elementor-element-9d2fc37\" data-id=\"9d2fc37\" data-element_type=\"column\">\n\t\t\t<div class=\"elementor-widget-wrap elementor-element-populated\">\n\t\t\t\t\t\t<div class=\"elementor-element elementor-element-a8ca197 elementor-widget elementor-widget-text-editor\" data-id=\"a8ca197\" data-element_type=\"widget\" data-widget_type=\"text-editor.default\">\n\t\t\t\t<div class=\"elementor-widget-container\">\n\t\t\t\t\t\t\t\t\t<p><strong>Project Purpose:<\/strong> K\u00fcrtaj Hakk\u0131 Rehberi Kampanyas\u0131, toplumdaki k\u00fcrtaj hakk\u0131ndaki tabular\u0131 ve bilinmezlikleri sona erdirmeyi ama\u00e7lamaktad\u0131r. Bu proje, kad\u0131nlar\u0131n k\u00fcrtaj hakk\u0131nda ya\u015fad\u0131\u011f\u0131 bask\u0131lara ve maruz kald\u0131\u011f\u0131 hukuki ihlallere engel olma gayesi ile ortaya \u00e7\u0131km\u0131\u015ft\u0131r. Temel bir insan hakk\u0131 olan k\u00fcrtaj hakk\u0131 ile ilgili toplumsal mitleri y\u0131kmak, bu konuda do\u011fru bilinen yanl\u0131\u015flar\u0131 d\u00fczeltmek ve fark\u0131ndal\u0131\u011f\u0131 art\u0131rmak amac\u0131yla \u00e7ok kapsaml\u0131, herkese a\u00e7\u0131k ve \u00fccretsiz bir K\u00fcrtaj Hakk\u0131 Rehberi olu\u015fturulmu\u015ftur.<\/p><p><strong>Project Scope:<\/strong> K\u00fcrtaj Hakk\u0131 Rehberi Kampanyas\u0131, k\u00fcrtaj hakk\u0131 konusunda toplumu bilgilendirmek ve bu hakk\u0131n yayg\u0131nla\u015fmas\u0131n\u0131 sa\u011flamak i\u00e7in olu\u015fturulan bir rehberi i\u00e7ermektedir. Projede, kad\u0131nlar\u0131n bu hakk\u0131 g\u00fcvenli ve yasal bir \u015fekilde kullanabilmesi i\u00e7in gerekli bilgileri sa\u011flar ve ayn\u0131 zamanda toplumda bu konuda fark\u0131ndal\u0131\u011f\u0131 art\u0131rmak i\u00e7in kampanyalar d\u00fczenlenmi\u015ftir.<\/p><p><strong>Target Audience:<\/strong> Bu proje,t\u00fcm bireylere hitap etmektedir.<\/p><p><strong>Project Activities:<\/strong> K\u00fcrtaj Hakk\u0131 Rehberi Projesi 2020\u2019de yay\u0131nland\u0131. Bu s\u00fcre\u00e7te k\u00fcrtaj hakk\u0131, k\u00fcrtaj\u0131n t\u0131bbi etkileri ve toplumdaki yeri hakk\u0131nda sosyal medya kampanyalar\u0131m\u0131z devam etti.<\/p><p><strong>Project Impacts:<\/strong> K\u00fcrtaj Hakk\u0131 Rehberi Kampanyas\u0131 projesi, binlerce ki\u015fiye ula\u015farak k\u00fcrtaj hakk\u0131 konusunda \u00f6nemli bir fark\u0131ndal\u0131k yaratm\u0131\u015ft\u0131r.\u00a0<\/p><p>Projemiz, sosyal medyada b\u00fcy\u00fck bir ilgi g\u00f6rd\u00fc ve geni\u015f kapsaml\u0131 bir etki olu\u015fturdu.<\/p><p><strong>Project Timeline:<\/strong> Proje, Ekim 2020\u2019de tamamlanm\u0131\u015f olup halen herkese a\u00e7\u0131k ve \u00fccretsiz bulunan K\u00fcrtaj Hakk\u0131 Rehberi ile bilgilendirici i\u00e7erikler yay\u0131nlanmaya devam etmektedir.<\/p><p>How to Connect:\u00a0<\/p><p>To learn more about the project, participate in activities, and provide support, please visit our website: <a href=\"https:\/\/www.kizbasina.com\/en\/\">https:\/\/www.kizbasina.com\/en\/<\/a>.\u00a0 Ayr\u0131ca sosyal medya hesaplar\u0131m\u0131zdan da g\u00fcncel etkinliklerimiz ve \u00e7al\u0131\u015fmalar\u0131m\u0131z hakk\u0131nda bilgi alabilirsiniz.\u00a0<\/p><p><strong>K\u00fcrtaj Hakk\u0131 Rehberi\u2019ne ula\u015fmak i\u00e7in:<a href=\"https:\/\/www.kizbasina.com\/en\/kurtaj-hakki-rehberi\/\">https:\/\/www.kizbasina.com\/kurtaj-hakki-rehberi\/<\/a> <\/strong><\/p>\t\t\t\t\t\t\t\t<\/div>\n\t\t\t\t<\/div>\n\t\t\t\t\t<\/div>\n\t\t<\/div>\n\t\t\t\t\t<\/div>\n\t\t<\/section>\n\t\t\t\t<section class=\"elementor-section elementor-top-section elementor-element elementor-element-107ba04 elementor-section-boxed elementor-section-height-default elementor-section-height-default\" data-id=\"107ba04\" data-element_type=\"section\">\n\t\t\t\t\t\t<div class=\"elementor-container elementor-column-gap-default\">\n\t\t\t\t\t<div class=\"elementor-column elementor-col-100 elementor-top-column elementor-element elementor-element-4a15a60\" data-id=\"4a15a60\" data-element_type=\"column\">\n\t\t\t<div class=\"elementor-widget-wrap elementor-element-populated\">\n\t\t\t\t\t\t<div class=\"elementor-element elementor-element-70dcb85 elementor-widget-divider--view-line elementor-widget elementor-widget-divider\" data-id=\"70dcb85\" data-element_type=\"widget\" data-widget_type=\"divider.default\">\n\t\t\t\t<div class=\"elementor-widget-container\">\n\t\t\t\t\t\t\t<div class=\"elementor-divider\">\n\t\t\t<span class=\"elementor-divider-separator\">\n\t\t\t\t\t\t<\/span>\n\t\t<\/div>\n\t\t\t\t\t\t<\/div>\n\t\t\t\t<\/div>\n\t\t\t\t\t<\/div>\n\t\t<\/div>\n\t\t\t\t\t<\/div>\n\t\t<\/section>\n\t\t\t\t<\/div>","protected":false},"excerpt":{"rendered":"<p class=\"tx-excerpt\">Projenin Amac\u0131: K\u00fcrtaj Hakk\u0131 Rehberi Kampanyas\u0131, toplumdaki k\u00fcrtaj hakk\u0131ndaki tabular\u0131 ve bilinmezlikleri sona erdirmeyi ama\u00e7lamaktad\u0131r. Bu proje, kad\u0131nlar\u0131n k\u00fcrtaj hakk\u0131nda ya\u015fad\u0131\u011f\u0131 bask\u0131lara ve maruz kald\u0131\u011f\u0131 hukuki ihlallere engel olma gayesi ile ortaya \u00e7\u0131km\u0131\u015ft\u0131r. Temel bir...<\/p>","protected":false},"author":1,"featured_media":0,"parent":484,"menu_order":0,"comment_status":"closed","ping_status":"closed","template":"","meta":{"footnotes":""},"class_list":["post-2420","page","type-page","status-publish","hentry"],"_links":{"self":[{"href":"https:\/\/www.kizbasina.com\/en\/wp-json\/wp\/v2\/pages\/2420","targetHints":{"allow":["GET"]}}],"collection":[{"href":"https:\/\/www.kizbasina.com\/en\/wp-json\/wp\/v2\/pages"}],"about":[{"href":"https:\/\/www.kizbasina.com\/en\/wp-json\/wp\/v2\/types\/page"}],"author":[{"embeddable":true,"href":"https:\/\/www.kizbasina.com\/en\/wp-json\/wp\/v2\/users\/1"}],"replies":[{"embeddable":true,"href":"https:\/\/www.kizbasina.com\/en\/wp-json\/wp\/v2\/comments?post=2420"}],"version-history":[{"count":4,"href":"https:\/\/www.kizbasina.com\/en\/wp-json\/wp\/v2\/pages\/2420\/revisions"}],"predecessor-version":[{"id":3027,"href":"https:\/\/www.kizbasina.com\/en\/wp-json\/wp\/v2\/pages\/2420\/revisions\/3027"}],"up":[{"embeddable":true,"href":"https:\/\/www.kizbasina.com\/en\/wp-json\/wp\/v2\/pages\/484"}],"wp:attachment":[{"href":"https:\/\/www.kizbasina.com\/en\/wp-json\/wp\/v2\/media?parent=2420"}],"curies":[{"name":"wp","href":"https:\/\/api.w.org\/{rel}","templated":true}]}}