{"id":2418,"date":"2023-08-24T12:02:58","date_gmt":"2023-08-24T12:02:58","guid":{"rendered":"https:\/\/www.kizbasina.com\/?page_id=2418"},"modified":"2023-10-19T17:29:51","modified_gmt":"2023-10-19T17:29:51","slug":"e-guvenlik-rehberi-projesi","status":"publish","type":"page","link":"https:\/\/www.kizbasina.com\/en\/projeler\/e-guvenlik-rehberi-projesi\/","title":{"rendered":"E-Safety Guide Project"},"content":{"rendered":"<div data-elementor-type=\"wp-page\" data-elementor-id=\"2418\" class=\"elementor elementor-2418\">\n\t\t\t\t\t\t<section class=\"elementor-section elementor-top-section elementor-element elementor-element-962599c elementor-section-full_width elementor-section-stretched elementor-section-height-default elementor-section-height-default\" data-id=\"962599c\" data-element_type=\"section\" data-settings=\"{&quot;stretch_section&quot;:&quot;section-stretched&quot;}\">\n\t\t\t\t\t\t<div class=\"elementor-container elementor-column-gap-default\">\n\t\t\t\t\t<div class=\"elementor-column elementor-col-100 elementor-top-column elementor-element elementor-element-b697880\" data-id=\"b697880\" data-element_type=\"column\">\n\t\t\t<div class=\"elementor-widget-wrap elementor-element-populated\">\n\t\t\t\t\t\t\t<\/div>\n\t\t<\/div>\n\t\t\t\t\t<\/div>\n\t\t<\/section>\n\t\t\t\t<section class=\"elementor-section elementor-top-section elementor-element elementor-element-9defea7 elementor-section-full_width elementor-section-stretched elementor-section-height-default elementor-section-height-default\" data-id=\"9defea7\" data-element_type=\"section\" data-settings=\"{&quot;stretch_section&quot;:&quot;section-stretched&quot;}\">\n\t\t\t\t\t\t<div class=\"elementor-container elementor-column-gap-default\">\n\t\t\t\t\t<div class=\"elementor-column elementor-col-100 elementor-top-column elementor-element elementor-element-ba7a2a2\" data-id=\"ba7a2a2\" data-element_type=\"column\">\n\t\t\t<div class=\"elementor-widget-wrap elementor-element-populated\">\n\t\t\t\t\t\t<div class=\"elementor-element elementor-element-9b20714 elementor-widget-divider--view-line elementor-widget elementor-widget-divider\" data-id=\"9b20714\" data-element_type=\"widget\" data-widget_type=\"divider.default\">\n\t\t\t\t<div class=\"elementor-widget-container\">\n\t\t\t\t\t\t\t<div class=\"elementor-divider\">\n\t\t\t<span class=\"elementor-divider-separator\">\n\t\t\t\t\t\t<\/span>\n\t\t<\/div>\n\t\t\t\t\t\t<\/div>\n\t\t\t\t<\/div>\n\t\t\t\t\t<\/div>\n\t\t<\/div>\n\t\t\t\t\t<\/div>\n\t\t<\/section>\n\t\t\t\t<section class=\"elementor-section elementor-top-section elementor-element elementor-element-82c2e7b elementor-section-boxed elementor-section-height-default elementor-section-height-default\" data-id=\"82c2e7b\" data-element_type=\"section\">\n\t\t\t\t\t\t<div class=\"elementor-container elementor-column-gap-default\">\n\t\t\t\t\t<div class=\"elementor-column elementor-col-100 elementor-top-column elementor-element elementor-element-9d2fc37\" data-id=\"9d2fc37\" data-element_type=\"column\">\n\t\t\t<div class=\"elementor-widget-wrap elementor-element-populated\">\n\t\t\t\t\t\t<div class=\"elementor-element elementor-element-a8ca197 elementor-widget elementor-widget-text-editor\" data-id=\"a8ca197\" data-element_type=\"widget\" data-widget_type=\"text-editor.default\">\n\t\t\t\t<div class=\"elementor-widget-container\">\n\t\t\t\t\t\t\t\t\t<p><strong>Project Purpose:<\/strong> Projenin amac\u0131 \u00f6zellikle gen\u00e7ler ve \u00e7ocuklar ba\u015fta olmak \u00fczere ebeveynleri ve bireyleri siber g\u00fcvenlik \u00e7er\u00e7evesinde e\u011fitmek ve potansiyel siber tehlikeler ve risklerden korumakt\u0131r.\u00a0<\/p><p><strong>Project Scope:<\/strong> E-G\u00fcvenlik yaln\u0131zca internetin de\u011fil ayn\u0131 zamanda gen\u00e7lerin elektronik ortamda ileti\u015fim kurmalar\u0131n\u0131 da i\u00e7eren bir terimdir. E-g\u00fcvenli\u011fin artt\u0131r\u0131lmas\u0131n\u0131n amac\u0131, zorbal\u0131\u011fa maruz kalma, cinsel i\u00e7erikli davran\u0131\u015f veya s\u00f6m\u00fcr\u00fc de dahil olmak \u00fczere, gen\u00e7leri elektronik medyaya eri\u015fme ve bunlar\u0131 kullanman\u0131n olumsuz sonu\u00e7lar\u0131ndan korumakt\u0131r.<\/p><p><strong>Target Audience:<\/strong> Projenin hedef kitlesi t\u00fcm toplumdur.<\/p><p><strong>Project Activities:<\/strong> \u00a0\u0130nternet genelde ilham verici ve olumlu bir yer. \u0130nternet, \u00e7ocuklar\u0131n ve gen\u00e7lerin bir dizi cihazda, \u00e7e\u015fitli \u015fekillerde, ileti\u015fim kuras\u0131n\u0131 ve yarat\u0131c\u0131 olmas\u0131n\u0131 sa\u011flayan inan\u0131lmaz bir kaynakt\u0131r. Ancak, internet her zaman de\u011fi\u015fiyor ve \u00e7ocuklar\u0131n\u0131z\u0131n teknolojiyi kullanmalar\u0131yla ilgili g\u00fcncel kalabilmemiz zorla\u015f\u0131yor., \u00c7ocuklar ve gen\u00e7 insanlar\u0131n online hayatlar\u0131n\u0131 y\u00f6netmek konusunda h\u00e2l\u00e2 tavsiye ve korumaya ihtiya\u00e7lar\u0131 vard\u0131r. Bu kapsamda faaliyetler y\u00fcr\u00fcterek e\u011fitim niteli\u011finde bir rehber haz\u0131rlamak ad\u0131na s\u00fcrece ba\u015fland\u0131.\u00a0<\/p><p><strong>Project Impacts:<\/strong> Bu kapsamda K\u0131zBa\u015f\u0131na\u2019n\u0131n internet sitesinde E-G\u00fcvenlik Rehberi yay\u0131nland\u0131. Bu rehber i\u00e7erisinde kapsaml\u0131 bir \u015fekilde potansiyel t\u00fcm siber tehditler a\u00e7\u0131kland\u0131 ve korunma yollar\u0131 de\u011ferlendirildi. Bu rehber halka a\u00e7\u0131k ve \u00fccretsiz bir \u015fekilde sunuldu.<\/p><p><strong>Project Timeline:<\/strong> Proje, 2017 y\u0131l\u0131nda ger\u00e7ekle\u015ftirilmi\u015ftir.\u00a0<\/p><p><strong>How to Connect:<\/strong> E-G\u00fcvenlik rehberine internet sitemiz \u00fczerinden diledi\u011finiz zaman ula\u015fabilir ve faydalanabilirsiniz.<br \/><a href=\"https:\/\/www.kizbasina.com\/en\/projeler\/e-guvenlik-rehberi\/\">https:\/\/www.kizbasina.com\/projeler\/e-guvenlik-rehberi\/<\/a><\/p>\t\t\t\t\t\t\t\t<\/div>\n\t\t\t\t<\/div>\n\t\t\t\t<div class=\"elementor-element elementor-element-70dcb85 elementor-widget-divider--view-line elementor-widget elementor-widget-divider\" data-id=\"70dcb85\" data-element_type=\"widget\" data-widget_type=\"divider.default\">\n\t\t\t\t<div class=\"elementor-widget-container\">\n\t\t\t\t\t\t\t<div class=\"elementor-divider\">\n\t\t\t<span class=\"elementor-divider-separator\">\n\t\t\t\t\t\t<\/span>\n\t\t<\/div>\n\t\t\t\t\t\t<\/div>\n\t\t\t\t<\/div>\n\t\t\t\t<div class=\"elementor-element elementor-element-a3452e1 elementor-widget elementor-widget-text-editor\" data-id=\"a3452e1\" data-element_type=\"widget\" data-widget_type=\"text-editor.default\">\n\t\t\t\t<div class=\"elementor-widget-container\">\n\t\t\t\t\t\t\t\t\t<p>T\u00fcrkiye\u2019de her y\u0131l kad\u0131n cinayetleriyle birlikte cinsiyete dayal\u0131 \u015fiddet artmaktad\u0131r. Toplum ya\u015fanan bu olaylar dolay\u0131s\u0131yla \u00fcz\u00fcl\u00fcrken, sorumluluk y\u00fck\u00fcn\u00fcn kabul edilmemesi davran\u0131\u015f\u0131yla birlikte sorumlulu\u011fu tan\u0131mlanamayan bir ba\u015fkas\u0131n\u0131 devretme davran\u0131\u015f\u0131 ortaya \u00e7\u0131kmaktad\u0131r.<br \/><br \/>Aile i\u00e7i \u015fiddet ve kad\u0131n cinayetleri \u00fczerine yap\u0131lan ara\u015ft\u0131rmalar g\u00f6stermektedir ki toplum, kad\u0131n cinayetlerini \u00e7\u00f6z\u00fclebilecek bir sorun olarak g\u00f6rmesine ra\u011fmen bunun tamamen kolluk kuvvetleri arac\u0131l\u0131\u011f\u0131yla yap\u0131labilece\u011fini d\u00fc\u015f\u00fcnmekte ve herhangi bir bireyin tek ba\u015f\u0131na bir \u015fey yapamayaca\u011f\u0131 g\u00f6r\u00fc\u015f\u00fcndedir. Toplum taraf\u0131ndan sahip olunan bir di\u011fer yayg\u0131n g\u00f6r\u00fc\u015f ise aile i\u00e7i \u015fiddetin hane i\u00e7erisinde ger\u00e7ekle\u015fen bir eylem oldu\u011fu ve d\u0131\u015far\u0131dan m\u00fcdahele edilmemesi gerekti\u011fi y\u00f6n\u00fcndedir.<br \/><br \/>Biz de K\u0131zBa\u015f\u0131na olarak, topluma bireysel sorumluluklar\u0131m\u0131z\u0131 hat\u0131rlatmak amac\u0131yla \u201cDijital Karanfil Kampanyas\u0131\u201dn\u0131 ba\u015flatt\u0131k. Bu kampanyada amac\u0131m\u0131z kad\u0131n cinayetlerinin hi\u00e7 de uza\u011f\u0131m\u0131zda olmad\u0131\u011f\u0131n\u0131 ve her yerde bir kad\u0131n\u0131n \u00f6ld\u00fcr\u00fcld\u00fc\u011f\u00fcn\u00fc hat\u0131rlatmakt\u0131r. Kampanyayla birlikte, QR kodlar bas\u0131l\u0131 posterler ve stickerlar, T\u00fcrkiye\u2019de 2017 ve 2019 y\u0131llar\u0131 aras\u0131nda \u00f6ld\u00fcr\u00fclen kad\u0131nlar\u0131n \u00f6ld\u00fcr\u00fcld\u00fckleri semt ve mahallelere yerel g\u00f6n\u00fcll\u00fc a\u011f\u0131m\u0131z arac\u0131l\u0131\u011f\u0131yla yap\u0131\u015ft\u0131r\u0131ld\u0131 ve as\u0131ld\u0131. Ayn\u0131 \u015fekilde amac\u0131m\u0131z bu posterlerin \u00f6ld\u00fcr\u00fclen kad\u0131nlar i\u00e7in bir an\u0131t olmas\u0131d\u0131r ve bu kapsamda \u00fcniversite \u00f6\u011frencilerine, \u00fcniversite mezunlar\u0131na, sivil toplum kurulu\u015flar\u0131na ve kentlerde ya\u015fayan insanlara ula\u015fmay\u0131 ama\u00e7lad\u0131k. Kampanya sonunda 1000 g\u00f6n\u00fcll\u00fcm\u00fcz ile 550den fazla lokasyona ve 72 \u015fehire yakla\u015f\u0131k 2900 bas\u0131l\u0131 materyal g\u00f6nderdik.<\/p>\t\t\t\t\t\t\t\t<\/div>\n\t\t\t\t<\/div>\n\t\t\t\t\t<\/div>\n\t\t<\/div>\n\t\t\t\t\t<\/div>\n\t\t<\/section>\n\t\t\t\t<section class=\"elementor-section elementor-top-section elementor-element elementor-element-107ba04 elementor-section-boxed elementor-section-height-default elementor-section-height-default\" data-id=\"107ba04\" data-element_type=\"section\">\n\t\t\t\t\t\t<div class=\"elementor-container elementor-column-gap-default\">\n\t\t\t\t\t<div class=\"elementor-column elementor-col-100 elementor-top-column elementor-element elementor-element-4a15a60\" data-id=\"4a15a60\" data-element_type=\"column\">\n\t\t\t<div class=\"elementor-widget-wrap\">\n\t\t\t\t\t\t\t<\/div>\n\t\t<\/div>\n\t\t\t\t\t<\/div>\n\t\t<\/section>\n\t\t\t\t<\/div>","protected":false},"excerpt":{"rendered":"<p class=\"tx-excerpt\">Projenin Amac\u0131: Projenin amac\u0131 \u00f6zellikle gen\u00e7ler ve \u00e7ocuklar ba\u015fta olmak \u00fczere ebeveynleri ve bireyleri siber g\u00fcvenlik \u00e7er\u00e7evesinde e\u011fitmek ve potansiyel siber tehlikeler ve risklerden korumakt\u0131r.\u00a0 Projenin Kapsam\u0131: E-G\u00fcvenlik yaln\u0131zca internetin de\u011fil ayn\u0131 zamanda gen\u00e7lerin elektronik...<\/p>","protected":false},"author":1,"featured_media":0,"parent":484,"menu_order":0,"comment_status":"closed","ping_status":"closed","template":"","meta":{"footnotes":""},"class_list":["post-2418","page","type-page","status-publish","hentry"],"_links":{"self":[{"href":"https:\/\/www.kizbasina.com\/en\/wp-json\/wp\/v2\/pages\/2418","targetHints":{"allow":["GET"]}}],"collection":[{"href":"https:\/\/www.kizbasina.com\/en\/wp-json\/wp\/v2\/pages"}],"about":[{"href":"https:\/\/www.kizbasina.com\/en\/wp-json\/wp\/v2\/types\/page"}],"author":[{"embeddable":true,"href":"https:\/\/www.kizbasina.com\/en\/wp-json\/wp\/v2\/users\/1"}],"replies":[{"embeddable":true,"href":"https:\/\/www.kizbasina.com\/en\/wp-json\/wp\/v2\/comments?post=2418"}],"version-history":[{"count":7,"href":"https:\/\/www.kizbasina.com\/en\/wp-json\/wp\/v2\/pages\/2418\/revisions"}],"predecessor-version":[{"id":2982,"href":"https:\/\/www.kizbasina.com\/en\/wp-json\/wp\/v2\/pages\/2418\/revisions\/2982"}],"up":[{"embeddable":true,"href":"https:\/\/www.kizbasina.com\/en\/wp-json\/wp\/v2\/pages\/484"}],"wp:attachment":[{"href":"https:\/\/www.kizbasina.com\/en\/wp-json\/wp\/v2\/media?parent=2418"}],"curies":[{"name":"wp","href":"https:\/\/api.w.org\/{rel}","templated":true}]}}