{"id":2400,"date":"2023-09-26T14:41:57","date_gmt":"2023-09-26T14:41:57","guid":{"rendered":"https:\/\/www.kizbasina.com\/?page_id=2400"},"modified":"2023-11-15T22:10:09","modified_gmt":"2023-11-15T22:10:09","slug":"benim-steam-idolum-projesi","status":"publish","type":"page","link":"https:\/\/www.kizbasina.com\/en\/projeler\/benim-steam-idolum-projesi\/","title":{"rendered":"My STEAM Idol"},"content":{"rendered":"<div data-elementor-type=\"wp-page\" data-elementor-id=\"2400\" class=\"elementor elementor-2400\">\n\t\t\t\t\t\t<section class=\"elementor-section elementor-top-section elementor-element elementor-element-962599c elementor-section-full_width elementor-section-stretched elementor-section-height-default elementor-section-height-default\" data-id=\"962599c\" data-element_type=\"section\" data-settings=\"{&quot;stretch_section&quot;:&quot;section-stretched&quot;}\">\n\t\t\t\t\t\t<div class=\"elementor-container elementor-column-gap-default\">\n\t\t\t\t\t<div class=\"elementor-column elementor-col-100 elementor-top-column elementor-element elementor-element-b697880\" data-id=\"b697880\" data-element_type=\"column\">\n\t\t\t<div class=\"elementor-widget-wrap elementor-element-populated\">\n\t\t\t\t\t\t\t<\/div>\n\t\t<\/div>\n\t\t\t\t\t<\/div>\n\t\t<\/section>\n\t\t\t\t<section class=\"elementor-section elementor-top-section elementor-element elementor-element-9defea7 elementor-section-full_width elementor-section-stretched elementor-section-height-default elementor-section-height-default\" data-id=\"9defea7\" data-element_type=\"section\" data-settings=\"{&quot;stretch_section&quot;:&quot;section-stretched&quot;}\">\n\t\t\t\t\t\t<div class=\"elementor-container elementor-column-gap-default\">\n\t\t\t\t\t<div class=\"elementor-column elementor-col-100 elementor-top-column elementor-element elementor-element-ba7a2a2\" data-id=\"ba7a2a2\" data-element_type=\"column\">\n\t\t\t<div class=\"elementor-widget-wrap elementor-element-populated\">\n\t\t\t\t\t\t<div class=\"elementor-element elementor-element-9b20714 elementor-widget-divider--view-line elementor-widget elementor-widget-divider\" data-id=\"9b20714\" data-element_type=\"widget\" data-widget_type=\"divider.default\">\n\t\t\t\t<div class=\"elementor-widget-container\">\n\t\t\t\t\t\t\t<div class=\"elementor-divider\">\n\t\t\t<span class=\"elementor-divider-separator\">\n\t\t\t\t\t\t<\/span>\n\t\t<\/div>\n\t\t\t\t\t\t<\/div>\n\t\t\t\t<\/div>\n\t\t\t\t\t<\/div>\n\t\t<\/div>\n\t\t\t\t\t<\/div>\n\t\t<\/section>\n\t\t\t\t<section class=\"elementor-section elementor-top-section elementor-element elementor-element-82c2e7b elementor-section-boxed elementor-section-height-default elementor-section-height-default\" data-id=\"82c2e7b\" data-element_type=\"section\">\n\t\t\t\t\t\t<div class=\"elementor-container elementor-column-gap-default\">\n\t\t\t\t\t<div class=\"elementor-column elementor-col-100 elementor-top-column elementor-element elementor-element-9d2fc37\" data-id=\"9d2fc37\" data-element_type=\"column\">\n\t\t\t<div class=\"elementor-widget-wrap elementor-element-populated\">\n\t\t\t\t\t\t<div class=\"elementor-element elementor-element-a8ca197 elementor-widget elementor-widget-text-editor\" data-id=\"a8ca197\" data-element_type=\"widget\" data-widget_type=\"text-editor.default\">\n\t\t\t\t<div class=\"elementor-widget-container\">\n\t\t\t\t\t\t\t\t\t<p><strong>Project Name:<\/strong> Benim STEAM \u0130dol\u00fcm Projesi<\/p><p><strong>Project Purpose: <\/strong>Benim STEAM \u0130dol\u00fcm Projesi, k\u0131z \u00e7ocuklar\u0131n\u0131n ve gen\u00e7lerin STEAM (Fen, Teknoloji, M\u00fchendislik, Be\u015feri \u0130limler ve Matematik) alan\u0131nda \u00e7al\u0131\u015fan rol modellerle bulu\u015fmas\u0131n\u0131 ve onlara ilgi duyduklar\u0131 kariyerler hakk\u0131nda istedikleri her \u015feyi sorabilme \u015fans\u0131 sunmay\u0131 ama\u00e7lar. Ayn\u0131 zamanda bu platform \u00fczerinden STEAM alanlar\u0131na yatk\u0131nl\u0131klar\u0131n\u0131 ke\u015ffedebilir ve alan\u0131nda ba\u015far\u0131l\u0131 kad\u0131nlar, farkl\u0131 meslekler ve burslar hakk\u0131nda bilgi edinebilirler. Proje, gen\u00e7 k\u0131zlar\u0131n gelecekteki meslek kararlar\u0131nda ve \u00fcniversite tercihlerinde daha net ad\u0131mlar izlemelerini desteklemek i\u00e7in hayata ge\u00e7irilmi\u015ftir. Bu kapsamda Avustralya B\u00fcy\u00fckel\u00e7ili\u011fi taraf\u0131ndan desteklenmektedir.<\/p><p><strong>Project Scope: <\/strong>Proje, k\u0131z \u00e7ocuklar\u0131 ve gen\u00e7ler aras\u0131nda STEAM alan\u0131nda ilgi ve fark\u0131ndal\u0131k olu\u015fturmay\u0131 hedefleyen bir platformdur. Avustralya B\u00fcy\u00fckel\u00e7ili\u011fi&#8217;nin deste\u011fiyle hayata ge\u00e7irilen proje, 80 rol modelin kat\u0131l\u0131m\u0131yla 500 kat\u0131l\u0131mc\u0131ya ula\u015farak 10,000&#8217;den fazla kullan\u0131c\u0131y\u0131 kapsamaktad\u0131r.<\/p><p><strong>Target Audience: <\/strong>Benim STEAM \u0130dol\u00fcm Projesi, \u00f6zellikle k\u0131z \u00e7ocuklar\u0131 ve gen\u00e7 k\u0131zlar aras\u0131nda STEAM alanlar\u0131na ilgi duyan herkesin faydalanmas\u0131n\u0131 hedeflemektedir. Bu platform, gelecekte STEAM alan\u0131nda bir kariyere ad\u0131m atmak isteyen gen\u00e7lerin, rol modelleriyle ileti\u015fime ge\u00e7ebilece\u011fi ve ilgi alanlar\u0131na uygun meslekleri daha iyi anlayabilece\u011fi bir ortam sunar.<\/p><p><strong>Project Activities: <\/strong>Projenin ba\u015flang\u0131c\u0131nda, STEAM alanlar\u0131nda ba\u015far\u0131l\u0131 ve ilham verici kad\u0131n rol modeller se\u00e7ilmi\u015f ve projeye kat\u0131lmalar\u0131 sa\u011flanm\u0131\u015ft\u0131r. Daha sonra, gen\u00e7lerin kolayl\u0131kla ula\u015fabilece\u011fi kullan\u0131c\u0131 dostu bir platform olu\u015fturulmu\u015f ve i\u00e7erisine STEAM Yatk\u0131nl\u0131k Testi gibi \u00f6zel ara\u00e7lar eklenmi\u015ftir. Gen\u00e7ler, bu test sayesinde STEAM alanlar\u0131na olan yatk\u0131nl\u0131klar\u0131n\u0131 ke\u015ffedebilirler. Ayn\u0131 zamanda platformda, rol modellerle ileti\u015fim kurabilecekleri \u00f6zel ara\u00e7lar entegre edilmi\u015f ve d\u00fczenli olarak STEAM alanlar\u0131yla ilgili blog yaz\u0131lar\u0131 ve makaleler yay\u0131nlanm\u0131\u015ft\u0131r.<\/p><p><strong>Project Timeline: <\/strong>Proje, 2023 y\u0131l\u0131n\u0131n \u015eubat ay\u0131nda ba\u015flam\u0131\u015f ve Temmuz ay\u0131nda tamamlanm\u0131\u015ft\u0131r.<\/p><p><strong>How to Connect:\u00a0<\/strong>Proje platformuna <a href=\"http:\/\/mysteamidol.kizbasina.com\">mysteamidol.kizbasina.com<\/a> adresinden ula\u015fabilirsiniz. Bu platform arac\u0131l\u0131\u011f\u0131yla rol modellerle ileti\u015fime ge\u00e7ebilir, STEAM Yatk\u0131nl\u0131k Testi&#8217;ni \u00e7\u00f6zebilir ve STEAM alanlar\u0131 hakk\u0131nda bilgi edinebilirsiniz.<\/p>\t\t\t\t\t\t\t\t<\/div>\n\t\t\t\t<\/div>\n\t\t\t\t\t<\/div>\n\t\t<\/div>\n\t\t\t\t\t<\/div>\n\t\t<\/section>\n\t\t\t\t<\/div>","protected":false},"excerpt":{"rendered":"<p class=\"tx-excerpt\">Proje Ad\u0131: Benim STEAM \u0130dol\u00fcm Projesi Projenin Amac\u0131: Benim STEAM \u0130dol\u00fcm Projesi, k\u0131z \u00e7ocuklar\u0131n\u0131n ve gen\u00e7lerin STEAM (Fen, Teknoloji, M\u00fchendislik, Be\u015feri \u0130limler ve Matematik) alan\u0131nda \u00e7al\u0131\u015fan rol modellerle bulu\u015fmas\u0131n\u0131 ve onlara ilgi duyduklar\u0131 kariyerler hakk\u0131nda...<\/p>","protected":false},"author":1,"featured_media":0,"parent":484,"menu_order":0,"comment_status":"closed","ping_status":"closed","template":"","meta":{"footnotes":""},"class_list":["post-2400","page","type-page","status-publish","hentry"],"_links":{"self":[{"href":"https:\/\/www.kizbasina.com\/en\/wp-json\/wp\/v2\/pages\/2400","targetHints":{"allow":["GET"]}}],"collection":[{"href":"https:\/\/www.kizbasina.com\/en\/wp-json\/wp\/v2\/pages"}],"about":[{"href":"https:\/\/www.kizbasina.com\/en\/wp-json\/wp\/v2\/types\/page"}],"author":[{"embeddable":true,"href":"https:\/\/www.kizbasina.com\/en\/wp-json\/wp\/v2\/users\/1"}],"replies":[{"embeddable":true,"href":"https:\/\/www.kizbasina.com\/en\/wp-json\/wp\/v2\/comments?post=2400"}],"version-history":[{"count":23,"href":"https:\/\/www.kizbasina.com\/en\/wp-json\/wp\/v2\/pages\/2400\/revisions"}],"predecessor-version":[{"id":3793,"href":"https:\/\/www.kizbasina.com\/en\/wp-json\/wp\/v2\/pages\/2400\/revisions\/3793"}],"up":[{"embeddable":true,"href":"https:\/\/www.kizbasina.com\/en\/wp-json\/wp\/v2\/pages\/484"}],"wp:attachment":[{"href":"https:\/\/www.kizbasina.com\/en\/wp-json\/wp\/v2\/media?parent=2400"}],"curies":[{"name":"wp","href":"https:\/\/api.w.org\/{rel}","templated":true}]}}