{"id":2213,"date":"2023-08-22T01:31:23","date_gmt":"2023-08-22T01:31:23","guid":{"rendered":"https:\/\/www.kizbasina.com\/?page_id=2213"},"modified":"2023-09-04T14:37:51","modified_gmt":"2023-09-04T14:37:51","slug":"proje-ilanlari","status":"publish","type":"page","link":"https:\/\/www.kizbasina.com\/en\/proje-ilanlari\/","title":{"rendered":"Proje ilanlari"},"content":{"rendered":"<div data-elementor-type=\"wp-page\" data-elementor-id=\"2213\" class=\"elementor elementor-2213\">\n\t\t\t\t\t\t<section class=\"elementor-section elementor-top-section elementor-element elementor-element-4098f32 elementor-section-full_width elementor-section-stretched elementor-section-height-default elementor-section-height-default\" data-id=\"4098f32\" data-element_type=\"section\" data-settings=\"{&quot;stretch_section&quot;:&quot;section-stretched&quot;}\">\n\t\t\t\t\t\t<div class=\"elementor-container elementor-column-gap-default\">\n\t\t\t\t\t<div class=\"elementor-column elementor-col-100 elementor-top-column elementor-element elementor-element-7f38e2c\" data-id=\"7f38e2c\" data-element_type=\"column\">\n\t\t\t<div class=\"elementor-widget-wrap elementor-element-populated\">\n\t\t\t\t\t\t\t<\/div>\n\t\t<\/div>\n\t\t\t\t\t<\/div>\n\t\t<\/section>\n\t\t\t\t<section class=\"elementor-section elementor-top-section elementor-element elementor-element-cceab2b elementor-section-full_width elementor-section-stretched elementor-section-height-default elementor-section-height-default\" data-id=\"cceab2b\" data-element_type=\"section\" data-settings=\"{&quot;stretch_section&quot;:&quot;section-stretched&quot;}\">\n\t\t\t\t\t\t<div class=\"elementor-container elementor-column-gap-default\">\n\t\t\t\t\t<div class=\"elementor-column elementor-col-100 elementor-top-column elementor-element elementor-element-ea72e7d\" data-id=\"ea72e7d\" data-element_type=\"column\">\n\t\t\t<div class=\"elementor-widget-wrap elementor-element-populated\">\n\t\t\t\t\t\t<div class=\"elementor-element elementor-element-3ecfd23 elementor-widget-divider--view-line elementor-widget elementor-widget-divider\" data-id=\"3ecfd23\" data-element_type=\"widget\" data-widget_type=\"divider.default\">\n\t\t\t\t<div class=\"elementor-widget-container\">\n\t\t\t\t\t\t\t<div class=\"elementor-divider\">\n\t\t\t<span class=\"elementor-divider-separator\">\n\t\t\t\t\t\t<\/span>\n\t\t<\/div>\n\t\t\t\t\t\t<\/div>\n\t\t\t\t<\/div>\n\t\t\t\t\t<\/div>\n\t\t<\/div>\n\t\t\t\t\t<\/div>\n\t\t<\/section>\n\t\t\t\t<section class=\"elementor-section elementor-top-section elementor-element elementor-element-38ec0a5 elementor-section-boxed elementor-section-height-default elementor-section-height-default\" data-id=\"38ec0a5\" data-element_type=\"section\">\n\t\t\t\t\t\t<div class=\"elementor-container elementor-column-gap-default\">\n\t\t\t\t\t<div class=\"elementor-column elementor-col-100 elementor-top-column elementor-element elementor-element-4471835\" data-id=\"4471835\" data-element_type=\"column\">\n\t\t\t<div class=\"elementor-widget-wrap elementor-element-populated\">\n\t\t\t\t\t\t<div class=\"elementor-element elementor-element-493cef2 elementor-widget elementor-widget-heading\" data-id=\"493cef2\" data-element_type=\"widget\" data-widget_type=\"heading.default\">\n\t\t\t\t<div class=\"elementor-widget-container\">\n\t\t\t\t\t<h3 class=\"elementor-heading-title elementor-size-default\">PROJECT ANNOUNCEMENTS<\/h3>\t\t\t\t<\/div>\n\t\t\t\t<\/div>\n\t\t\t\t\t<\/div>\n\t\t<\/div>\n\t\t\t\t\t<\/div>\n\t\t<\/section>\n\t\t\t\t<section class=\"elementor-section elementor-top-section elementor-element elementor-element-6b5f43a elementor-section-boxed elementor-section-height-default elementor-section-height-default\" data-id=\"6b5f43a\" data-element_type=\"section\">\n\t\t\t\t\t\t<div class=\"elementor-container elementor-column-gap-default\">\n\t\t\t\t\t<div class=\"elementor-column elementor-col-100 elementor-top-column elementor-element elementor-element-c388176\" data-id=\"c388176\" data-element_type=\"column\">\n\t\t\t<div class=\"elementor-widget-wrap elementor-element-populated\">\n\t\t\t\t\t\t<div class=\"elementor-element elementor-element-06e7855 elementor-widget elementor-widget-text-editor\" data-id=\"06e7855\" data-element_type=\"widget\" data-widget_type=\"text-editor.default\">\n\t\t\t\t<div class=\"elementor-widget-container\">\n\t\t\t\t\t\t\t\t\t<p>With our new project at K\u0131zBa\u015f\u0131na <strong>\"Beyond Numbers: An Information Art Initiative Project Bridging Cultural and Religious Communities in Turkey,\"<\/strong> we aim to amplify the voices and stories of religious and ethnic minority communities in Turkey through Information Art. <br \/><br \/>We will organize workshops and trainings on various topics such as data science, data art, digital design tools, and storytelling with the 30 artists we will collaborate with. In this context, you can find the relevant specifications we published for services from different experts and companies on this page.<\/p>\t\t\t\t\t\t\t\t<\/div>\n\t\t\t\t<\/div>\n\t\t\t\t\t<\/div>\n\t\t<\/div>\n\t\t\t\t\t<\/div>\n\t\t<\/section>\n\t\t\t\t<section class=\"elementor-section elementor-top-section elementor-element elementor-element-23f6b8e elementor-section-boxed elementor-section-height-default elementor-section-height-default\" data-id=\"23f6b8e\" data-element_type=\"section\">\n\t\t\t\t\t\t<div class=\"elementor-container elementor-column-gap-default\">\n\t\t\t\t\t<div class=\"elementor-column elementor-col-100 elementor-top-column elementor-element elementor-element-a83314c\" data-id=\"a83314c\" data-element_type=\"column\">\n\t\t\t<div class=\"elementor-widget-wrap elementor-element-populated\">\n\t\t\t\t\t\t<div class=\"elementor-element elementor-element-6a3097c elementor-widget elementor-widget-heading\" data-id=\"6a3097c\" data-element_type=\"widget\" data-widget_type=\"heading.default\">\n\t\t\t\t<div class=\"elementor-widget-container\">\n\t\t\t\t\t<h3 class=\"elementor-heading-title elementor-size-default\">SPESIFICATIONS<\/h3>\t\t\t\t<\/div>\n\t\t\t\t<\/div>\n\t\t\t\t\t<\/div>\n\t\t<\/div>\n\t\t\t\t\t<\/div>\n\t\t<\/section>\n\t\t\t\t<section class=\"elementor-section elementor-top-section elementor-element elementor-element-f1178fc elementor-section-boxed elementor-section-height-default elementor-section-height-default\" data-id=\"f1178fc\" data-element_type=\"section\">\n\t\t\t\t\t\t<div class=\"elementor-container elementor-column-gap-default\">\n\t\t\t\t\t<div class=\"elementor-column elementor-col-33 elementor-top-column elementor-element elementor-element-d35b12b\" data-id=\"d35b12b\" data-element_type=\"column\">\n\t\t\t<div class=\"elementor-widget-wrap elementor-element-populated\">\n\t\t\t\t\t\t<div class=\"elementor-element elementor-element-51ae3db elementor-widget-divider--view-line elementor-widget elementor-widget-divider\" data-id=\"51ae3db\" data-element_type=\"widget\" data-widget_type=\"divider.default\">\n\t\t\t\t<div class=\"elementor-widget-container\">\n\t\t\t\t\t\t\t<div class=\"elementor-divider\">\n\t\t\t<span class=\"elementor-divider-separator\">\n\t\t\t\t\t\t<\/span>\n\t\t<\/div>\n\t\t\t\t\t\t<\/div>\n\t\t\t\t<\/div>\n\t\t\t\t<div class=\"elementor-element elementor-element-48d44f8 elementor-widget elementor-widget-text-editor\" data-id=\"48d44f8\" data-element_type=\"widget\" data-widget_type=\"text-editor.default\">\n\t\t\t\t<div class=\"elementor-widget-container\">\n\t\t\t\t\t\t\t\t\t<p><strong>E\u011e\u0130T\u0130M AT\u00d6LYE MEKANI <\/strong><strong>TEKN\u0130K \u015eARTNAMES\u0130<\/strong><br \/><em>\u0130lan Tarihi: 21.08.2023<\/em><br \/><em>Son Teklif Tarihi: 10.09.2023<br \/><\/em><\/p><p><a href=\"https:\/\/www.kizbasina.com\/wp-content\/uploads\/2023\/09\/Mekan-egitim-ve-atolye-ELELE-DESTEK-Teklif-Sartnamesi.docx.pdf\" target=\"_blank\" rel=\"noopener\"><span style=\"text-decoration: underline;\">\u015eartnameye ula\u015fmak i\u00e7in t\u0131kla:<br \/>E\u011fitim At\u00f6lye Mekan\u0131 \u015eartnamesi<\/span><\/a><\/p>\t\t\t\t\t\t\t\t<\/div>\n\t\t\t\t<\/div>\n\t\t\t\t\t<\/div>\n\t\t<\/div>\n\t\t\t\t<div class=\"elementor-column elementor-col-33 elementor-top-column elementor-element elementor-element-7e59ef5\" data-id=\"7e59ef5\" data-element_type=\"column\">\n\t\t\t<div class=\"elementor-widget-wrap elementor-element-populated\">\n\t\t\t\t\t\t<div class=\"elementor-element elementor-element-1528cfd elementor-widget-divider--view-line elementor-widget elementor-widget-divider\" data-id=\"1528cfd\" data-element_type=\"widget\" data-widget_type=\"divider.default\">\n\t\t\t\t<div class=\"elementor-widget-container\">\n\t\t\t\t\t\t\t<div class=\"elementor-divider\">\n\t\t\t<span class=\"elementor-divider-separator\">\n\t\t\t\t\t\t<\/span>\n\t\t<\/div>\n\t\t\t\t\t\t<\/div>\n\t\t\t\t<\/div>\n\t\t\t\t<div class=\"elementor-element elementor-element-9d2f787 elementor-widget elementor-widget-text-editor\" data-id=\"9d2f787\" data-element_type=\"widget\" data-widget_type=\"text-editor.default\">\n\t\t\t\t<div class=\"elementor-widget-container\">\n\t\t\t\t\t\t\t\t\t<p><strong>TOPLULUK \u00c7ALI\u015eTAYI MEKANI TEKN\u0130K \u015eARTNAMES\u0130<\/strong><br \/><em>\u0130lan Tarihi: 21.08.2023<\/em><br \/><em>Son Teklif Tarihi: 10.09.2023<br \/><\/em><\/p><p><a href=\"https:\/\/www.kizbasina.com\/wp-content\/uploads\/2023\/09\/Mekan-topluluk-calistayi-ELELE-DESTEK.docx.pdf\" target=\"_blank\" rel=\"noopener\"><span style=\"text-decoration: underline;\">\u015eartnameye ula\u015fmak i\u00e7in t\u0131kla:<br \/>Topluluk \u00c7al\u0131\u015ftay\u0131 Mekan\u0131 \u015eartnamesi<\/span><\/a><\/p>\t\t\t\t\t\t\t\t<\/div>\n\t\t\t\t<\/div>\n\t\t\t\t\t<\/div>\n\t\t<\/div>\n\t\t\t\t<div class=\"elementor-column elementor-col-33 elementor-top-column elementor-element elementor-element-c5f07ff\" data-id=\"c5f07ff\" data-element_type=\"column\">\n\t\t\t<div class=\"elementor-widget-wrap elementor-element-populated\">\n\t\t\t\t\t\t<div class=\"elementor-element elementor-element-33a8dc9 elementor-widget-divider--view-line elementor-widget elementor-widget-divider\" data-id=\"33a8dc9\" data-element_type=\"widget\" data-widget_type=\"divider.default\">\n\t\t\t\t<div class=\"elementor-widget-container\">\n\t\t\t\t\t\t\t<div class=\"elementor-divider\">\n\t\t\t<span class=\"elementor-divider-separator\">\n\t\t\t\t\t\t<\/span>\n\t\t<\/div>\n\t\t\t\t\t\t<\/div>\n\t\t\t\t<\/div>\n\t\t\t\t<div class=\"elementor-element elementor-element-a838ab2 elementor-widget elementor-widget-text-editor\" data-id=\"a838ab2\" data-element_type=\"widget\" data-widget_type=\"text-editor.default\">\n\t\t\t\t<div class=\"elementor-widget-container\">\n\t\t\t\t\t\t\t\t\t<p><strong>SERG\u0130 MEKANI TEKN\u0130K \u015eARTNAMES\u0130<\/strong><br \/><em>\u0130lan Tarihi: 04.09.2023<\/em><br \/><em>Son Teklif Tarihi: 04.11.2023<br \/><\/em><\/p><p><a href=\"https:\/\/www.kizbasina.com\/wp-content\/uploads\/2023\/09\/Mekan-sergi-ELELE-DESTEK-Teklif-Sartnamesi.docx.pdf\" target=\"_blank\" rel=\"noopener\"><span style=\"text-decoration: underline;\">\u015eartnameye ula\u015fmak i\u00e7in t\u0131kla:<br \/>Sergi Mekan\u0131 \u015eartnamesi<\/span><\/a><\/p><p>\u00a0<\/p><p>\u00a0<\/p>\t\t\t\t\t\t\t\t<\/div>\n\t\t\t\t<\/div>\n\t\t\t\t\t<\/div>\n\t\t<\/div>\n\t\t\t\t\t<\/div>\n\t\t<\/section>\n\t\t\t\t<section class=\"elementor-section elementor-top-section elementor-element elementor-element-b161213 elementor-section-boxed elementor-section-height-default elementor-section-height-default\" data-id=\"b161213\" data-element_type=\"section\">\n\t\t\t\t\t\t<div class=\"elementor-container elementor-column-gap-default\">\n\t\t\t\t\t<div class=\"elementor-column elementor-col-33 elementor-top-column elementor-element elementor-element-2b4806a\" data-id=\"2b4806a\" data-element_type=\"column\">\n\t\t\t<div class=\"elementor-widget-wrap elementor-element-populated\">\n\t\t\t\t\t\t<div class=\"elementor-element elementor-element-b1e7e3f elementor-widget-divider--view-line elementor-widget elementor-widget-divider\" data-id=\"b1e7e3f\" data-element_type=\"widget\" data-widget_type=\"divider.default\">\n\t\t\t\t<div class=\"elementor-widget-container\">\n\t\t\t\t\t\t\t<div class=\"elementor-divider\">\n\t\t\t<span class=\"elementor-divider-separator\">\n\t\t\t\t\t\t<\/span>\n\t\t<\/div>\n\t\t\t\t\t\t<\/div>\n\t\t\t\t<\/div>\n\t\t\t\t<div data-tx-wrapper-link=\"{&quot;url&quot;:&quot;https:\\\/\\\/www.kizbasina.com\\\/wp-content\\\/uploads\\\/2023\\\/08\\\/Forum-ELELE-DESTEK-Teklif-Sartnamesi-.docx.pdf&quot;,&quot;is_external&quot;:&quot;on&quot;,&quot;nofollow&quot;:&quot;&quot;,&quot;custom_attributes&quot;:&quot;&quot;}\" style=\"cursor: pointer\" class=\"tx-wrapper-link elementor-element elementor-element-5265d87 elementor-widget elementor-widget-text-editor\" data-id=\"5265d87\" data-element_type=\"widget\" data-widget_type=\"text-editor.default\">\n\t\t\t\t<div class=\"elementor-widget-container\">\n\t\t\t\t\t\t\t\t\t<p><strong>FORUM TEKN\u0130K \u015eARTNAMES\u0130<\/strong><br \/><em>\u0130lan Tarihi: 21.08.2023<\/em><br \/><em>Son Teklif Tarihi: 15.09.2023<\/em><\/p><p><span style=\"text-decoration: underline;\"><a href=\"https:\/\/www.kizbasina.com\/wp-content\/uploads\/2023\/08\/Forum-ELELE-DESTEK-Teklif-Sartnamesi-.docx.pdf\" target=\"_blank\" rel=\"noopener\">\u015eartnameye ula\u015fmak i\u00e7in t\u0131kla:<br \/>Forum \u015eartnamesi<\/a><\/span><\/p>\t\t\t\t\t\t\t\t<\/div>\n\t\t\t\t<\/div>\n\t\t\t\t\t<\/div>\n\t\t<\/div>\n\t\t\t\t<div class=\"elementor-column elementor-col-33 elementor-top-column elementor-element elementor-element-bbe8fd8\" data-id=\"bbe8fd8\" data-element_type=\"column\">\n\t\t\t<div class=\"elementor-widget-wrap elementor-element-populated\">\n\t\t\t\t\t\t<div class=\"elementor-element elementor-element-cd86e50 elementor-widget-divider--view-line elementor-widget elementor-widget-divider\" data-id=\"cd86e50\" data-element_type=\"widget\" data-widget_type=\"divider.default\">\n\t\t\t\t<div class=\"elementor-widget-container\">\n\t\t\t\t\t\t\t<div class=\"elementor-divider\">\n\t\t\t<span class=\"elementor-divider-separator\">\n\t\t\t\t\t\t<\/span>\n\t\t<\/div>\n\t\t\t\t\t\t<\/div>\n\t\t\t\t<\/div>\n\t\t\t\t<div data-tx-wrapper-link=\"{&quot;url&quot;:&quot;https:\\\/\\\/www.kizbasina.com\\\/wp-content\\\/uploads\\\/2023\\\/08\\\/Baski-ELELE-DESTEK-Teklif-Sartnamesi.docx-adli-dosyanin-kopyasi.docx.pdf&quot;,&quot;is_external&quot;:&quot;on&quot;,&quot;nofollow&quot;:&quot;&quot;,&quot;custom_attributes&quot;:&quot;&quot;}\" style=\"cursor: pointer\" class=\"tx-wrapper-link elementor-element elementor-element-2aba5fa elementor-widget elementor-widget-text-editor\" data-id=\"2aba5fa\" data-element_type=\"widget\" data-widget_type=\"text-editor.default\">\n\t\t\t\t<div class=\"elementor-widget-container\">\n\t\t\t\t\t\t\t\t\t<p><strong>BASKI TEKN\u0130K \u015eARTNAMES\u0130<\/strong><br \/><em>\u0130lan Tarihi: 21.08.2023<\/em><br \/><em>Son Teklif Tarihi: 15.09.2023<\/em><\/p><p><span style=\"text-decoration: underline;\"><a style=\"transition-property: all;\" href=\"https:\/\/www.kizbasina.com\/wp-content\/uploads\/2023\/08\/Baski-ELELE-DESTEK-Teklif-Sartnamesi.docx-adli-dosyanin-kopyasi.docx.pdf\" target=\"_blank\" rel=\"noopener\">\u015eartnameye ula\u015fmak i\u00e7in t\u0131kla:<br \/>Bask\u0131 \u015eartnamesi<\/a><\/span><\/p>\t\t\t\t\t\t\t\t<\/div>\n\t\t\t\t<\/div>\n\t\t\t\t\t<\/div>\n\t\t<\/div>\n\t\t\t\t<div class=\"elementor-column elementor-col-33 elementor-top-column elementor-element elementor-element-fcf87da\" data-id=\"fcf87da\" data-element_type=\"column\">\n\t\t\t<div class=\"elementor-widget-wrap elementor-element-populated\">\n\t\t\t\t\t\t<div class=\"elementor-element elementor-element-d651204 elementor-widget-divider--view-line elementor-widget elementor-widget-divider\" data-id=\"d651204\" data-element_type=\"widget\" data-widget_type=\"divider.default\">\n\t\t\t\t<div class=\"elementor-widget-container\">\n\t\t\t\t\t\t\t<div class=\"elementor-divider\">\n\t\t\t<span class=\"elementor-divider-separator\">\n\t\t\t\t\t\t<\/span>\n\t\t<\/div>\n\t\t\t\t\t\t<\/div>\n\t\t\t\t<\/div>\n\t\t\t\t<div data-tx-wrapper-link=\"{&quot;url&quot;:&quot;https:\\\/\\\/www.kizbasina.com\\\/wp-content\\\/uploads\\\/2023\\\/08\\\/Sergi-Enstalasyonlari-ELELE-DESTEK-Teklif-Sartnamesi.pdf&quot;,&quot;is_external&quot;:&quot;on&quot;,&quot;nofollow&quot;:&quot;&quot;,&quot;custom_attributes&quot;:&quot;&quot;}\" style=\"cursor: pointer\" class=\"tx-wrapper-link elementor-element elementor-element-0b3694e elementor-widget elementor-widget-text-editor\" data-id=\"0b3694e\" data-element_type=\"widget\" data-widget_type=\"text-editor.default\">\n\t\t\t\t<div class=\"elementor-widget-container\">\n\t\t\t\t\t\t\t\t\t<p><strong>SERG\u0130 ENSTALASYONLARI TEKN\u0130K \u015eARTNAMES\u0130<\/strong><br \/><em>\u0130lan Tarihi: 21.08.2023<\/em><br \/><em>Son Teklif Tarihi: 15.09.2023<\/em><\/p><p><span style=\"text-decoration: underline;\"><a style=\"transition-property: all;\" href=\"https:\/\/www.kizbasina.com\/wp-content\/uploads\/2023\/08\/Sergi-Enstalasyonlari-ELELE-DESTEK-Teklif-Sartnamesi.pdf\" target=\"_blank\" rel=\"noopener\">\u015eartnameye ula\u015fmak i\u00e7in t\u0131kla:<br \/>Sergi Enstalasyonlar\u0131 \u015eartnamesi<\/a><\/span><\/p>\t\t\t\t\t\t\t\t<\/div>\n\t\t\t\t<\/div>\n\t\t\t\t\t<\/div>\n\t\t<\/div>\n\t\t\t\t\t<\/div>\n\t\t<\/section>\n\t\t\t\t<section class=\"elementor-section elementor-top-section elementor-element elementor-element-54d1ac4 elementor-section-boxed elementor-section-height-default elementor-section-height-default\" data-id=\"54d1ac4\" data-element_type=\"section\">\n\t\t\t\t\t\t<div class=\"elementor-container elementor-column-gap-default\">\n\t\t\t\t\t<div class=\"elementor-column elementor-col-33 elementor-top-column elementor-element elementor-element-c03ef27\" data-id=\"c03ef27\" data-element_type=\"column\">\n\t\t\t<div class=\"elementor-widget-wrap elementor-element-populated\">\n\t\t\t\t\t\t<div class=\"elementor-element elementor-element-4aa4e9b elementor-widget-divider--view-line elementor-widget elementor-widget-divider\" data-id=\"4aa4e9b\" data-element_type=\"widget\" data-widget_type=\"divider.default\">\n\t\t\t\t<div class=\"elementor-widget-container\">\n\t\t\t\t\t\t\t<div class=\"elementor-divider\">\n\t\t\t<span class=\"elementor-divider-separator\">\n\t\t\t\t\t\t<\/span>\n\t\t<\/div>\n\t\t\t\t\t\t<\/div>\n\t\t\t\t<\/div>\n\t\t\t\t<div data-tx-wrapper-link=\"{&quot;url&quot;:&quot;https:\\\/\\\/www.kizbasina.com\\\/wp-content\\\/uploads\\\/2023\\\/08\\\/Veri-Sanatcisi-ELELE-DESTEK-Teklif-Sartnamesi-.docx.pdf&quot;,&quot;is_external&quot;:&quot;on&quot;,&quot;nofollow&quot;:&quot;&quot;,&quot;custom_attributes&quot;:&quot;&quot;}\" style=\"cursor: pointer\" class=\"tx-wrapper-link elementor-element elementor-element-cbd6a48 elementor-widget elementor-widget-text-editor\" data-id=\"cbd6a48\" data-element_type=\"widget\" data-widget_type=\"text-editor.default\">\n\t\t\t\t<div class=\"elementor-widget-container\">\n\t\t\t\t\t\t\t\t\t<p><strong>VER\u0130 SANATI TEKN\u0130K \u015eARTNAMES\u0130<\/strong><br \/><em>\u0130lan Tarihi: 21.08.2023<\/em><br \/><em>Son Teklif Tarihi: 02.09.2023<\/em><\/p><p><span style=\"text-decoration: underline;\"><a style=\"transition-property: all;\" href=\"https:\/\/www.kizbasina.com\/wp-content\/uploads\/2023\/08\/Veri-Sanatcisi-ELELE-DESTEK-Teklif-Sartnamesi-.docx.pdf\" target=\"_blank\" rel=\"noopener\">\u015eartnameye ula\u015fmak i\u00e7in t\u0131kla:<br \/>Veri Sanatc\u0327\u0131s\u0131 \u015eartnamesi<\/a><\/span><\/p>\t\t\t\t\t\t\t\t<\/div>\n\t\t\t\t<\/div>\n\t\t\t\t\t<\/div>\n\t\t<\/div>\n\t\t\t\t<div class=\"elementor-column elementor-col-33 elementor-top-column elementor-element elementor-element-46df738\" data-id=\"46df738\" data-element_type=\"column\">\n\t\t\t<div class=\"elementor-widget-wrap elementor-element-populated\">\n\t\t\t\t\t\t<div class=\"elementor-element elementor-element-796b5de elementor-widget-divider--view-line elementor-widget elementor-widget-divider\" data-id=\"796b5de\" data-element_type=\"widget\" data-widget_type=\"divider.default\">\n\t\t\t\t<div class=\"elementor-widget-container\">\n\t\t\t\t\t\t\t<div class=\"elementor-divider\">\n\t\t\t<span class=\"elementor-divider-separator\">\n\t\t\t\t\t\t<\/span>\n\t\t<\/div>\n\t\t\t\t\t\t<\/div>\n\t\t\t\t<\/div>\n\t\t\t\t<div data-tx-wrapper-link=\"{&quot;url&quot;:&quot;https:\\\/\\\/www.kizbasina.com\\\/wp-content\\\/uploads\\\/2023\\\/08\\\/YENI-Veri-Bilimi-ELELE-DESTEK-Teklif-Sartnamesi.docx.pdf&quot;,&quot;is_external&quot;:&quot;on&quot;,&quot;nofollow&quot;:&quot;&quot;,&quot;custom_attributes&quot;:&quot;&quot;}\" style=\"cursor: pointer\" class=\"tx-wrapper-link elementor-element elementor-element-6e1580a elementor-widget elementor-widget-text-editor\" data-id=\"6e1580a\" data-element_type=\"widget\" data-widget_type=\"text-editor.default\">\n\t\t\t\t<div class=\"elementor-widget-container\">\n\t\t\t\t\t\t\t\t\t<p><strong>VER\u0130 B\u0130L\u0130M\u0130 TEKN\u0130K \u015eARTNAMES\u0130<\/strong><br \/><em>\u0130lan Tarihi: 21.08.2023<\/em><br \/><em>Son Teklif Tarihi: 02.09.2023<\/em><\/p><p><span style=\"text-decoration: underline;\"><a style=\"transition-property: all;\" href=\"https:\/\/www.kizbasina.com\/wp-content\/uploads\/2023\/08\/YENI-Veri-Bilimi-ELELE-DESTEK-Teklif-Sartnamesi.docx.pdf\" target=\"_blank\" rel=\"noopener\">\u015eartnameye ula\u015fmak i\u00e7in t\u0131kla:<br \/>Veri Bilimi \u015eartnamesi<\/a><\/span><\/p>\t\t\t\t\t\t\t\t<\/div>\n\t\t\t\t<\/div>\n\t\t\t\t\t<\/div>\n\t\t<\/div>\n\t\t\t\t<div class=\"elementor-column elementor-col-33 elementor-top-column elementor-element elementor-element-3f90e05\" data-id=\"3f90e05\" data-element_type=\"column\">\n\t\t\t<div class=\"elementor-widget-wrap elementor-element-populated\">\n\t\t\t\t\t\t<div class=\"elementor-element elementor-element-6f875c7 elementor-widget-divider--view-line elementor-widget elementor-widget-divider\" data-id=\"6f875c7\" data-element_type=\"widget\" data-widget_type=\"divider.default\">\n\t\t\t\t<div class=\"elementor-widget-container\">\n\t\t\t\t\t\t\t<div class=\"elementor-divider\">\n\t\t\t<span class=\"elementor-divider-separator\">\n\t\t\t\t\t\t<\/span>\n\t\t<\/div>\n\t\t\t\t\t\t<\/div>\n\t\t\t\t<\/div>\n\t\t\t\t<div data-tx-wrapper-link=\"{&quot;url&quot;:&quot;https:\\\/\\\/www.kizbasina.com\\\/wp-content\\\/uploads\\\/2023\\\/08\\\/Dijital-Icerik-Tasarimi-ELELE-DESTEK-Teklif-Sartnamesi.docx.pdf&quot;,&quot;is_external&quot;:&quot;on&quot;,&quot;nofollow&quot;:&quot;&quot;,&quot;custom_attributes&quot;:&quot;&quot;}\" style=\"cursor: pointer\" class=\"tx-wrapper-link elementor-element elementor-element-49e8523 elementor-widget elementor-widget-text-editor\" data-id=\"49e8523\" data-element_type=\"widget\" data-widget_type=\"text-editor.default\">\n\t\t\t\t<div class=\"elementor-widget-container\">\n\t\t\t\t\t\t\t\t\t<p><strong>D\u0130J\u0130TAL \u0130\u00c7ER\u0130K TASARIMI TEKN\u0130K \u015eARTNAMES\u0130<\/strong><br \/><em>\u0130lan Tarihi: 21.08.2023<\/em><br \/><em>Son Teklif Tarihi: 04.09.2023<\/em><\/p><p><span style=\"text-decoration: underline;\"><a style=\"transition-property: all;\" href=\"https:\/\/www.kizbasina.com\/wp-content\/uploads\/2023\/08\/Dijital-Icerik-Tasarimi-ELELE-DESTEK-Teklif-Sartnamesi.docx.pdf\" target=\"_blank\" rel=\"noopener\">\u015eartnameye ula\u015fmak i\u00e7in t\u0131kla:<br \/>Dijital I\u0307c\u0327erik Tasar\u0131m\u0131 \u015eartnamesi<\/a><\/span><\/p>\t\t\t\t\t\t\t\t<\/div>\n\t\t\t\t<\/div>\n\t\t\t\t\t<\/div>\n\t\t<\/div>\n\t\t\t\t\t<\/div>\n\t\t<\/section>\n\t\t\t\t<\/div>","protected":false},"excerpt":{"rendered":"<p class=\"tx-excerpt\">PROJE \u0130LANLARI K\u0131zBa\u015f\u0131na olarak y\u00fcr\u00fctt\u00fc\u011f\u00fcm\u00fcz yeni projemiz &#8220;Say\u0131lar\u0131n \u00d6tesinde: T\u00fcrkiye&#8217;deki K\u00fclt\u00fcrel ve Dini Topluluklar Aras\u0131nda K\u00f6pr\u00fc Kuran Bir Enformasyon Sanat\u0131 Giri\u015fimi Projesi&#8221; ile T\u00fcrkiye&#8217;deki dini ve etnik az\u0131nl\u0131k topluluklar\u0131n\u0131n seslerini ve hikayelerini Enformasyon Sanat\u0131 arac\u0131l\u0131\u011f\u0131yla...<\/p>","protected":false},"author":1,"featured_media":0,"parent":0,"menu_order":0,"comment_status":"closed","ping_status":"closed","template":"","meta":{"footnotes":""},"class_list":["post-2213","page","type-page","status-publish","hentry"],"_links":{"self":[{"href":"https:\/\/www.kizbasina.com\/en\/wp-json\/wp\/v2\/pages\/2213","targetHints":{"allow":["GET"]}}],"collection":[{"href":"https:\/\/www.kizbasina.com\/en\/wp-json\/wp\/v2\/pages"}],"about":[{"href":"https:\/\/www.kizbasina.com\/en\/wp-json\/wp\/v2\/types\/page"}],"author":[{"embeddable":true,"href":"https:\/\/www.kizbasina.com\/en\/wp-json\/wp\/v2\/users\/1"}],"replies":[{"embeddable":true,"href":"https:\/\/www.kizbasina.com\/en\/wp-json\/wp\/v2\/comments?post=2213"}],"version-history":[{"count":32,"href":"https:\/\/www.kizbasina.com\/en\/wp-json\/wp\/v2\/pages\/2213\/revisions"}],"predecessor-version":[{"id":2626,"href":"https:\/\/www.kizbasina.com\/en\/wp-json\/wp\/v2\/pages\/2213\/revisions\/2626"}],"wp:attachment":[{"href":"https:\/\/www.kizbasina.com\/en\/wp-json\/wp\/v2\/media?parent=2213"}],"curies":[{"name":"wp","href":"https:\/\/api.w.org\/{rel}","templated":true}]}}