{"id":2134,"date":"2023-08-15T13:52:33","date_gmt":"2023-08-15T13:52:33","guid":{"rendered":"https:\/\/www.kizbasina.com\/?page_id=2134"},"modified":"2023-11-15T22:39:02","modified_gmt":"2023-11-15T22:39:02","slug":"doga-kadin-kurtaricilarini-ariyor-projesi","status":"publish","type":"page","link":"https:\/\/www.kizbasina.com\/en\/projeler\/doga-kadin-kurtaricilarini-ariyor-projesi\/","title":{"rendered":"Doga kad\u0131n kurtar\u0131c\u0131lar\u0131n\u0131 ar\u0131yor"},"content":{"rendered":"<div data-elementor-type=\"wp-page\" data-elementor-id=\"2134\" class=\"elementor elementor-2134\">\n\t\t\t\t\t\t<section class=\"elementor-section elementor-top-section elementor-element elementor-element-962599c elementor-section-full_width elementor-section-stretched elementor-section-height-default elementor-section-height-default\" data-id=\"962599c\" data-element_type=\"section\" data-settings=\"{&quot;stretch_section&quot;:&quot;section-stretched&quot;}\">\n\t\t\t\t\t\t<div class=\"elementor-container elementor-column-gap-default\">\n\t\t\t\t\t<div class=\"elementor-column elementor-col-100 elementor-top-column elementor-element elementor-element-b697880\" data-id=\"b697880\" data-element_type=\"column\">\n\t\t\t<div class=\"elementor-widget-wrap elementor-element-populated\">\n\t\t\t\t\t\t\t<\/div>\n\t\t<\/div>\n\t\t\t\t\t<\/div>\n\t\t<\/section>\n\t\t\t\t<section class=\"elementor-section elementor-top-section elementor-element elementor-element-9defea7 elementor-section-full_width elementor-section-stretched elementor-section-height-default elementor-section-height-default\" data-id=\"9defea7\" data-element_type=\"section\" data-settings=\"{&quot;stretch_section&quot;:&quot;section-stretched&quot;}\">\n\t\t\t\t\t\t<div class=\"elementor-container elementor-column-gap-default\">\n\t\t\t\t\t<div class=\"elementor-column elementor-col-100 elementor-top-column elementor-element elementor-element-ba7a2a2\" data-id=\"ba7a2a2\" data-element_type=\"column\">\n\t\t\t<div class=\"elementor-widget-wrap elementor-element-populated\">\n\t\t\t\t\t\t<div class=\"elementor-element elementor-element-9b20714 elementor-widget-divider--view-line elementor-widget elementor-widget-divider\" data-id=\"9b20714\" data-element_type=\"widget\" data-widget_type=\"divider.default\">\n\t\t\t\t<div class=\"elementor-widget-container\">\n\t\t\t\t\t\t\t<div class=\"elementor-divider\">\n\t\t\t<span class=\"elementor-divider-separator\">\n\t\t\t\t\t\t<\/span>\n\t\t<\/div>\n\t\t\t\t\t\t<\/div>\n\t\t\t\t<\/div>\n\t\t\t\t\t<\/div>\n\t\t<\/div>\n\t\t\t\t\t<\/div>\n\t\t<\/section>\n\t\t\t\t<section class=\"elementor-section elementor-top-section elementor-element elementor-element-82c2e7b elementor-section-boxed elementor-section-height-default elementor-section-height-default\" data-id=\"82c2e7b\" data-element_type=\"section\">\n\t\t\t\t\t\t<div class=\"elementor-container elementor-column-gap-default\">\n\t\t\t\t\t<div class=\"elementor-column elementor-col-100 elementor-top-column elementor-element elementor-element-9d2fc37\" data-id=\"9d2fc37\" data-element_type=\"column\">\n\t\t\t<div class=\"elementor-widget-wrap elementor-element-populated\">\n\t\t\t\t\t\t<div class=\"elementor-element elementor-element-a8ca197 elementor-widget elementor-widget-text-editor\" data-id=\"a8ca197\" data-element_type=\"widget\" data-widget_type=\"text-editor.default\">\n\t\t\t\t<div class=\"elementor-widget-container\">\n\t\t\t\t\t\t\t\t\t<p><strong>Project Purpose:<\/strong> K\u00fcresel iklim de\u011fi\u015fikli\u011finin do\u011faya ve insana olan etkileri; yang\u0131n, sel, kurakl\u0131k gibi ekolojik felaketler ile art\u0131k geri d\u00f6n\u00fclemez bir noktaya gelmesiyle birlikte K\u0131zBa\u015f\u0131na olarak; iklim krizini \u00e7\u00f6zmede al\u0131nan kararlarda kad\u0131nlar\u0131n varl\u0131\u011f\u0131n\u0131n \u00f6nemini vurgulamay\u0131 ve k\u00fcresel iklim de\u011fi\u015fikli\u011fi konusuna dikkat \u00e7ekerek bilin\u00e7 y\u00fckseltmeyi ama\u00e7lad\u0131k.<\/p><p><strong>Project Scope:<\/strong> K\u0131zBa\u015f\u0131na olarak British Council Turkey \u00f6nc\u00fcl\u00fc\u011f\u00fcnde k\u00fcresel iklim de\u011fi\u015fikli\u011fi konusuna dikkat \u00e7ekerek bilin\u00e7 y\u00fckseltmeyi ama\u00e7lad\u0131k.\u00a0<\/p><p><strong>Target Audience:<\/strong> Do\u011fa Kad\u0131n Kurtar\u0131c\u0131lar\u0131n\u0131 Ar\u0131yor Projesi, iklim de\u011fi\u015fikli\u011fi konusunda fark\u0131ndal\u0131\u011f\u0131 art\u0131rmay\u0131 ve \u00f6zellikle kaynaklara ve bilgiye eri\u015fimde dezavantajl\u0131 olan kad\u0131nlar\u0131n, bu global sorunun \u00e7\u00f6z\u00fcm\u00fcnde daha aktif bir rol \u00fcstlenmelerini te\u015fvik etmeyi hedeflemektedir.<\/p><p><strong>Project Activities:<\/strong> Projenin ilk a\u015famas\u0131nda, gen\u00e7lerin iklim de\u011fi\u015fikli\u011fi konusundaki bilin\u00e7 d\u00fczeylerini \u00f6l\u00e7mek i\u00e7in \u0130klim De\u011fi\u015fikli\u011fi Fark\u0131ndal\u0131k Ara\u015ft\u0131rmas\u0131&#8217;n\u0131 hayata ge\u00e7irdik. Bu ara\u015ft\u0131rma, planlad\u0131\u011f\u0131m\u0131z at\u00f6lyelerin temel varsay\u0131mlar\u0131n\u0131 ve y\u00f6nlerini belirlememize yard\u0131mc\u0131 oldu. Ard\u0131ndan, Koruma Kampanyas\u0131 Yar\u0131\u015fmas\u0131&#8217;n\u0131 d\u00fczenleyerek kat\u0131l\u0131mc\u0131lar\u0131n iklim de\u011fi\u015fikli\u011fi konusunda fark\u0131ndal\u0131k yaratmay\u0131 ama\u00e7layan kampanyalar tasarlamalar\u0131n\u0131 sa\u011flad\u0131k. 300 tak\u0131m\u0131n ba\u015fvurdu\u011fu yar\u0131\u015fmada, j\u00fcri taraf\u0131ndan se\u00e7ilen 8 finalist tak\u0131m ile bir dizi seminer ve at\u00f6lye d\u00fczenledik.<\/p><p>D\u00fczenledi\u011fimiz at\u00f6lyelerle ve seminerle farkl\u0131 uzmanlarla i\u015fbirli\u011fi yapt\u0131k. &#8220;\u0130klim De\u011fi\u015fikli\u011fini Anlatmak&#8221; at\u00f6lyesi, Banu Buyurgan taraf\u0131ndan y\u00fcr\u00fct\u00fcld\u00fc ve sosyal medyan\u0131n iklim krizinde nas\u0131l etkili bir \u015fekilde kullan\u0131laca\u011f\u0131na odakland\u0131. &#8220;Ekofeminizm&#8221; at\u00f6lyesi, Dokuz Eyl\u00fcl \u00dcniversitesi&#8217;nden Do\u00e7. Dr. Nilsen G\u00f6k\u00e7en Uluk taraf\u0131ndan y\u00f6netildi ve ataerkil yap\u0131n\u0131n kad\u0131nlar ve do\u011fa \u00fczerindeki etkisini ele ald\u0131. &#8220;\u0130klim De\u011fi\u015fikli\u011fi ve Su Riskleri&#8221; at\u00f6lyesi, \u0130stanbul Bilgi \u00dcniversitesi&#8217;nden Do\u00e7. Dr. Ay\u015fe Uydurano\u011flu taraf\u0131ndan d\u00fczenlendi ve iklim de\u011fi\u015fikli\u011finin nedenlerini ve etkilerini inceledi. &#8220;Veriler ile T\u00fcrkiye&#8217;nin \u0130klim De\u011fi\u015fikli\u011fi Analizi&#8221; at\u00f6lyesi, Edinburgh \u00dcniversitesi&#8217;nden Dr. U\u011fur \u00d6zdemir taraf\u0131ndan y\u00fcr\u00fct\u00fcld\u00fc ve T\u00fcrkiye&#8217;deki gen\u00e7lerin iklim krizi konusundaki bilgi d\u00fczeyini ve fark\u0131ndal\u0131\u011f\u0131n\u0131 de\u011ferlendirdi. Edinburgh \u00dcniversitesi&#8217;nden Prof. Elizabeth Bomberg, d\u00fcnya \u00fclkelerindeki k\u00fcresel iklim de\u011fi\u015fikli\u011finin etkileri, \u00fclkelerin \u00e7evre politikalar\u0131 ve \u00f6zellikle Amerika&#8217;n\u0131n iklim politikalar\u0131 hakk\u0131nda bilgi vermek \u00fczere davet edildi. Bu f\u0131rsattan en iyi \u015fekilde yararlanmak i\u00e7in, Prof. Elizabeth Bomberg&#8217;in dersi a\u00e7\u0131k bir \u00e7evrimi\u00e7i seminere d\u00f6n\u00fc\u015ft\u00fcr\u00fcld\u00fc. Son olarak, &#8220;Sosyal Medyada Ad-Credit&#8221; at\u00f6lyesi, K\u0131zBa\u015f\u0131na&#8217;n\u0131n Sosyal Medya Ekibi taraf\u0131ndan d\u00fczenlendi ve hedef kitleye sosyal medya \u00fczerinden nas\u0131l ula\u015f\u0131laca\u011f\u0131na dair stratejileri ele ald\u0131.\u00a0\u00a0<\/p><p>At\u00f6lye ve seminer \u00e7al\u0131\u015fmalar\u0131n\u0131n ard\u0131ndan, finalist tak\u0131mlar\u0131na prototip tasar\u0131mlar\u0131n\u0131 ve fikirlerini daha da geli\u015ftirmeleri i\u00e7in ek zaman verildi. Tak\u0131mlar\u0131n nihai kampanyalar\u0131, halk oylamas\u0131 i\u00e7in sosyal medyada yay\u0131nlanarak 5.5 milyon g\u00f6r\u00fcnt\u00fclenmeye ula\u015ft\u0131. Kazanan tak\u0131mlar\u0131n kampanyalar\u0131 duyurularak Ankara B\u00fcy\u00fck\u015fehir Belediyesi&#8217;ne devredildi. At\u00f6lye ve kampanya tasar\u0131mlar\u0131n\u0131 bilgilendirmek i\u00e7in kullan\u0131lan anket sonu\u00e7lar\u0131n\u0131 akademik yay\u0131na d\u00f6n\u00fc\u015ft\u00fcrme \u00e7al\u0131\u015fmalar\u0131 devam etmektedir.<\/p><p>Ayn\u0131 zamanda Udemy \u00fczerinden olu\u015fturdu\u011fumuz herkese a\u00e7\u0131k ve \u00fccretsiz \u2018\u0130klim De\u011fi\u015fikli\u011fi 101\u2019 e\u011fitimiyle de ekofeminizm, k\u00fcresel iklim de\u011fi\u015fikli\u011fi, ekolojik ayak izi, su riskleri, su ayak izi, iklim krizinde \u00e7evre politikalar\u0131 konu ba\u015fl\u0131klar\u0131na de\u011finerek iklim de\u011fi\u015fikli\u011fi konusunda herkesi bili\u00e7lindirerek bilgilendirmeyi hedefledik. E\u011fitimi olu\u015ftururken daha \u00f6nce proje kapsam\u0131nda y\u00fcr\u00fctt\u00fc\u011f\u00fcm\u00fcz at\u00f6lyeler ve seminerin ders notlar\u0131 ve kay\u0131tlar\u0131 kullan\u0131ld\u0131.<\/p><p><strong>Kursa ula\u015fmak i\u00e7in linke t\u0131klaman\u0131z yeterli:\u00a0<\/strong><\/p><p><strong><a href=\"https:\/\/www.udemy.com\/course\/iklim-degisikligi\/\">https:\/\/www.udemy.com\/course\/iklim-degisikligi\/<\/a>\u00a0<\/strong><\/p><p><strong>Project Impacts:<\/strong> Bu projeyle, Udemy\u2019de yer alan ilk T\u00fcrk\u00e7e iklim de\u011fi\u015fikli\u011fi konulu e\u011fitimi ve ikinci uluslararas\u0131 ekofemonizim i\u00e7eri\u011fini olu\u015fturduk. Y\u00fcr\u00fctt\u00fc\u011f\u00fcm\u00fcz koruma kampanyas\u0131 yar\u0131\u015fmas\u0131yla sosyal medya \u00fczerinden 5.5 milyon izlenmeye ula\u015ft\u0131k ve insanlar\u0131n iklim de\u011fi\u015fikli\u011fi konusunda fark\u0131ndal\u0131\u011f\u0131n\u0131 artt\u0131rd\u0131k. Yar\u0131\u015fma finalistlerinin kampanyalar\u0131na buradan ula\u015fabilirisiniz:\u00a0<\/p><p>\u25aa <a href=\"https:\/\/www.instagram.com\/p\/CM2W6hujewt\/\">https:\/\/www.instagram.com\/p\/CM2W6hujewt\/<\/a>\u00a0<\/p><p>\u25aa <a href=\"https:\/\/www.instagram.com\/p\/CM2XKSmj5rq\/\">https:\/\/www.instagram.com\/p\/CM2XKSmj5rq\/<\/a> (Yar\u0131\u015fma Birincisi)<\/p><p>\u25aa <a href=\"https:\/\/www.instagram.com\/p\/CM2XPdqjBcV\/\">https:\/\/www.instagram.com\/p\/CM2XPdqjBcV\/<\/a>\u00a0<\/p><p>\u25aa <a href=\"https:\/\/www.instagram.com\/p\/CM2XSHtj2PI\/\">https:\/\/www.instagram.com\/p\/CM2XSHtj2PI\/<\/a>\u00a0<\/p><p>\u25aa <a href=\"https:\/\/www.instagram.com\/p\/CM2XbEWD0xo\/\">https:\/\/www.instagram.com\/p\/CM2XbEWD0xo\/<\/a>\u00a0<\/p><p>\u25aa <a href=\"https:\/\/www.instagram.com\/p\/CM2YcYADdYP\/\">https:\/\/www.instagram.com\/p\/CM2YcYADdYP\/<\/a> (Yar\u0131\u015fma \u0130kincisi)<\/p><p>\u25aa <a href=\"https:\/\/www.instagram.com\/p\/CM2Yd6_jsbL\/\">https:\/\/www.instagram.com\/p\/CM2Yd6_jsbL\/<\/a>\u00a0<\/p><p>\u25aa <a href=\"https:\/\/www.instagram.com\/p\/CM2YfO1jm-u\/\">https:\/\/www.instagram.com\/p\/CM2YfO1jm-u\/<\/a> (Yar\u0131\u015fma \u00dc\u00e7\u00fcnc\u00fcs\u00fc)<\/p><p><strong>Project Timeline:<\/strong> Proje 8 \u015eubat 2021 tarihinde ba\u015flad\u0131 ve 12 Nisan 2021 tarihinde sona erdi.<\/p>\t\t\t\t\t\t\t\t<\/div>\n\t\t\t\t<\/div>\n\t\t\t\t\t<\/div>\n\t\t<\/div>\n\t\t\t\t\t<\/div>\n\t\t<\/section>\n\t\t\t\t<section class=\"elementor-section elementor-top-section elementor-element elementor-element-107ba04 elementor-section-boxed elementor-section-height-default elementor-section-height-default\" data-id=\"107ba04\" data-element_type=\"section\">\n\t\t\t\t\t\t<div class=\"elementor-container elementor-column-gap-default\">\n\t\t\t\t\t<div class=\"elementor-column elementor-col-100 elementor-top-column elementor-element elementor-element-4a15a60\" data-id=\"4a15a60\" data-element_type=\"column\">\n\t\t\t<div class=\"elementor-widget-wrap elementor-element-populated\">\n\t\t\t\t\t\t<div class=\"elementor-element elementor-element-70dcb85 elementor-widget-divider--view-line elementor-widget elementor-widget-divider\" data-id=\"70dcb85\" data-element_type=\"widget\" data-widget_type=\"divider.default\">\n\t\t\t\t<div class=\"elementor-widget-container\">\n\t\t\t\t\t\t\t<div class=\"elementor-divider\">\n\t\t\t<span class=\"elementor-divider-separator\">\n\t\t\t\t\t\t<\/span>\n\t\t<\/div>\n\t\t\t\t\t\t<\/div>\n\t\t\t\t<\/div>\n\t\t\t\t\t<\/div>\n\t\t<\/div>\n\t\t\t\t\t<\/div>\n\t\t<\/section>\n\t\t\t\t<\/div>","protected":false},"excerpt":{"rendered":"<p class=\"tx-excerpt\">Projenin Amac\u0131: K\u00fcresel iklim de\u011fi\u015fikli\u011finin do\u011faya ve insana olan etkileri; yang\u0131n, sel, kurakl\u0131k gibi ekolojik felaketler ile art\u0131k geri d\u00f6n\u00fclemez bir noktaya gelmesiyle birlikte K\u0131zBa\u015f\u0131na olarak; iklim krizini \u00e7\u00f6zmede al\u0131nan kararlarda kad\u0131nlar\u0131n varl\u0131\u011f\u0131n\u0131n \u00f6nemini vurgulamay\u0131...<\/p>","protected":false},"author":1,"featured_media":0,"parent":484,"menu_order":0,"comment_status":"closed","ping_status":"closed","template":"","meta":{"footnotes":""},"class_list":["post-2134","page","type-page","status-publish","hentry"],"_links":{"self":[{"href":"https:\/\/www.kizbasina.com\/en\/wp-json\/wp\/v2\/pages\/2134","targetHints":{"allow":["GET"]}}],"collection":[{"href":"https:\/\/www.kizbasina.com\/en\/wp-json\/wp\/v2\/pages"}],"about":[{"href":"https:\/\/www.kizbasina.com\/en\/wp-json\/wp\/v2\/types\/page"}],"author":[{"embeddable":true,"href":"https:\/\/www.kizbasina.com\/en\/wp-json\/wp\/v2\/users\/1"}],"replies":[{"embeddable":true,"href":"https:\/\/www.kizbasina.com\/en\/wp-json\/wp\/v2\/comments?post=2134"}],"version-history":[{"count":17,"href":"https:\/\/www.kizbasina.com\/en\/wp-json\/wp\/v2\/pages\/2134\/revisions"}],"predecessor-version":[{"id":3828,"href":"https:\/\/www.kizbasina.com\/en\/wp-json\/wp\/v2\/pages\/2134\/revisions\/3828"}],"up":[{"embeddable":true,"href":"https:\/\/www.kizbasina.com\/en\/wp-json\/wp\/v2\/pages\/484"}],"wp:attachment":[{"href":"https:\/\/www.kizbasina.com\/en\/wp-json\/wp\/v2\/media?parent=2134"}],"curies":[{"name":"wp","href":"https:\/\/api.w.org\/{rel}","templated":true}]}}