{"id":2129,"date":"2023-08-15T13:23:10","date_gmt":"2023-08-15T13:23:10","guid":{"rendered":"https:\/\/www.kizbasina.com\/?page_id=2129"},"modified":"2023-11-15T22:51:38","modified_gmt":"2023-11-15T22:51:38","slug":"neden-sustum-kampanyasi","status":"publish","type":"page","link":"https:\/\/www.kizbasina.com\/en\/projeler\/neden-sustum-kampanyasi\/","title":{"rendered":"Neden Sustum Kampanyas\u0131"},"content":{"rendered":"<div data-elementor-type=\"wp-page\" data-elementor-id=\"2129\" class=\"elementor elementor-2129\">\n\t\t\t\t\t\t<section class=\"elementor-section elementor-top-section elementor-element elementor-element-962599c elementor-section-full_width elementor-section-stretched elementor-section-height-default elementor-section-height-default\" data-id=\"962599c\" data-element_type=\"section\" data-settings=\"{&quot;stretch_section&quot;:&quot;section-stretched&quot;}\">\n\t\t\t\t\t\t<div class=\"elementor-container elementor-column-gap-default\">\n\t\t\t\t\t<div class=\"elementor-column elementor-col-100 elementor-top-column elementor-element elementor-element-b697880\" data-id=\"b697880\" data-element_type=\"column\">\n\t\t\t<div class=\"elementor-widget-wrap elementor-element-populated\">\n\t\t\t\t\t\t\t<\/div>\n\t\t<\/div>\n\t\t\t\t\t<\/div>\n\t\t<\/section>\n\t\t\t\t<section class=\"elementor-section elementor-top-section elementor-element elementor-element-9defea7 elementor-section-full_width elementor-section-stretched elementor-section-height-default elementor-section-height-default\" data-id=\"9defea7\" data-element_type=\"section\" data-settings=\"{&quot;stretch_section&quot;:&quot;section-stretched&quot;}\">\n\t\t\t\t\t\t<div class=\"elementor-container elementor-column-gap-default\">\n\t\t\t\t\t<div class=\"elementor-column elementor-col-100 elementor-top-column elementor-element elementor-element-ba7a2a2\" data-id=\"ba7a2a2\" data-element_type=\"column\">\n\t\t\t<div class=\"elementor-widget-wrap elementor-element-populated\">\n\t\t\t\t\t\t<div class=\"elementor-element elementor-element-9b20714 elementor-widget-divider--view-line elementor-widget elementor-widget-divider\" data-id=\"9b20714\" data-element_type=\"widget\" data-widget_type=\"divider.default\">\n\t\t\t\t<div class=\"elementor-widget-container\">\n\t\t\t\t\t\t\t<div class=\"elementor-divider\">\n\t\t\t<span class=\"elementor-divider-separator\">\n\t\t\t\t\t\t<\/span>\n\t\t<\/div>\n\t\t\t\t\t\t<\/div>\n\t\t\t\t<\/div>\n\t\t\t\t\t<\/div>\n\t\t<\/div>\n\t\t\t\t\t<\/div>\n\t\t<\/section>\n\t\t\t\t<section class=\"elementor-section elementor-top-section elementor-element elementor-element-82c2e7b elementor-section-boxed elementor-section-height-default elementor-section-height-default\" data-id=\"82c2e7b\" data-element_type=\"section\">\n\t\t\t\t\t\t<div class=\"elementor-container elementor-column-gap-default\">\n\t\t\t\t\t<div class=\"elementor-column elementor-col-100 elementor-top-column elementor-element elementor-element-9d2fc37\" data-id=\"9d2fc37\" data-element_type=\"column\">\n\t\t\t<div class=\"elementor-widget-wrap elementor-element-populated\">\n\t\t\t\t\t\t<div class=\"elementor-element elementor-element-a8ca197 elementor-widget elementor-widget-text-editor\" data-id=\"a8ca197\" data-element_type=\"widget\" data-widget_type=\"text-editor.default\">\n\t\t\t\t<div class=\"elementor-widget-container\">\n\t\t\t\t\t\t\t\t\t<p><strong>Project Name:<\/strong> Neden Sustum Kampanyas\u0131<\/p><p><strong>Project Purpose:<\/strong> Bu proje, hayatlar\u0131n\u0131n bir d\u00f6neminde fiziksel ya da s\u00f6zl\u00fc \u015fiddete maruz kalan kad\u0131nlar\u0131n seslerini duyurmak ve bu konuda fark\u0131ndal\u0131k yaratmak amac\u0131yla olu\u015fturuldu. Bu do\u011frultuda kad\u0131nlar\u0131n ya\u015fad\u0131klar\u0131 \u015fiddeti ifade etmekte zorland\u0131klar\u0131 durumlar\u0131 g\u00fcndeme getirerek onlar\u0131 bu konuda konu\u015fmaya te\u015fvik ettik.<\/p><p><strong>Project Scope:<\/strong> Kampanya, anonim bir form arac\u0131l\u0131\u011f\u0131yla kad\u0131nlar\u0131n \u015fiddet deneyimlerini payla\u015fmalar\u0131n\u0131 sa\u011flad\u0131. Formdan gelen yan\u0131tlarla, kad\u0131nlar\u0131n seslerini duyurmay\u0131 ve bu konuda fark\u0131ndal\u0131k yaratmay\u0131 hedefledik ve bu do\u011frultuda sosyal medya payla\u015f\u0131mlar\u0131 yapt\u0131k.<\/p><p><strong>Target Audience:<\/strong> Herhangi bir t\u00fcr \u015fiddete maruz kalan kad\u0131nlar.<\/p><p><strong>Project Activities:<\/strong>\u00a0Kampanya kapsam\u0131nda, kad\u0131nlar\u0131n maruz kald\u0131klar\u0131 \u015fiddet kar\u015f\u0131s\u0131nda neden sustuklar\u0131n\u0131 anlatmalar\u0131n\u0131 sa\u011flad\u0131k. Bu s\u00fcre\u00e7te, bir\u00e7ok kad\u0131n ya\u015fad\u0131klar\u0131 \u015fiddeti ifade etme g\u00fcc\u00fcn\u00fc yaratt\u0131\u011f\u0131m\u0131z platform arac\u0131l\u0131\u011f\u0131yla buldu ve bu konuda konu\u015fmaya ba\u015flad\u0131. Bu, onlar\u0131n seslerini duyurmak ve bu konuda fark\u0131ndal\u0131k yaratmak i\u00e7in \u00f6nemli bir ad\u0131m oldu.\u00a0<\/p><p><strong>Project Impacts:<\/strong> Kampanya, kad\u0131nlar\u0131n ya\u015fad\u0131klar\u0131 \u015fiddeti ifade etmekte zorland\u0131klar\u0131 durumlar\u0131 g\u00fcndeme getirdi ve bu konuda fark\u0131ndal\u0131k yaratt\u0131. Ayr\u0131ca, kad\u0131nlar\u0131n ya\u015fad\u0131klar\u0131 \u015fiddeti ifade etme g\u00fcc\u00fcn\u00fc bulmalar\u0131n\u0131 sa\u011flad\u0131.<\/p><p><strong>Ba\u015far\u0131 Hikayelerimiz:\u00a0<\/strong><\/p><p><strong>Project Timeline:<\/strong> Kampanya, 2020 y\u0131l\u0131nda s\u00fcrd\u00fcr\u00fcld\u00fc.<\/p><p><strong>How to Connect:<\/strong><\/p><p>To learn more about the project, participate in activities, and provide support, please visit our website:\u00a0<a href=\"https:\/\/www.kizbasina.com\/en\/\">https:\/\/www.kizbasina.com\/en\/<\/a>. Ayr\u0131ca sosyal medya hesaplar\u0131m\u0131zdan da g\u00fcncel etkinliklerimiz ve \u00e7al\u0131\u015fmalar\u0131m\u0131z hakk\u0131nda bilgi alabilirsiniz.<\/p>\t\t\t\t\t\t\t\t<\/div>\n\t\t\t\t<\/div>\n\t\t\t\t\t<\/div>\n\t\t<\/div>\n\t\t\t\t\t<\/div>\n\t\t<\/section>\n\t\t\t\t<section class=\"elementor-section elementor-top-section elementor-element elementor-element-107ba04 elementor-section-boxed elementor-section-height-default elementor-section-height-default\" data-id=\"107ba04\" data-element_type=\"section\">\n\t\t\t\t\t\t<div class=\"elementor-container elementor-column-gap-default\">\n\t\t\t\t\t<div class=\"elementor-column elementor-col-100 elementor-top-column elementor-element elementor-element-4a15a60\" data-id=\"4a15a60\" data-element_type=\"column\">\n\t\t\t<div class=\"elementor-widget-wrap elementor-element-populated\">\n\t\t\t\t\t\t<div class=\"elementor-element elementor-element-70dcb85 elementor-widget-divider--view-line elementor-widget elementor-widget-divider\" data-id=\"70dcb85\" data-element_type=\"widget\" data-widget_type=\"divider.default\">\n\t\t\t\t<div class=\"elementor-widget-container\">\n\t\t\t\t\t\t\t<div class=\"elementor-divider\">\n\t\t\t<span class=\"elementor-divider-separator\">\n\t\t\t\t\t\t<\/span>\n\t\t<\/div>\n\t\t\t\t\t\t<\/div>\n\t\t\t\t<\/div>\n\t\t\t\t\t<\/div>\n\t\t<\/div>\n\t\t\t\t\t<\/div>\n\t\t<\/section>\n\t\t\t\t<\/div>","protected":false},"excerpt":{"rendered":"<p class=\"tx-excerpt\">Proje Ad\u0131: Neden Sustum Kampanyas\u0131 Projenin Amac\u0131: Bu proje, hayatlar\u0131n\u0131n bir d\u00f6neminde fiziksel ya da s\u00f6zl\u00fc \u015fiddete maruz kalan kad\u0131nlar\u0131n seslerini duyurmak ve bu konuda fark\u0131ndal\u0131k yaratmak amac\u0131yla olu\u015fturuldu. Bu do\u011frultuda kad\u0131nlar\u0131n ya\u015fad\u0131klar\u0131 \u015fiddeti ifade...<\/p>","protected":false},"author":1,"featured_media":0,"parent":484,"menu_order":0,"comment_status":"closed","ping_status":"closed","template":"","meta":{"footnotes":""},"class_list":["post-2129","page","type-page","status-publish","hentry"],"_links":{"self":[{"href":"https:\/\/www.kizbasina.com\/en\/wp-json\/wp\/v2\/pages\/2129","targetHints":{"allow":["GET"]}}],"collection":[{"href":"https:\/\/www.kizbasina.com\/en\/wp-json\/wp\/v2\/pages"}],"about":[{"href":"https:\/\/www.kizbasina.com\/en\/wp-json\/wp\/v2\/types\/page"}],"author":[{"embeddable":true,"href":"https:\/\/www.kizbasina.com\/en\/wp-json\/wp\/v2\/users\/1"}],"replies":[{"embeddable":true,"href":"https:\/\/www.kizbasina.com\/en\/wp-json\/wp\/v2\/comments?post=2129"}],"version-history":[{"count":16,"href":"https:\/\/www.kizbasina.com\/en\/wp-json\/wp\/v2\/pages\/2129\/revisions"}],"predecessor-version":[{"id":3852,"href":"https:\/\/www.kizbasina.com\/en\/wp-json\/wp\/v2\/pages\/2129\/revisions\/3852"}],"up":[{"embeddable":true,"href":"https:\/\/www.kizbasina.com\/en\/wp-json\/wp\/v2\/pages\/484"}],"wp:attachment":[{"href":"https:\/\/www.kizbasina.com\/en\/wp-json\/wp\/v2\/media?parent=2129"}],"curies":[{"name":"wp","href":"https:\/\/api.w.org\/{rel}","templated":true}]}}