{"id":2,"date":"2022-12-12T17:08:19","date_gmt":"2022-12-12T17:08:19","guid":{"rendered":"https:\/\/www.kizbasina.com\/?page_id=2"},"modified":"2023-11-20T17:26:54","modified_gmt":"2023-11-20T17:26:54","slug":"kizbasina-genc-akademi","status":"publish","type":"page","link":"https:\/\/www.kizbasina.com\/en\/projeler\/kizbasina-genc-akademi\/","title":{"rendered":"Youth Academy Project"},"content":{"rendered":"<div data-elementor-type=\"wp-page\" data-elementor-id=\"2\" class=\"elementor elementor-2\">\n\t\t\t\t\t\t<section class=\"elementor-section elementor-top-section elementor-element elementor-element-4098f32 elementor-section-full_width elementor-section-stretched elementor-section-height-default elementor-section-height-default\" data-id=\"4098f32\" data-element_type=\"section\" data-settings=\"{&quot;stretch_section&quot;:&quot;section-stretched&quot;}\">\n\t\t\t\t\t\t<div class=\"elementor-container elementor-column-gap-default\">\n\t\t\t\t\t<div class=\"elementor-column elementor-col-100 elementor-top-column elementor-element elementor-element-7f38e2c\" data-id=\"7f38e2c\" data-element_type=\"column\">\n\t\t\t<div class=\"elementor-widget-wrap elementor-element-populated\">\n\t\t\t\t\t\t\t<\/div>\n\t\t<\/div>\n\t\t\t\t\t<\/div>\n\t\t<\/section>\n\t\t\t\t<section class=\"elementor-section elementor-top-section elementor-element elementor-element-cceab2b elementor-section-full_width elementor-section-stretched elementor-section-height-default elementor-section-height-default\" data-id=\"cceab2b\" data-element_type=\"section\" data-settings=\"{&quot;stretch_section&quot;:&quot;section-stretched&quot;}\">\n\t\t\t\t\t\t<div class=\"elementor-container elementor-column-gap-default\">\n\t\t\t\t\t<div class=\"elementor-column elementor-col-100 elementor-top-column elementor-element elementor-element-ea72e7d\" data-id=\"ea72e7d\" data-element_type=\"column\">\n\t\t\t<div class=\"elementor-widget-wrap elementor-element-populated\">\n\t\t\t\t\t\t<div class=\"elementor-element elementor-element-3ecfd23 elementor-widget-divider--view-line elementor-widget elementor-widget-divider\" data-id=\"3ecfd23\" data-element_type=\"widget\" data-widget_type=\"divider.default\">\n\t\t\t\t<div class=\"elementor-widget-container\">\n\t\t\t\t\t\t\t<div class=\"elementor-divider\">\n\t\t\t<span class=\"elementor-divider-separator\">\n\t\t\t\t\t\t<\/span>\n\t\t<\/div>\n\t\t\t\t\t\t<\/div>\n\t\t\t\t<\/div>\n\t\t\t\t\t<\/div>\n\t\t<\/div>\n\t\t\t\t\t<\/div>\n\t\t<\/section>\n\t\t\t\t<section class=\"elementor-section elementor-top-section elementor-element elementor-element-6b5f43a elementor-section-boxed elementor-section-height-default elementor-section-height-default\" data-id=\"6b5f43a\" data-element_type=\"section\">\n\t\t\t\t\t\t<div class=\"elementor-container elementor-column-gap-default\">\n\t\t\t\t\t<div class=\"elementor-column elementor-col-100 elementor-top-column elementor-element elementor-element-c388176\" data-id=\"c388176\" data-element_type=\"column\">\n\t\t\t<div class=\"elementor-widget-wrap elementor-element-populated\">\n\t\t\t\t\t\t<div class=\"elementor-element elementor-element-06e7855 elementor-widget elementor-widget-text-editor\" data-id=\"06e7855\" data-element_type=\"widget\" data-widget_type=\"text-editor.default\">\n\t\t\t\t<div class=\"elementor-widget-container\">\n\t\t\t\t\t\t\t\t\t<p><strong>Project Purpose:\u00a0<\/strong> Gen\u00e7 Akademi projesi, gen\u00e7lerin sesini \u00e7\u0131karmas\u0131n\u0131n neden \u00f6nemli oldu\u011funu ve bunu hangi yollarla yapabileceklerini g\u00f6stermeyi hedefliyor. Projenin temel amac\u0131, gen\u00e7leri tan\u0131k olduklar\u0131 toplumsal konular \u00fczerine harekete ge\u00e7irmek, onlar\u0131 izleyici konumundan \u00e7\u0131kar\u0131p akt\u00f6r olduklar\u0131 bilincine y\u00fckseltmek, kendilerini ifade edebilmeleri ve kendi \u00e7\u00f6z\u00fcmlerini \u00fcretebilmeleri i\u00e7in onlara bir imkan sunmakt\u0131r.<\/p><p><strong>Project Scope:<\/strong> Gen\u00e7lerin d\u00fc\u015f\u00fcncelerinin yok say\u0131lamayacak kadar de\u011ferli ve toplumun ilerlemesi i\u00e7in zorunlu oldu\u011funu ba\u015fta gen\u00e7ler olmak \u00fczere herkese duyurmay\u0131 ama\u00e7layan bir proje olup, Avrupa Birli\u011fi Sivil D\u00fc\u015f\u00fcn Program\u0131 deste\u011fiyle hayata ge\u00e7irilmi\u015ftir.<\/p><p><strong>Target Audience:<\/strong> Bu proje, toplumsal sorunlara ili\u015fkin duyarl\u0131l\u0131klar\u0131 \u00e7ok g\u00fc\u00e7l\u00fc, ancak karar alma mekanizmalar\u0131ndaki temsilleri son derece k\u0131s\u0131tl\u0131 olan 14-18 ya\u015f aras\u0131 gen\u00e7lerin kendilerini ifade etmeleri i\u00e7in onlara bir alan a\u00e7may\u0131 ama\u00e7l\u0131yor.<\/p><p><strong>Project Activities: <\/strong>2022 y\u0131l\u0131n\u0131n Ocak ay\u0131nda faaliyete ba\u015flayan Gen\u00e7 Akademi projesi, iki a\u015famadan olu\u015fuyor. Projenin ilk a\u015famas\u0131nda 14-18 ya\u015f aras\u0131 gen\u00e7ler Udemy \u00fczerinden \u00fccretsiz olarak kay\u0131t olduklar\u0131 Gen\u00e7 Akademi-Aktivizme Giri\u015f e\u011fitimini tamamlamakta ve sertifikalar\u0131n\u0131 almaktad\u0131r. Bu e\u011fitim aktivizmin temelleri, yeni medya ve etkili medya kullan\u0131m\u0131, aktivist ara\u015ft\u0131rma ve veri bilimi, hiyerar\u015fi bi\u00e7imleri ve feminist aktivizmin tarih\u00e7esi \u00fczerinde teorik bilgi edindirmeyi ama\u00e7lar.<\/p><p>Projenin ikinci a\u015famas\u0131, ilk a\u015fama olan Gen\u00e7 Akademi Udemy E\u011fitimi\u2019ni tamamlay\u0131p edindi\u011fi sertifika ile K\u0131zBa\u015f\u0131na internet sitesi \u00fczerinden (ba\u015fvuru formu \u00fczerinden) ba\u015fvuru yapm\u0131\u015f ve ba\u015fvurular aras\u0131ndan belirli kriterlere g\u00f6re se\u00e7ilmi\u015f gen\u00e7lerle deneyim payla\u015f\u0131m\u0131na ve pratik \u00e7al\u0131\u015fmalara ayr\u0131lm\u0131\u015ft\u0131r. Gen\u00e7 Akademi\u2019nin bu a\u015famas\u0131 projemize dahil olan gen\u00e7lere K\u0131zBa\u015f\u0131na\u2019n\u0131n kurulu\u015f, i\u015fleyi\u015f ve organizasyon mekanizmas\u0131na dair bilgi vermenin yan\u0131nda gen\u00e7 g\u00f6n\u00fcll\u00fcl\u00fc\u011f\u00fcn\u00fcn ne demek oldu\u011funu, toplumsal sorunlar\u0131 nas\u0131l ele ald\u0131\u011f\u0131m\u0131z\u0131, tespit etti\u011fimiz toplumsal sorun ve ihtiya\u00e7lara uygun \u00e7\u00f6z\u00fcmleri\/projeleri \u00fcretim s\u00fcre\u00e7lerimizi g\u00f6stermeyi ve bu sayede onlara gelecek eylemleri i\u00e7in bir rehberlik imk\u00e2n\u0131 sunmay\u0131 hedeflemektedir. Bununla birlikte, \u00e7al\u0131\u015fma alan\u0131m\u0131z olan toplumsal cinsiyet e\u015fitli\u011fi ve toplumsal cinsiyete dayal\u0131 \u015fiddeti \u00f6nleme konusunda gen\u00e7lerin fark\u0131ndal\u0131k d\u00fczeyini art\u0131rmaya y\u00f6nelik at\u00f6lyeler ve \u00e7al\u0131\u015fma gruplar\u0131 tasarlanm\u0131\u015ft\u0131r. Ayn\u0131 zamanda, gen\u00e7lerin de fikirlerini ve \u00e7\u00f6z\u00fcm \u00f6nerilerini dinleyerek onlar\u0131n bak\u0131\u015f a\u00e7\u0131lar\u0131 \u00fczerinden bir fikir ortakl\u0131\u011f\u0131 y\u00fcr\u00fctmek, aktivizmi birlikte \u00fcretme imkan\u0131 sa\u011flamak i\u00e7in ve e\u011fitimler s\u0131ras\u0131nda edindikleri bilgileri ortak bir \u015fekilde prati\u011fe d\u00f6kebilmelerine alan tan\u0131mak i\u00e7in, projenin bu a\u015famas\u0131nda gen\u00e7lerin proje \u00f6rnekleri geli\u015ftirmeleri beklenmektedir.<\/p><p><strong>Project Impacts:<\/strong>\u00a0 &#8220;Gen\u00e7 Akademi&#8221; e\u011fitimleri Udemy\u2019de 10.000\u2019e yak\u0131n insana ula\u015fm\u0131\u015ft\u0131r. Gelen geri d\u00f6n\u00fc\u015flere g\u00f6re pek \u00e7ok insanda fark\u0131ndal\u0131k yaratm\u0131\u015f ve pek \u00e7ok ki\u015fiye fayda sa\u011flam\u0131\u015ft\u0131r.<\/p><p><strong>Project Timeline:<\/strong> Proje, Ocak 2022\u2019de ba\u015flad\u0131, proje \u015fu anda bitmi\u015f olsa da Udemy\u2019de e\u011fitimimiz hala devam etmektedir.<\/p><p><strong>How to Connect:<\/strong><strong>:<\/strong> Udemy e\u011fitiminde bu linkten ula\u015fabilirsiniz:\u00a0<\/p><p><a href=\"https:\/\/www.udemy.com\/course\/kizbasina-genc-akademi\/\" target=\"_blank\" rel=\"noopener\"><strong>https:\/\/www.udemy.com\/course\/kizbasina-genc-akademi\/<\/strong><\/a><\/p>\t\t\t\t\t\t\t\t<\/div>\n\t\t\t\t<\/div>\n\t\t\t\t\t<\/div>\n\t\t<\/div>\n\t\t\t\t\t<\/div>\n\t\t<\/section>\n\t\t\t\t<\/div>","protected":false},"excerpt":{"rendered":"<p class=\"tx-excerpt\">Projenin Amac\u0131:\u00a0 Gen\u00e7 Akademi projesi, gen\u00e7lerin sesini \u00e7\u0131karmas\u0131n\u0131n neden \u00f6nemli oldu\u011funu ve bunu hangi yollarla yapabileceklerini g\u00f6stermeyi hedefliyor. Projenin temel amac\u0131, gen\u00e7leri tan\u0131k olduklar\u0131 toplumsal konular \u00fczerine harekete ge\u00e7irmek, onlar\u0131 izleyici konumundan \u00e7\u0131kar\u0131p akt\u00f6r olduklar\u0131...<\/p>","protected":false},"author":1,"featured_media":0,"parent":484,"menu_order":0,"comment_status":"closed","ping_status":"closed","template":"","meta":{"footnotes":""},"class_list":["post-2","page","type-page","status-publish","hentry"],"_links":{"self":[{"href":"https:\/\/www.kizbasina.com\/en\/wp-json\/wp\/v2\/pages\/2","targetHints":{"allow":["GET"]}}],"collection":[{"href":"https:\/\/www.kizbasina.com\/en\/wp-json\/wp\/v2\/pages"}],"about":[{"href":"https:\/\/www.kizbasina.com\/en\/wp-json\/wp\/v2\/types\/page"}],"author":[{"embeddable":true,"href":"https:\/\/www.kizbasina.com\/en\/wp-json\/wp\/v2\/users\/1"}],"replies":[{"embeddable":true,"href":"https:\/\/www.kizbasina.com\/en\/wp-json\/wp\/v2\/comments?post=2"}],"version-history":[{"count":44,"href":"https:\/\/www.kizbasina.com\/en\/wp-json\/wp\/v2\/pages\/2\/revisions"}],"predecessor-version":[{"id":3988,"href":"https:\/\/www.kizbasina.com\/en\/wp-json\/wp\/v2\/pages\/2\/revisions\/3988"}],"up":[{"embeddable":true,"href":"https:\/\/www.kizbasina.com\/en\/wp-json\/wp\/v2\/pages\/484"}],"wp:attachment":[{"href":"https:\/\/www.kizbasina.com\/en\/wp-json\/wp\/v2\/media?parent=2"}],"curies":[{"name":"wp","href":"https:\/\/api.w.org\/{rel}","templated":true}]}}