{"id":1197,"date":"2022-12-29T19:52:26","date_gmt":"2022-12-29T19:52:26","guid":{"rendered":"https:\/\/www.kizbasina.com\/?page_id=1197"},"modified":"2022-12-29T20:34:29","modified_gmt":"2022-12-29T20:34:29","slug":"siddet-tehlikesi-altinda-siddet-aninda","status":"publish","type":"page","link":"https:\/\/www.kizbasina.com\/en\/siddet-tehlikesi-altinda-siddet-aninda\/","title":{"rendered":"\u015eiddet Tehlikesi Alt\u0131nda, \u015eiddet An\u0131nda"},"content":{"rendered":"<div data-elementor-type=\"wp-page\" data-elementor-id=\"1197\" class=\"elementor elementor-1197\">\n\t\t\t\t\t\t<section class=\"elementor-section elementor-top-section elementor-element elementor-element-709d39c elementor-section-boxed elementor-section-height-default elementor-section-height-default\" data-id=\"709d39c\" data-element_type=\"section\">\n\t\t\t\t\t\t<div class=\"elementor-container elementor-column-gap-default\">\n\t\t\t\t\t<div class=\"elementor-column elementor-col-100 elementor-top-column elementor-element elementor-element-92f8c4f\" data-id=\"92f8c4f\" data-element_type=\"column\">\n\t\t\t<div class=\"elementor-widget-wrap elementor-element-populated\">\n\t\t\t\t\t\t<div class=\"elementor-element elementor-element-3a84b01 elementor-widget elementor-widget-text-editor\" data-id=\"3a84b01\" data-element_type=\"widget\" data-widget_type=\"text-editor.default\">\n\t\t\t\t<div class=\"elementor-widget-container\">\n\t\t\t\t\t\t\t\t\t<b style=\"font-size:28px;color:#ce4547;\">Acil Durum Ki\u015fileri<\/b> <img decoding=\"async\" src=\"http:\/\/melih.cloud\/wp-content\/uploads\/2022\/12\/JustaGirl.svg\" style=\"margin-top:-20px\"\/>\t\t\t\t\t\t\t\t<\/div>\n\t\t\t\t<\/div>\n\t\t\t\t\t<\/div>\n\t\t<\/div>\n\t\t\t\t\t<\/div>\n\t\t<\/section>\n\t\t\t\t<section class=\"elementor-section elementor-top-section elementor-element elementor-element-9defea7 elementor-section-full_width elementor-section-stretched elementor-section-height-default elementor-section-height-default\" data-id=\"9defea7\" data-element_type=\"section\" data-settings=\"{&quot;stretch_section&quot;:&quot;section-stretched&quot;}\">\n\t\t\t\t\t\t<div class=\"elementor-container elementor-column-gap-default\">\n\t\t\t\t\t<div class=\"elementor-column elementor-col-100 elementor-top-column elementor-element elementor-element-ba7a2a2\" data-id=\"ba7a2a2\" data-element_type=\"column\">\n\t\t\t<div class=\"elementor-widget-wrap elementor-element-populated\">\n\t\t\t\t\t\t<div class=\"elementor-element elementor-element-9b20714 elementor-widget-divider--view-line elementor-widget elementor-widget-divider\" data-id=\"9b20714\" data-element_type=\"widget\" data-widget_type=\"divider.default\">\n\t\t\t\t<div class=\"elementor-widget-container\">\n\t\t\t\t\t\t\t<div class=\"elementor-divider\">\n\t\t\t<span class=\"elementor-divider-separator\">\n\t\t\t\t\t\t<\/span>\n\t\t<\/div>\n\t\t\t\t\t\t<\/div>\n\t\t\t\t<\/div>\n\t\t\t\t\t<\/div>\n\t\t<\/div>\n\t\t\t\t\t<\/div>\n\t\t<\/section>\n\t\t\t\t<section class=\"elementor-section elementor-top-section elementor-element elementor-element-08323c1 elementor-section-boxed elementor-section-height-default elementor-section-height-default\" data-id=\"08323c1\" data-element_type=\"section\">\n\t\t\t\t\t\t<div class=\"elementor-container elementor-column-gap-default\">\n\t\t\t\t\t<div class=\"elementor-column elementor-col-100 elementor-top-column elementor-element elementor-element-4b9a00e\" data-id=\"4b9a00e\" data-element_type=\"column\">\n\t\t\t<div class=\"elementor-widget-wrap elementor-element-populated\">\n\t\t\t\t\t\t<div class=\"elementor-element elementor-element-b122cd0 elementor-widget__width-inherit elementor-widget elementor-widget-text-editor\" data-id=\"b122cd0\" data-element_type=\"widget\" data-widget_type=\"text-editor.default\">\n\t\t\t\t<div class=\"elementor-widget-container\">\n\t\t\t\t\t\t\t\t\t<p>\u015e\u0130DDET TEHL\u0130KES\u0130 ALTINDA, \u015e\u0130DDET ANINDA VE \u015e\u0130DDETE MARUZ KALDIKTAN SONRA <br \/>BA\u015eVURULABILECEK KURUMLAR VE KURULU\u015eLAR \u0130LE AC\u0130L DANI\u015eMA HATLARI:<\/p>\t\t\t\t\t\t\t\t<\/div>\n\t\t\t\t<\/div>\n\t\t\t\t\t<\/div>\n\t\t<\/div>\n\t\t\t\t\t<\/div>\n\t\t<\/section>\n\t\t\t\t<section class=\"elementor-section elementor-top-section elementor-element elementor-element-9181cac elementor-section-boxed elementor-section-height-default elementor-section-height-default\" data-id=\"9181cac\" data-element_type=\"section\">\n\t\t\t\t\t\t<div class=\"elementor-container elementor-column-gap-default\">\n\t\t\t\t\t<div class=\"elementor-column elementor-col-100 elementor-top-column elementor-element elementor-element-b577b64\" data-id=\"b577b64\" data-element_type=\"column\">\n\t\t\t<div class=\"elementor-widget-wrap elementor-element-populated\">\n\t\t\t\t\t\t<div class=\"elementor-element elementor-element-40f8f13 elementor-widget elementor-widget-eael-adv-accordion\" data-id=\"40f8f13\" data-element_type=\"widget\" data-widget_type=\"eael-adv-accordion.default\">\n\t\t\t\t<div class=\"elementor-widget-container\">\n\t\t\t\t\t        <div class=\"eael-adv-accordion\" id=\"eael-adv-accordion-40f8f13\" data-scroll-on-click=\"no\" data-scroll-speed=\"300\" data-accordion-id=\"40f8f13\" data-accordion-type=\"accordion\" data-toogle-speed=\"300\">\n    <div class=\"eael-accordion-list\">\n                <div id=\"polis-merkezleri-veya-alo-155-polis-mdat-ve-jandarma-karakollar-veya-alo-156-jandarma-mdat\" class=\"elementor-tab-title eael-accordion-header active-default\" tabindex=\"0\" data-tab=\"1\" aria-controls=\"elementor-tab-content-6811\"><span class=\"eael-advanced-accordion-icon-closed\"><i aria-hidden=\"true\" class=\"fa-accordion-icon fas fa-plus\"><\/i><\/span><span class=\"eael-advanced-accordion-icon-opened\"><i aria-hidden=\"true\" class=\"fa-accordion-icon fas fa-minus\"><\/i><\/span><div class=\"eael-accordion-tab-title\">Polis Merkezleri (veya Alo 155 Polis \u0130mdat) ve Jandarma Karakollar\u0131 (veya Alo 156 Jandarma \u0130mdat)<\/div><\/div><div id=\"elementor-tab-content-6811\" class=\"eael-accordion-content clearfix active-default\" data-tab=\"1\" aria-labelledby=\"polis-merkezleri-veya-alo-155-polis-mdat-ve-jandarma-karakollar-veya-alo-156-jandarma-mdat\"><p>\u015eiddete maruz kalan veya maruz kalma tehlikesi alt\u0131nda bulunan ki\u015filer, Alo 155 Polis \u0130mdat veya Alo 156 Jandarma \u0130mdat hatlar\u0131n\u0131 arayarak veya bulunduklar\u0131 yerin yak\u0131n\u0131ndaki polis veya jandarma karakoluna ba\u015fvurarak \u015fikayette bulunabilirler. \u015eikayet \u00fczerine, polis veya jandarma taraf\u0131ndan mevcut duruma ili\u015fkin olarak gerekli g\u00f6r\u00fclen koruyucu ve \u00f6nleyici tedbirler al\u0131narak \u015fikayet dosyas\u0131 Cumhuriyet Ba\u015fsavc\u0131l\u0131\u011f\u0131\u2019na iletilir.<\/p><\/div>\n                <\/div><div class=\"eael-accordion-list\">\n                <div id=\"cumhuriyet-basavcl\" class=\"elementor-tab-title eael-accordion-header active-default\" tabindex=\"0\" data-tab=\"2\" aria-controls=\"elementor-tab-content-6812\"><span class=\"eael-advanced-accordion-icon-closed\"><i aria-hidden=\"true\" class=\"fa-accordion-icon fas fa-plus\"><\/i><\/span><span class=\"eael-advanced-accordion-icon-opened\"><i aria-hidden=\"true\" class=\"fa-accordion-icon fas fa-minus\"><\/i><\/span><div class=\"eael-accordion-tab-title\">Cumhuriyet Ba\u015fsavc\u0131l\u0131\u011f\u0131<\/div><\/div><div id=\"elementor-tab-content-6812\" class=\"eael-accordion-content clearfix active-default\" data-tab=\"2\" aria-labelledby=\"cumhuriyet-basavcl\"><p>TEST TEST TEST TEST TEST TEST TEST<\/p><\/div>\n                <\/div><div class=\"eael-accordion-list\">\n                <div id=\"aile-mahkemesi-hkimlii\" class=\"elementor-tab-title eael-accordion-header active-default\" tabindex=\"0\" data-tab=\"3\" aria-controls=\"elementor-tab-content-6813\"><span class=\"eael-advanced-accordion-icon-closed\"><i aria-hidden=\"true\" class=\"fa-accordion-icon fas fa-plus\"><\/i><\/span><span class=\"eael-advanced-accordion-icon-opened\"><i aria-hidden=\"true\" class=\"fa-accordion-icon fas fa-minus\"><\/i><\/span><div class=\"eael-accordion-tab-title\">Aile Mahkemesi H\u00e2kimli\u011fi<\/div><\/div><div id=\"elementor-tab-content-6813\" class=\"eael-accordion-content clearfix active-default\" data-tab=\"3\" aria-labelledby=\"aile-mahkemesi-hkimlii\"><p>TEST TEST TEST TEST TEST TEST TEST<\/p><\/div>\n                <\/div><div class=\"eael-accordion-list\">\n                <div id=\"aile-kadn-ocuk-ve-engelli-sosyal-hizmet-danma-hatt-alo-183\" class=\"elementor-tab-title eael-accordion-header active-default\" tabindex=\"0\" data-tab=\"4\" aria-controls=\"elementor-tab-content-6814\"><span class=\"eael-advanced-accordion-icon-closed\"><i aria-hidden=\"true\" class=\"fa-accordion-icon fas fa-plus\"><\/i><\/span><span class=\"eael-advanced-accordion-icon-opened\"><i aria-hidden=\"true\" class=\"fa-accordion-icon fas fa-minus\"><\/i><\/span><div class=\"eael-accordion-tab-title\">Aile, Kad\u0131n, \u00c7ocuk ve Engelli Sosyal Hizmet Dan\u0131\u015fma Hatt\u0131; Alo 183<\/div><\/div><div id=\"elementor-tab-content-6814\" class=\"eael-accordion-content clearfix active-default\" data-tab=\"4\" aria-labelledby=\"aile-kadn-ocuk-ve-engelli-sosyal-hizmet-danma-hatt-alo-183\"><p>TEST TEST TEST TEST TEST TEST TEST<\/p><\/div>\n                <\/div><div class=\"eael-accordion-list\">\n                <div id=\"nm-iddet-nleme-ve-zleme-merkezi\" class=\"elementor-tab-title eael-accordion-header active-default\" tabindex=\"0\" data-tab=\"5\" aria-controls=\"elementor-tab-content-6815\"><span class=\"eael-advanced-accordion-icon-closed\"><i aria-hidden=\"true\" class=\"fa-accordion-icon fas fa-plus\"><\/i><\/span><span class=\"eael-advanced-accordion-icon-opened\"><i aria-hidden=\"true\" class=\"fa-accordion-icon fas fa-minus\"><\/i><\/span><div class=\"eael-accordion-tab-title\">\u015e\u00d6N\u0130M (\u015eiddet \u00d6nleme ve \u0130zleme Merkezi)<\/div><\/div><div id=\"elementor-tab-content-6815\" class=\"eael-accordion-content clearfix active-default\" data-tab=\"5\" aria-labelledby=\"nm-iddet-nleme-ve-zleme-merkezi\"><p>TEST TEST TEST TEST TEST TEST TEST<\/p><\/div>\n                <\/div><div class=\"eael-accordion-list\">\n                <div id=\"aile-ve-sosyal-politikalar-l-mdrlkleri\" class=\"elementor-tab-title eael-accordion-header active-default\" tabindex=\"0\" data-tab=\"6\" aria-controls=\"elementor-tab-content-6816\"><span class=\"eael-advanced-accordion-icon-closed\"><i aria-hidden=\"true\" class=\"fa-accordion-icon fas fa-plus\"><\/i><\/span><span class=\"eael-advanced-accordion-icon-opened\"><i aria-hidden=\"true\" class=\"fa-accordion-icon fas fa-minus\"><\/i><\/span><div class=\"eael-accordion-tab-title\">Aile ve Sosyal Politikalar \u0130l M\u00fcd\u00fcrl\u00fckleri<\/div><\/div><div id=\"elementor-tab-content-6816\" class=\"eael-accordion-content clearfix active-default\" data-tab=\"6\" aria-labelledby=\"aile-ve-sosyal-politikalar-l-mdrlkleri\"><p>TEST TEST TEST TEST TEST TEST TEST<\/p><\/div>\n                <\/div><div class=\"eael-accordion-list\">\n                <div id=\"salk-kurulular\" class=\"elementor-tab-title eael-accordion-header active-default\" tabindex=\"0\" data-tab=\"7\" aria-controls=\"elementor-tab-content-6817\"><span class=\"eael-advanced-accordion-icon-closed\"><i aria-hidden=\"true\" class=\"fa-accordion-icon fas fa-plus\"><\/i><\/span><span class=\"eael-advanced-accordion-icon-opened\"><i aria-hidden=\"true\" class=\"fa-accordion-icon fas fa-minus\"><\/i><\/span><div class=\"eael-accordion-tab-title\">Sa\u011fl\u0131k Kurulu\u015flar\u0131<\/div><\/div><div id=\"elementor-tab-content-6817\" class=\"eael-accordion-content clearfix active-default\" data-tab=\"7\" aria-labelledby=\"salk-kurulular\"><p>TEST TEST TEST TEST TEST TEST TEST<\/p><\/div>\n                <\/div><div class=\"eael-accordion-list\">\n                <div id=\"kadn-snma-evleri\" class=\"elementor-tab-title eael-accordion-header active-default\" tabindex=\"0\" data-tab=\"8\" aria-controls=\"elementor-tab-content-6818\"><span class=\"eael-advanced-accordion-icon-closed\"><i aria-hidden=\"true\" class=\"fa-accordion-icon fas fa-plus\"><\/i><\/span><span class=\"eael-advanced-accordion-icon-opened\"><i aria-hidden=\"true\" class=\"fa-accordion-icon fas fa-minus\"><\/i><\/span><div class=\"eael-accordion-tab-title\">Kad\u0131n S\u0131\u011f\u0131nma Evleri<\/div><\/div><div id=\"elementor-tab-content-6818\" class=\"eael-accordion-content clearfix active-default\" data-tab=\"8\" aria-labelledby=\"kadn-snma-evleri\"><p>TEST TEST TEST TEST TEST TEST TEST<\/p><\/div>\n                <\/div><div class=\"eael-accordion-list\">\n                <div id=\"barolar\" class=\"elementor-tab-title eael-accordion-header active-default\" tabindex=\"0\" data-tab=\"9\" aria-controls=\"elementor-tab-content-6819\"><span class=\"eael-advanced-accordion-icon-closed\"><i aria-hidden=\"true\" class=\"fa-accordion-icon fas fa-plus\"><\/i><\/span><span class=\"eael-advanced-accordion-icon-opened\"><i aria-hidden=\"true\" class=\"fa-accordion-icon fas fa-minus\"><\/i><\/span><div class=\"eael-accordion-tab-title\">Barolar<\/div><\/div><div id=\"elementor-tab-content-6819\" class=\"eael-accordion-content clearfix active-default\" data-tab=\"9\" aria-labelledby=\"barolar\"><p>TEST TEST TEST TEST TEST TEST TEST<\/p><\/div>\n                <\/div><div class=\"eael-accordion-list\">\n                <div id=\"gelincik-merkezi-444-43-06-\" class=\"elementor-tab-title eael-accordion-header active-default\" tabindex=\"0\" data-tab=\"10\" aria-controls=\"elementor-tab-content-68110\"><span class=\"eael-advanced-accordion-icon-closed\"><i aria-hidden=\"true\" class=\"fa-accordion-icon fas fa-plus\"><\/i><\/span><span class=\"eael-advanced-accordion-icon-opened\"><i aria-hidden=\"true\" class=\"fa-accordion-icon fas fa-minus\"><\/i><\/span><div class=\"eael-accordion-tab-title\">Gelincik Merkezi (444 43 06 )<\/div><\/div><div id=\"elementor-tab-content-68110\" class=\"eael-accordion-content clearfix active-default\" data-tab=\"10\" aria-labelledby=\"gelincik-merkezi-444-43-06-\"><p>TEST TEST TEST TEST TEST TEST TEST<\/p><\/div>\n                <\/div><div class=\"eael-accordion-list\">\n                <div id=\"kadn-sivil-toplum-kurulular\" class=\"elementor-tab-title eael-accordion-header active-default\" tabindex=\"0\" data-tab=\"11\" aria-controls=\"elementor-tab-content-68111\"><span class=\"eael-advanced-accordion-icon-closed\"><i aria-hidden=\"true\" class=\"fa-accordion-icon fas fa-plus\"><\/i><\/span><span class=\"eael-advanced-accordion-icon-opened\"><i aria-hidden=\"true\" class=\"fa-accordion-icon fas fa-minus\"><\/i><\/span><div class=\"eael-accordion-tab-title\">Kad\u0131n Sivil Toplum Kurulu\u015flar\u0131<\/div><\/div><div id=\"elementor-tab-content-68111\" class=\"eael-accordion-content clearfix active-default\" data-tab=\"11\" aria-labelledby=\"kadn-sivil-toplum-kurulular\"><p>TEST TEST TEST TEST TEST TEST TEST<\/p><\/div>\n                <\/div><div class=\"eael-accordion-list\">\n                <div id=\"belediyelerin-kadn-danma-merkezleri\" class=\"elementor-tab-title eael-accordion-header active-default\" tabindex=\"0\" data-tab=\"12\" aria-controls=\"elementor-tab-content-68112\"><span class=\"eael-advanced-accordion-icon-closed\"><i aria-hidden=\"true\" class=\"fa-accordion-icon fas fa-plus\"><\/i><\/span><span class=\"eael-advanced-accordion-icon-opened\"><i aria-hidden=\"true\" class=\"fa-accordion-icon fas fa-minus\"><\/i><\/span><div class=\"eael-accordion-tab-title\">Belediyelerin Kad\u0131n Dan\u0131\u015fma Merkezleri<\/div><\/div><div id=\"elementor-tab-content-68112\" class=\"eael-accordion-content clearfix active-default\" data-tab=\"12\" aria-labelledby=\"belediyelerin-kadn-danma-merkezleri\"><p>TEST TEST TEST TEST TEST TEST TEST<\/p><\/div>\n                <\/div><div class=\"eael-accordion-list\">\n                <div id=\"acl-danma-hatlar\" class=\"elementor-tab-title eael-accordion-header active-default\" tabindex=\"0\" data-tab=\"13\" aria-controls=\"elementor-tab-content-68113\"><span class=\"eael-advanced-accordion-icon-closed\"><i aria-hidden=\"true\" class=\"fa-accordion-icon fas fa-plus\"><\/i><\/span><span class=\"eael-advanced-accordion-icon-opened\"><i aria-hidden=\"true\" class=\"fa-accordion-icon fas fa-minus\"><\/i><\/span><div class=\"eael-accordion-tab-title\">AC\u0130L Dan\u0131\u015fma Hatlar\u0131<\/div><\/div><div id=\"elementor-tab-content-68113\" class=\"eael-accordion-content clearfix active-default\" data-tab=\"13\" aria-labelledby=\"acl-danma-hatlar\"><p>TEST TEST TEST TEST TEST TEST TEST<\/p><\/div>\n                <\/div><div class=\"eael-accordion-list\">\n                <div id=\"dleke-rne\" class=\"elementor-tab-title eael-accordion-header active-default\" tabindex=\"0\" data-tab=\"14\" aria-controls=\"elementor-tab-content-68114\"><span class=\"eael-advanced-accordion-icon-closed\"><i aria-hidden=\"true\" class=\"fa-accordion-icon fas fa-plus\"><\/i><\/span><span class=\"eael-advanced-accordion-icon-opened\"><i aria-hidden=\"true\" class=\"fa-accordion-icon fas fa-minus\"><\/i><\/span><div class=\"eael-accordion-tab-title\">D\u0130LEK\u00c7E \u00d6RNE\u011e\u0130<\/div><\/div><div id=\"elementor-tab-content-68114\" class=\"eael-accordion-content clearfix active-default\" data-tab=\"14\" aria-labelledby=\"dleke-rne\"><p>TEST TEST TEST TEST TEST TEST TEST<\/p><\/div>\n                <\/div><\/div>\t\t\t\t<\/div>\n\t\t\t\t<\/div>\n\t\t\t\t\t<\/div>\n\t\t<\/div>\n\t\t\t\t\t<\/div>\n\t\t<\/section>\n\t\t\t\t<section class=\"elementor-section elementor-top-section elementor-element elementor-element-7364bf3 elementor-section-boxed elementor-section-height-default elementor-section-height-default\" data-id=\"7364bf3\" data-element_type=\"section\">\n\t\t\t\t\t\t<div class=\"elementor-container elementor-column-gap-default\">\n\t\t\t\t\t<div class=\"elementor-column elementor-col-100 elementor-top-column elementor-element elementor-element-21c0e5e\" data-id=\"21c0e5e\" data-element_type=\"column\">\n\t\t\t<div class=\"elementor-widget-wrap elementor-element-populated\">\n\t\t\t\t\t\t<div class=\"elementor-element elementor-element-ac237fc elementor-widget-divider--view-line elementor-widget elementor-widget-divider\" data-id=\"ac237fc\" data-element_type=\"widget\" data-widget_type=\"divider.default\">\n\t\t\t\t<div class=\"elementor-widget-container\">\n\t\t\t\t\t\t\t<div class=\"elementor-divider\">\n\t\t\t<span class=\"elementor-divider-separator\">\n\t\t\t\t\t\t<\/span>\n\t\t<\/div>\n\t\t\t\t\t\t<\/div>\n\t\t\t\t<\/div>\n\t\t\t\t\t<\/div>\n\t\t<\/div>\n\t\t\t\t\t<\/div>\n\t\t<\/section>\n\t\t\t\t<\/div>","protected":false},"excerpt":{"rendered":"<p class=\"tx-excerpt\">Acil Durum Ki\u015fileri \u015e\u0130DDET TEHL\u0130KES\u0130 ALTINDA, \u015e\u0130DDET ANINDA VE \u015e\u0130DDETE MARUZ KALDIKTAN SONRA BA\u015eVURULABILECEK KURUMLAR VE KURULU\u015eLAR \u0130LE AC\u0130L DANI\u015eMA HATLARI: Polis Merkezleri (veya Alo 155 Polis \u0130mdat) ve Jandarma Karakollar\u0131 (veya Alo 156 Jandarma...<\/p>","protected":false},"author":1,"featured_media":0,"parent":0,"menu_order":0,"comment_status":"closed","ping_status":"closed","template":"","meta":{"footnotes":""},"class_list":["post-1197","page","type-page","status-publish","hentry"],"_links":{"self":[{"href":"https:\/\/www.kizbasina.com\/en\/wp-json\/wp\/v2\/pages\/1197","targetHints":{"allow":["GET"]}}],"collection":[{"href":"https:\/\/www.kizbasina.com\/en\/wp-json\/wp\/v2\/pages"}],"about":[{"href":"https:\/\/www.kizbasina.com\/en\/wp-json\/wp\/v2\/types\/page"}],"author":[{"embeddable":true,"href":"https:\/\/www.kizbasina.com\/en\/wp-json\/wp\/v2\/users\/1"}],"replies":[{"embeddable":true,"href":"https:\/\/www.kizbasina.com\/en\/wp-json\/wp\/v2\/comments?post=1197"}],"version-history":[{"count":7,"href":"https:\/\/www.kizbasina.com\/en\/wp-json\/wp\/v2\/pages\/1197\/revisions"}],"predecessor-version":[{"id":1226,"href":"https:\/\/www.kizbasina.com\/en\/wp-json\/wp\/v2\/pages\/1197\/revisions\/1226"}],"wp:attachment":[{"href":"https:\/\/www.kizbasina.com\/en\/wp-json\/wp\/v2\/media?parent=1197"}],"curies":[{"name":"wp","href":"https:\/\/api.w.org\/{rel}","templated":true}]}}