{"id":1144,"date":"2022-12-28T21:04:03","date_gmt":"2022-12-28T21:04:03","guid":{"rendered":"https:\/\/www.kizbasina.com\/?page_id=1144"},"modified":"2023-11-16T11:06:46","modified_gmt":"2023-11-16T11:06:46","slug":"kadina-yonelik-siddetle-mucadelede-hukuk-rehberi","status":"publish","type":"page","link":"https:\/\/www.kizbasina.com\/en\/kadina-yonelik-siddetle-mucadelede-hukuk-rehberi\/","title":{"rendered":"Kad\u0131na Y\u00f6nelik \u015eiddetle M\u00fccadelede Hukuk Rehberi"},"content":{"rendered":"<div data-elementor-type=\"wp-page\" data-elementor-id=\"1144\" class=\"elementor elementor-1144\">\n\t\t\t\t\t\t<section class=\"elementor-section elementor-top-section elementor-element elementor-element-962599c elementor-section-full_width elementor-section-stretched elementor-section-height-default elementor-section-height-default\" data-id=\"962599c\" data-element_type=\"section\" data-settings=\"{&quot;stretch_section&quot;:&quot;section-stretched&quot;}\">\n\t\t\t\t\t\t<div class=\"elementor-container elementor-column-gap-default\">\n\t\t\t\t\t<div class=\"elementor-column elementor-col-100 elementor-top-column elementor-element elementor-element-b697880\" data-id=\"b697880\" data-element_type=\"column\">\n\t\t\t<div class=\"elementor-widget-wrap elementor-element-populated\">\n\t\t\t\t\t\t\t<\/div>\n\t\t<\/div>\n\t\t\t\t\t<\/div>\n\t\t<\/section>\n\t\t\t\t<section class=\"elementor-section elementor-top-section elementor-element elementor-element-9defea7 elementor-section-full_width elementor-section-stretched elementor-section-height-default elementor-section-height-default\" data-id=\"9defea7\" data-element_type=\"section\" data-settings=\"{&quot;stretch_section&quot;:&quot;section-stretched&quot;}\">\n\t\t\t\t\t\t<div class=\"elementor-container elementor-column-gap-default\">\n\t\t\t\t\t<div class=\"elementor-column elementor-col-100 elementor-top-column elementor-element elementor-element-ba7a2a2\" data-id=\"ba7a2a2\" data-element_type=\"column\">\n\t\t\t<div class=\"elementor-widget-wrap elementor-element-populated\">\n\t\t\t\t\t\t<div class=\"elementor-element elementor-element-9b20714 elementor-widget-divider--view-line elementor-widget elementor-widget-divider\" data-id=\"9b20714\" data-element_type=\"widget\" data-widget_type=\"divider.default\">\n\t\t\t\t<div class=\"elementor-widget-container\">\n\t\t\t\t\t\t\t<div class=\"elementor-divider\">\n\t\t\t<span class=\"elementor-divider-separator\">\n\t\t\t\t\t\t<\/span>\n\t\t<\/div>\n\t\t\t\t\t\t<\/div>\n\t\t\t\t<\/div>\n\t\t\t\t\t<\/div>\n\t\t<\/div>\n\t\t\t\t\t<\/div>\n\t\t<\/section>\n\t\t\t\t<section class=\"elementor-section elementor-top-section elementor-element elementor-element-82c2e7b elementor-section-boxed elementor-section-height-default elementor-section-height-default\" data-id=\"82c2e7b\" data-element_type=\"section\">\n\t\t\t\t\t\t<div class=\"elementor-container elementor-column-gap-default\">\n\t\t\t\t\t<div class=\"elementor-column elementor-col-100 elementor-top-column elementor-element elementor-element-9d2fc37\" data-id=\"9d2fc37\" data-element_type=\"column\">\n\t\t\t<div class=\"elementor-widget-wrap elementor-element-populated\">\n\t\t\t\t\t\t<div class=\"elementor-element elementor-element-a8ca197 elementor-widget elementor-widget-text-editor\" data-id=\"a8ca197\" data-element_type=\"widget\" data-widget_type=\"text-editor.default\">\n\t\t\t\t<div class=\"elementor-widget-container\">\n\t\t\t\t\t\t\t\t\t<p>Uygulanan her projenin \u00e7\u0131kt\u0131lar\u0131n\u0131n s\u00fcrd\u00fcr\u00fclebilinir k\u0131l\u0131nmas\u0131 ve dijital e\u011fitim platformlar\u0131yla entegrasyonu K\u0131zBa\u015f\u0131na i\u00e7in \u00f6nem ta\u015f\u0131maktad\u0131r. Bu ba\u011flamda 2019 y\u0131l\u0131nda d\u00fczenlenen ve T\u00fcrkiye\u2019de hukuk alan\u0131nda kad\u0131na \u015fiddet ile m\u00fccadelede \u00f6nem arz eden 6284 say\u0131l\u0131 kanun ve \u0130stanbul S\u00f6zle\u015fmesi \u00fczerine y\u00fcr\u00fct\u00fclen \u201cGelece\u011fin Lider Hukuk\u00e7ular\u0131 Projesi\u201d kapsam\u0131nda MOOC (Kitlesel A\u00e7\u0131k \u00c7evrimi\u00e7i Kurs) tasarlanm\u0131\u015f olup Udemy \u00fczerinden yay\u0131nlanm\u0131\u015ft\u0131r. K\u0131zBa\u015f\u0131na ekibi olarak e\u011fitim ve \u00f6\u011fretimde f\u0131rsat e\u015fitli\u011finin \u00f6nemini vurgulamaktay\u0131z. Bu nedenle \u201cKad\u0131na Y\u00f6nelik \u015eiddetle M\u00fccadelede Hukuk Rehberi\u201d isimli kursa kat\u0131l\u0131m \u00fccretsizdir.<br \/><br \/>1. K\u0131s\u0131m \u201cKad\u0131na Y\u00f6nelik \u015eiddette G\u00fcncel Kavramlar\u201d ba\u015fl\u0131\u011f\u0131n\u0131 ta\u015f\u0131maktad\u0131r ve e\u011fitim s\u00fcresi 8 dakikad\u0131r. Bu b\u00f6l\u00fcmde, e\u011fitime bir temel te\u015fkil edebilmesi a\u00e7\u0131s\u0131ndan ihtiya\u00e7 duyulan baz\u0131 g\u00fcncel kavramlar a\u00e7\u0131klanm\u0131\u015ft\u0131r. 6284 say\u0131l\u0131 Kanun bak\u0131m\u0131ndan \u00f6nemli bir yere sahip olan kad\u0131n\u0131n beyan\u0131 esast\u0131r ilkesi hakk\u0131nda Prof. Dr. G\u00fclriz Uygur\u2019un anlat\u0131m\u0131na yer verilerek ilkenin mahiyeti ve ortaya \u00e7\u0131k\u0131\u015f amac\u0131 anlat\u0131lacakt\u0131r.<br \/><br \/>2. K\u0131s\u0131m \u201cKad\u0131na Y\u00f6nelik \u015eiddette Hukukun Yeri\u201d ba\u015fl\u0131\u011f\u0131n\u0131 ta\u015f\u0131maktad\u0131r ve e\u011fitim s\u00fcresi 44 dakikad\u0131r. Bu b\u00f6l\u00fcmde 6284 say\u0131l\u0131 kanun ve i\u00e7erdi\u011fi tedbirler ba\u015fta olmak \u00fczere; s\u0131ras\u0131yla ulusal ve uluslararas\u0131 koruma mekanizmalar\u0131 a\u00e7\u0131klanacak, ard\u0131ndan \u00e7ok y\u00f6nl\u00fc kavray\u0131\u015f\u0131n sa\u011flanabilmesi amac\u0131yla uygulamada rastlan\u0131lan eksikliklere de\u011finilecektir. Kanun uygulamas\u0131nda g\u00f6r\u00fclen eksiklikler Av. Sibel \u00d6nder\u2019in anlat\u0131m\u0131 ile ya\u015fanm\u0131\u015f ger\u00e7ek bir olay \u00fczerinden g\u00f6sterilecektir.<br \/><br \/>3. K\u0131s\u0131m \u201c\u015eiddetsiz \u0130leti\u015fim Metodlar\u0131\u201d ba\u015fl\u0131\u011f\u0131n\u0131 ta\u015f\u0131maktad\u0131r ve e\u011fitim s\u00fcresi 22 dakikad\u0131r. Temel kavramlar\u0131n, mevzuat\u0131n, uygulamadaki \u00e7\u00f6z\u00fcm ve eksikliklerin incelenmesinin ard\u0131ndan gelen bu b\u00f6l\u00fcmde \u00f6zellikle avukatlara y\u00f6nelik olarak \u015fiddet dilinden ar\u0131nd\u0131r\u0131lm\u0131\u015f dilek\u00e7e yaz\u0131m\u0131 \u00fczerinde durulacakt\u0131r. \u2018\u015eiddetsizlik\u2019 \u00e7er\u00e7evesinde ilerleyecek olan b\u00f6l\u00fcm\u00fcn sonunda \u015fiddet ma\u011fduru m\u00fcvekkiller ile do\u011fru ileti\u015fim y\u00f6ntemleri de uygulamal\u0131 olarak ele al\u0131nacakt\u0131r. \u015eiddet ma\u011fduru m\u00fcvekkiller ile sa\u011fl\u0131kl\u0131 ve do\u011fru bir ileti\u015fimin nas\u0131l sa\u011flanabilece\u011fi konusunda Av. Birsen Atakan ile yap\u0131lan uygulamal\u0131 e\u011fitim videosuna yer verilmi\u015ftir.<br \/><br \/>4. K\u0131s\u0131m \u201cMedeni Hukukun Geli\u015fim S\u00fcreci\u201d ba\u015fl\u0131\u011f\u0131n\u0131 ta\u015f\u0131maktad\u0131r ve e\u011fitim s\u00fcresi 9 dakikad\u0131r. Kad\u0131nlar\u0131n yaln\u0131zca fiziksel de\u011fil, \u00f6zellikle aile hayatlar\u0131nda \u00f6nemli d\u00fczeyde ekonomik \u015fiddete maruz kalmalar\u0131ndan dolay\u0131 e\u011fitim i\u00e7eri\u011finde kad\u0131nlar\u0131n medeni haklar\u0131n\u0131n geli\u015fimine de de\u011finilmesinde fayda g\u00f6r\u00fclm\u00fc\u015ft\u00fcr. Bu sebeple bu b\u00f6l\u00fcmde tarihsel bir geli\u015fim ve mevcut haklar ele al\u0131nacakt\u0131r.<br \/><br \/>Son b\u00f6l\u00fcm olan \u201c6284 Say\u0131l\u0131 Kanun-Tedbir Dilek\u00e7esi Yaz\u0131m\u0131\u201d ba\u015fl\u0131kl\u0131 b\u00f6l\u00fcmde ise \u00d6nceki k\u0131s\u0131mlarda \u00f6\u011frenilen kanuna dayal\u0131 olarak nas\u0131l dilek\u00e7e yaz\u0131labilece\u011fi konusu ele al\u0131nacakt\u0131r. 5 farkl\u0131 vak\u0131a hakk\u0131nda, 5 grup hukuk fak\u00fcltesi \u00f6\u011frencisinin yazm\u0131\u015f oldu\u011fu tedbir talepli dilek\u00e7eler eski h\u00e2kim, avukat Eray Kar\u0131nca taraf\u0131ndan de\u011ferlendirilmi\u015ftir. Proje kapsam\u0131nda se\u00e7ilen lider hukuk \u00f6\u011frencilerince yap\u0131lan hatalar\u0131n g\u00f6z \u00f6n\u00fcne koyulmas\u0131 yoluyla, do\u011fru ve eksiksiz dilek\u00e7e yaz\u0131m\u0131 g\u00f6sterilecektir.<br \/><br \/>Gelece\u011fin Lider Hukuk\u00e7ular\u0131 Projesi kapsam\u0131nda bu e\u011fitime katk\u0131da bulunan Prof. Dr. G\u00fclriz Uygur\u2019a, Prof. Dr. Kadriye Bak\u0131rc\u0131\u2019ya, Prof. Dr. \u015eebnem Akipek \u00d6cal\u2019a, Av. Asl\u0131 Ko\u00e7ak Ar\u0131han\u2019a, Av. Sibel \u00d6nder\u2019e, Sosyal Hizmet Uzman\u0131 Zeynep Mutlu\u2019ya, Eski Hakim Av. Eray Kar\u0131nca\u2019ya, Av. Birsen Atakan\u2019a, Av. Hava Orhan\u2019a ve \u00dcr\u00fcn G\u00fcner\u2019e te\u015fekk\u00fcr ediyoruz.<\/p>\t\t\t\t\t\t\t\t<\/div>\n\t\t\t\t<\/div>\n\t\t\t\t\t<\/div>\n\t\t<\/div>\n\t\t\t\t\t<\/div>\n\t\t<\/section>\n\t\t\t\t<section class=\"elementor-section elementor-top-section elementor-element elementor-element-e774fbb elementor-section-boxed elementor-section-height-default elementor-section-height-default\" data-id=\"e774fbb\" data-element_type=\"section\">\n\t\t\t\t\t\t<div class=\"elementor-container elementor-column-gap-default\">\n\t\t\t\t\t<div class=\"elementor-column elementor-col-100 elementor-top-column elementor-element elementor-element-b9ad4f0\" data-id=\"b9ad4f0\" data-element_type=\"column\">\n\t\t\t<div class=\"elementor-widget-wrap elementor-element-populated\">\n\t\t\t\t\t\t<div class=\"elementor-element elementor-element-f01b5ce elementor-align-center elementor-widget elementor-widget-button\" data-id=\"f01b5ce\" data-element_type=\"widget\" data-widget_type=\"button.default\">\n\t\t\t\t<div class=\"elementor-widget-container\">\n\t\t\t\t\t\t\t\t\t<div class=\"elementor-button-wrapper\">\n\t\t\t\t\t<a class=\"elementor-button elementor-button-link elementor-size-lg\" href=\"https:\/\/www.udemy.com\/course\/kadina-yonelik-siddetle-mucadelede-hukuk-rehberi\/\">\n\t\t\t\t\t\t<span class=\"elementor-button-content-wrapper\">\n\t\t\t\t\t\t<span class=\"elementor-button-icon\">\n\t\t\t\t<i aria-hidden=\"true\" class=\"fas fa-angle-right\"><\/i>\t\t\t<\/span>\n\t\t\t\t\t\t\t\t\t<span class=\"elementor-button-text\">HEMEN KATILIN!<\/span>\n\t\t\t\t\t<\/span>\n\t\t\t\t\t<\/a>\n\t\t\t\t<\/div>\n\t\t\t\t\t\t\t\t<\/div>\n\t\t\t\t<\/div>\n\t\t\t\t\t<\/div>\n\t\t<\/div>\n\t\t\t\t\t<\/div>\n\t\t<\/section>\n\t\t\t\t<\/div>","protected":false},"excerpt":{"rendered":"<p class=\"tx-excerpt\">Uygulanan her projenin \u00e7\u0131kt\u0131lar\u0131n\u0131n s\u00fcrd\u00fcr\u00fclebilinir k\u0131l\u0131nmas\u0131 ve dijital e\u011fitim platformlar\u0131yla entegrasyonu K\u0131zBa\u015f\u0131na i\u00e7in \u00f6nem ta\u015f\u0131maktad\u0131r. Bu ba\u011flamda 2019 y\u0131l\u0131nda d\u00fczenlenen ve T\u00fcrkiye\u2019de hukuk alan\u0131nda kad\u0131na \u015fiddet ile m\u00fccadelede \u00f6nem arz eden 6284 say\u0131l\u0131 kanun ve...<\/p>","protected":false},"author":1,"featured_media":0,"parent":0,"menu_order":0,"comment_status":"closed","ping_status":"closed","template":"","meta":{"footnotes":""},"class_list":["post-1144","page","type-page","status-publish","hentry"],"_links":{"self":[{"href":"https:\/\/www.kizbasina.com\/en\/wp-json\/wp\/v2\/pages\/1144","targetHints":{"allow":["GET"]}}],"collection":[{"href":"https:\/\/www.kizbasina.com\/en\/wp-json\/wp\/v2\/pages"}],"about":[{"href":"https:\/\/www.kizbasina.com\/en\/wp-json\/wp\/v2\/types\/page"}],"author":[{"embeddable":true,"href":"https:\/\/www.kizbasina.com\/en\/wp-json\/wp\/v2\/users\/1"}],"replies":[{"embeddable":true,"href":"https:\/\/www.kizbasina.com\/en\/wp-json\/wp\/v2\/comments?post=1144"}],"version-history":[{"count":25,"href":"https:\/\/www.kizbasina.com\/en\/wp-json\/wp\/v2\/pages\/1144\/revisions"}],"predecessor-version":[{"id":3924,"href":"https:\/\/www.kizbasina.com\/en\/wp-json\/wp\/v2\/pages\/1144\/revisions\/3924"}],"wp:attachment":[{"href":"https:\/\/www.kizbasina.com\/en\/wp-json\/wp\/v2\/media?parent=1144"}],"curies":[{"name":"wp","href":"https:\/\/api.w.org\/{rel}","templated":true}]}}