{"id":1126,"date":"2022-12-28T20:48:17","date_gmt":"2022-12-28T20:48:17","guid":{"rendered":"https:\/\/www.kizbasina.com\/?page_id=1126"},"modified":"2023-11-16T10:35:49","modified_gmt":"2023-11-16T10:35:49","slug":"gelecegin-lider-hukukculari-projesi","status":"publish","type":"page","link":"https:\/\/www.kizbasina.com\/en\/projeler\/gelecegin-lider-hukukculari-projesi\/","title":{"rendered":"Gelece\u011fin Lider Hukuk\u00e7ular\u0131 Projesi"},"content":{"rendered":"<div data-elementor-type=\"wp-page\" data-elementor-id=\"1126\" class=\"elementor elementor-1126\">\n\t\t\t\t\t\t<section class=\"elementor-section elementor-top-section elementor-element elementor-element-962599c elementor-section-full_width elementor-section-stretched elementor-section-height-default elementor-section-height-default\" data-id=\"962599c\" data-element_type=\"section\" data-settings=\"{&quot;stretch_section&quot;:&quot;section-stretched&quot;}\">\n\t\t\t\t\t\t<div class=\"elementor-container elementor-column-gap-default\">\n\t\t\t\t\t<div class=\"elementor-column elementor-col-100 elementor-top-column elementor-element elementor-element-b697880\" data-id=\"b697880\" data-element_type=\"column\">\n\t\t\t<div class=\"elementor-widget-wrap elementor-element-populated\">\n\t\t\t\t\t\t\t<\/div>\n\t\t<\/div>\n\t\t\t\t\t<\/div>\n\t\t<\/section>\n\t\t\t\t<section class=\"elementor-section elementor-top-section elementor-element elementor-element-9defea7 elementor-section-full_width elementor-section-stretched elementor-section-height-default elementor-section-height-default\" data-id=\"9defea7\" data-element_type=\"section\" data-settings=\"{&quot;stretch_section&quot;:&quot;section-stretched&quot;}\">\n\t\t\t\t\t\t<div class=\"elementor-container elementor-column-gap-default\">\n\t\t\t\t\t<div class=\"elementor-column elementor-col-100 elementor-top-column elementor-element elementor-element-ba7a2a2\" data-id=\"ba7a2a2\" data-element_type=\"column\">\n\t\t\t<div class=\"elementor-widget-wrap elementor-element-populated\">\n\t\t\t\t\t\t<div class=\"elementor-element elementor-element-9b20714 elementor-widget-divider--view-line elementor-widget elementor-widget-divider\" data-id=\"9b20714\" data-element_type=\"widget\" data-widget_type=\"divider.default\">\n\t\t\t\t<div class=\"elementor-widget-container\">\n\t\t\t\t\t\t\t<div class=\"elementor-divider\">\n\t\t\t<span class=\"elementor-divider-separator\">\n\t\t\t\t\t\t<\/span>\n\t\t<\/div>\n\t\t\t\t\t\t<\/div>\n\t\t\t\t<\/div>\n\t\t\t\t\t<\/div>\n\t\t<\/div>\n\t\t\t\t\t<\/div>\n\t\t<\/section>\n\t\t\t\t<section class=\"elementor-section elementor-top-section elementor-element elementor-element-82c2e7b elementor-section-boxed elementor-section-height-default elementor-section-height-default\" data-id=\"82c2e7b\" data-element_type=\"section\">\n\t\t\t\t\t\t<div class=\"elementor-container elementor-column-gap-default\">\n\t\t\t\t\t<div class=\"elementor-column elementor-col-100 elementor-top-column elementor-element elementor-element-9d2fc37\" data-id=\"9d2fc37\" data-element_type=\"column\">\n\t\t\t<div class=\"elementor-widget-wrap elementor-element-populated\">\n\t\t\t\t\t\t<div class=\"elementor-element elementor-element-a8ca197 elementor-widget elementor-widget-text-editor\" data-id=\"a8ca197\" data-element_type=\"widget\" data-widget_type=\"text-editor.default\">\n\t\t\t\t<div class=\"elementor-widget-container\">\n\t\t\t\t\t\t\t\t\t<p><strong>Project Name:<\/strong> Future Leader Legal Professionals Project&nbsp;<\/p>\n<p><\/p>\n<p><strong>Project Purpose: <\/strong>K\u0131zBa\u015f\u0131na, Gelece\u011fin Lider Hukuk\u00e7ular\u0131 projesi ile T\u00fcrkiye genelinde bu konuda var olan pratik eksikli\u011finin giderilmesi ve fark\u0131ndal\u0131\u011f\u0131n artt\u0131r\u0131lmas\u0131 i\u00e7in T\u00fcrkiye\u2019de kad\u0131na \u015fiddete ili\u015fkin dava s\u00fcre\u00e7lerinin y\u00fcr\u00fct\u00fclmesine dair kapsaml\u0131 bir e\u011fitim sunmay\u0131 ama\u00e7lam\u0131\u015ft\u0131r.&nbsp;<\/p>\n<p><\/p>\n<p><strong>Project Scope: <\/strong>Gelece\u011fin Lider Hukuk\u00e7ular\u0131, kad\u0131na y\u00f6nelik \u015fiddete ili\u015fkin dava s\u00fcre\u00e7lerine odaklanan at\u00f6lyeler, e\u011fitimler ve bilin\u00e7lendirme \u00e7al\u0131\u015fmalar\u0131n\u0131 i\u00e7erir. Proje, Amerika B\u00fcy\u00fckel\u00e7ili\u011fi taraf\u0131ndan finanse edilmi\u015ftir.&nbsp;<\/p>\n<p><\/p>\n<p><strong>Target Audience:<\/strong>&nbsp; Bu proje, T\u00fcrkiye genelinde hukuk fak\u00fcltesi 3. ve 4. s\u0131n\u0131f \u00f6\u011frencilerine ve hukuk fak\u00fcltesinden yeni mezun olmu\u015f ki\u015filer i\u00e7in d\u00fczenlenmi\u015ftir.<\/p>\n<p><\/p>\n<p><strong>Project Activities:<\/strong>&nbsp; Gelece\u011fin Lider Hukuk\u00e7ular\u0131, Mart 2019\u2019da hukuk ekibinin bir araya gelerek kapsaml\u0131 bir faaliyet plan\u0131 olu\u015fturmas\u0131yla ba\u015flad\u0131. Bu ba\u011flamda 11 May\u0131s 2019 tarihinde \u201cKad\u0131na Y\u00f6nelik \u015eiddete Hukukun S\u00f6z\u00fc\u201d adl\u0131 konferans\u0131 ve vaka y\u00f6netim at\u00f6lyesi, 18 May\u0131s 2019 Tarihinde ise \u201c\u015eiddetsiz \u0130leti\u015fim Dili ve \u015eiddetsiz Dilek\u00e7e Yaz\u0131m\u0131\u201d konferans\u0131 ve \u201c\u015eiddetsiz Dilek\u00e7e Yaz\u0131m\u0131 At\u00f6lyesi\u201d, 1 Haziran 2019 tarihinde proje boyunca edinilen bilgilerin de\u011ferlendirilmesi ad\u0131na Tetralemma etkinli\u011fi d\u00fczenlendi. Proje kapsam\u0131ndaki at\u00f6lye ve konferanslar Prof. Dr. G\u00fclriz Uygur, Prof. Dr. Kadriye Bak\u0131rc\u0131, Prof. Dr. \u015eebnem Akipek \u00d6cal, Av. Asl\u0131 Ko\u00e7ak Ar\u0131han, Av. Sibel \u00d6nder, Sosyal Hizmet Uzman\u0131 Zeynep Mutlu, Eski Hakim Av. Eray Kar\u0131nca, Av. Birsen Atakan, Av. Hava Orhan ve \u00dcr\u00fcn G\u00fcner uzmanl\u0131\u011f\u0131nda ger\u00e7ekle\u015ftirilmi\u015ftir.&nbsp;&nbsp;<\/p>\n<p><\/p>\n<p><strong>Project Impacts:<\/strong>&nbsp; Gelece\u011fin Lider Hukuk\u00e7ular\u0131 projesi ile, y\u00fczlerce ba\u015fvuru aras\u0131ndan titizlikle se\u00e7ilen 38 lider hukuk\u00e7uya hem teorik hem de pratik e\u011fitimler ve at\u00f6lyeler d\u00fczenleyerek, kad\u0131na y\u00f6nelik \u015fiddete ili\u015fkin dava s\u00fcre\u00e7leri hakk\u0131nda \u00e7ok say\u0131da uzman\u0131n rehberli\u011finde kapsaml\u0131 \u00e7al\u0131\u015ftaylar y\u00fcr\u00fct\u00fcld\u00fc. Ek olarak, proje sonunda \u00fccretsiz, herkese a\u00e7\u0131k ve online olan Kad\u0131na Y\u00f6nelik \u015eiddetle M\u00fccadelede Hukuk Rehberi (Massive Open Online Courses-MOOC) yay\u0131nlanm\u0131\u015f ve ger\u00e7ekle\u015fmi\u015f e\u011fitimlerden elde edilen \u00e7\u0131kt\u0131lar \u00e7evrimi\u00e7i olarak binlerce ki\u015fiye ula\u015fm\u0131\u015ft\u0131r. Bu \u00e7\u0131kt\u0131lar ve e\u011fitim cinsiyet e\u015fitli\u011fi konusunda g\u00fc\u00e7l\u00fc bir&nbsp; fark\u0131ndal\u0131k yaratm\u0131\u015ft\u0131r.<\/p>\n<p><\/p>\n<p><strong>Project Timeline: <\/strong>Proje, Mart 2019&#8217;da ba\u015flad\u0131 ve Temmuz 2019&#8217;da tamamland\u0131. Ancak projenin etkisi ve fark\u0131ndal\u0131\u011f\u0131 \u00e7evrimi\u00e7i olarak yay\u0131nlanan Kad\u0131na Y\u00f6nelik \u015eiddetle M\u00fccadelede Hukuk Rehberi (MOOC) ile devam etmektedir..<\/p>\n<p><\/p>\n<p><strong>How to Connect: <\/strong>To learn more about the project, participate in activities, and provide support, please visit our website: <a href=\"https:\/\/www.kizbasina.com\/en\/\">https:\/\/www.kizbasina.com\/en\/<\/a>.&nbsp; Ayr\u0131ca sosyal medya hesaplar\u0131m\u0131zdan da g\u00fcncel etkinliklerimiz ve \u00e7al\u0131\u015fmalar\u0131m\u0131z hakk\u0131nda bilgi alabilirsiniz. <br><br>Kad\u0131na Y\u00f6nelik \u015eiddetle M\u00fccadelede Hukuk Rehberi adl\u0131 e\u011fitimimize K\u0131zBa\u015f\u0131na\u2019n\u0131n Udemy hesab\u0131ndan ula\u015fabilirsiniz: <a href=\"https:\/\/www.udemy.com\/course\/kadina-yonelik-siddetle-mucadelede-hukuk-rehberi\/\">https:\/\/www.udemy.com\/course\/kadina-yonelik-siddetle-mucadelede-hukuk-rehberi\/<\/a><\/p>\t\t\t\t\t\t\t\t<\/div>\n\t\t\t\t<\/div>\n\t\t\t\t\t<\/div>\n\t\t<\/div>\n\t\t\t\t\t<\/div>\n\t\t<\/section>\n\t\t\t\t<section class=\"elementor-section elementor-top-section elementor-element elementor-element-e057cc1 elementor-section-boxed elementor-section-height-default elementor-section-height-default\" data-id=\"e057cc1\" data-element_type=\"section\">\n\t\t\t\t\t\t<div class=\"elementor-container elementor-column-gap-default\">\n\t\t\t\t\t<div class=\"elementor-column elementor-col-100 elementor-top-column elementor-element elementor-element-aec85f7\" data-id=\"aec85f7\" data-element_type=\"column\">\n\t\t\t<div class=\"elementor-widget-wrap elementor-element-populated\">\n\t\t\t\t\t\t<div class=\"elementor-element elementor-element-a54ebba elementor-widget elementor-widget-heading\" data-id=\"a54ebba\" data-element_type=\"widget\" data-widget_type=\"heading.default\">\n\t\t\t\t<div class=\"elementor-widget-container\">\n\t\t\t\t\t<h4 class=\"elementor-heading-title elementor-size-default\">A\u015eAMA 1<\/h4>\t\t\t\t<\/div>\n\t\t\t\t<\/div>\n\t\t\t\t\t<\/div>\n\t\t<\/div>\n\t\t\t\t\t<\/div>\n\t\t<\/section>\n\t\t\t\t<section class=\"elementor-section elementor-top-section elementor-element elementor-element-81bb83f elementor-section-boxed elementor-section-height-default elementor-section-height-default\" data-id=\"81bb83f\" data-element_type=\"section\">\n\t\t\t\t\t\t<div class=\"elementor-container elementor-column-gap-default\">\n\t\t\t\t\t<div class=\"elementor-column elementor-col-100 elementor-top-column elementor-element elementor-element-6f5dd46\" data-id=\"6f5dd46\" data-element_type=\"column\">\n\t\t\t<div class=\"elementor-widget-wrap elementor-element-populated\">\n\t\t\t\t\t\t<div class=\"elementor-element elementor-element-9d0918e elementor-widget elementor-widget-text-editor\" data-id=\"9d0918e\" data-element_type=\"widget\" data-widget_type=\"text-editor.default\">\n\t\t\t\t<div class=\"elementor-widget-container\">\n\t\t\t\t\t\t\t\t\t<p><strong>Gelece\u011fin Lider Hukuk\u00e7ular\u0131 Projesi 1. Aya\u011f\u0131:<\/strong><br \/><br \/>11 May\u0131s 2019 tarihinde Orta Do\u011fu Teknik \u00dcniversitesi\u2019nde, hukuk fak\u00fcltesi \u00f6\u011frencilerinin yan\u0131 s\u0131ra konuyla ilgilenen herkesin kat\u0131l\u0131m\u0131na a\u00e7\u0131k olarak \u2018Kad\u0131na Y\u00f6nelik \u015eiddete Hukukun S\u00f6z\u00fc\u2019 adl\u0131 konferans ger\u00e7ekle\u015ftirilmi\u015ftir.Davos oturma d\u00fczeninde ilerleyen ve moderat\u00f6rl\u00fc\u011f\u00fcn\u00fc G\u00fcrb\u00fcz Evren\u2019in \u00fcstlendi\u011fi konferans iki oturum \u015feklinde ger\u00e7ekle\u015ftirilmi\u015ftir.<br \/><br \/>\u0130lk oturumda Prof. Dr. G\u00fclriz Uygur, (E) H\u00e2kim Av. Eray Kar\u0131nca ve Ankara Barosu Gelincik Merkezi Ba\u015fkan\u0131 Av. Asl\u0131 Ko\u00e7ak Ar\u0131han yer alm\u0131\u015ft\u0131r. \u0130lk oturum kapsam\u0131nda konu\u015fmac\u0131lar taraf\u0131ndan, kendi \u00e7al\u0131\u015fma alanlar\u0131 ve mesleki tecr\u00fcbelerinden yola \u00e7\u0131k\u0131larak, 6284 say\u0131l\u0131 kanunun eksiklerini tart\u0131\u015f\u0131lm\u0131\u015f ve kanunun uygulanmas\u0131nda olu\u015fan s\u0131k\u0131nt\u0131lar \u00f6zellikle \u015fiddet ma\u011fdurlar\u0131 a\u00e7\u0131s\u0131ndan de\u011ferlendirilmi\u015ftir. \u0130kinci oturumda Sosyal Hizmetler Uzman\u0131 Zeynep Mutlu, Av. Sibel \u00d6nder ve \u00dcr\u00fcn G\u00fcner yer alm\u0131\u015ft\u0131r. \u2018Ma\u011fdur\u2019 odakl\u0131 ilerleyen bu oturumda; ma\u011fdurlar\u0131n korunmas\u0131 ve davalar\u0131n y\u00fcr\u00fct\u00fclmesinde ya\u015fan\u0131lan problemlere de\u011finilmi\u015ftir. Ayn\u0131 zamanda sivil toplum kurulu\u015flar\u0131n\u0131n kad\u0131na \u015fiddet konusunda ulusal ve uluslararas\u0131 rol\u00fc \u00fczerinde durulmu\u015ftur.<br \/><br \/>Konferans\u0131n ard\u0131ndan konferansta yer alan konu\u015fmac\u0131lar ve T\u00fcrkiye genelinde se\u00e7ilen 38 lider gelece\u011fin hukuk\u00e7ular\u0131 ile kapal\u0131 bir Soru-Cevap oturumu d\u00fczenlenerek interaktif bir etkinlik ger\u00e7ekle\u015ftirilmi\u015ftir. Sonras\u0131nda Av. Derya Baykan ile kad\u0131na \u015fiddet davalar\u0131na ili\u015fkin \u00f6rnek bir vaka \u00e7al\u0131\u015fmas\u0131 yap\u0131lm\u0131\u015ft\u0131r. Ard\u0131ndan 38 lider \u00f6\u011frenci \u00e7al\u0131\u015fma gruplar\u0131na ayr\u0131larak kendilerine verilen vakalar \u00fczerinde 1 haftal\u0131k bir \u00e7al\u0131\u015fma y\u00fcr\u00fctm\u00fc\u015fler ve kendi dava dilek\u00e7elerini yazm\u0131\u015flard\u0131r.<\/p>\t\t\t\t\t\t\t\t<\/div>\n\t\t\t\t<\/div>\n\t\t\t\t\t<\/div>\n\t\t<\/div>\n\t\t\t\t\t<\/div>\n\t\t<\/section>\n\t\t\t\t<section class=\"elementor-section elementor-top-section elementor-element elementor-element-7de0a8b elementor-section-boxed elementor-section-height-default elementor-section-height-default\" data-id=\"7de0a8b\" data-element_type=\"section\">\n\t\t\t\t\t\t<div class=\"elementor-container elementor-column-gap-default\">\n\t\t\t\t\t<div class=\"elementor-column elementor-col-100 elementor-top-column elementor-element elementor-element-8c73296\" data-id=\"8c73296\" data-element_type=\"column\">\n\t\t\t<div class=\"elementor-widget-wrap elementor-element-populated\">\n\t\t\t\t\t\t<div class=\"elementor-element elementor-element-b08e8e8 elementor-widget elementor-widget-heading\" data-id=\"b08e8e8\" data-element_type=\"widget\" data-widget_type=\"heading.default\">\n\t\t\t\t<div class=\"elementor-widget-container\">\n\t\t\t\t\t<h4 class=\"elementor-heading-title elementor-size-default\">A\u015eAMA 2<\/h4>\t\t\t\t<\/div>\n\t\t\t\t<\/div>\n\t\t\t\t\t<\/div>\n\t\t<\/div>\n\t\t\t\t\t<\/div>\n\t\t<\/section>\n\t\t\t\t<section class=\"elementor-section elementor-top-section elementor-element elementor-element-94344ef elementor-section-boxed elementor-section-height-default elementor-section-height-default\" data-id=\"94344ef\" data-element_type=\"section\">\n\t\t\t\t\t\t<div class=\"elementor-container elementor-column-gap-default\">\n\t\t\t\t\t<div class=\"elementor-column elementor-col-100 elementor-top-column elementor-element elementor-element-d8c1e10\" data-id=\"d8c1e10\" data-element_type=\"column\">\n\t\t\t<div class=\"elementor-widget-wrap elementor-element-populated\">\n\t\t\t\t\t\t<div class=\"elementor-element elementor-element-bf33fbe elementor-widget elementor-widget-text-editor\" data-id=\"bf33fbe\" data-element_type=\"widget\" data-widget_type=\"text-editor.default\">\n\t\t\t\t<div class=\"elementor-widget-container\">\n\t\t\t\t\t\t\t\t\t<p><strong>Gelece\u011fin Lider Hukuk\u00e7ular\u0131 Projesi 2. Aya\u011f\u0131:<\/strong><br \/><br \/>18 May\u0131s 2019 tarihinde Ankara \u00dcniversitesi Hukuk Fak\u00fcltesi\u2019nde A\u00dcHF \u00f6\u011frencileri ve 38 gelece\u011fin lider hukuk\u00e7ular\u0131n\u0131n kat\u0131l\u0131m\u0131yla, Av. Birsen Atakan taraf\u0131ndan \u2018\u015eiddetsiz \u0130leti\u015fim Dili ve \u015eiddetsiz Dilek\u00e7e Yaz\u0131m\u0131\u2019 konferans\u0131 ger\u00e7ekle\u015ftirilmi\u015ftir.<br \/><br \/>Konferans\u0131n devam\u0131nda, Av. Birsen Atakan taraf\u0131ndan 38 lider \u00f6\u011frenciye \u015fiddetsiz dilek\u00e7e yaz\u0131m at\u00f6lyesi yap\u0131lm\u0131\u015ft\u0131r.<br \/><br \/>At\u00f6lye \u00e7al\u0131\u015fmas\u0131n\u0131n ard\u0131ndan, Prof. Dr. G\u00fclriz Uygur ile 38 lider \u00f6\u011frenci bir araya gelerek \u00f6zel bir Soru-Cevap oturumu ger\u00e7ekle\u015ftirmi\u015flerdir.<br \/><br \/>Son oturum ise Ankara Barosu Kad\u0131n Haklar\u0131 Merkezi Koordinat\u00f6r\u00fc Hava Orhon ile d\u00fczenlenmi\u015ftir. Hava Orhon, uygulamada s\u0131kl\u0131kla rastlanan \u00f6rnek vaka tipleri \u00fczerinden giderek, mevcut s\u0131k\u0131nt\u0131lar\u0131n nas\u0131l giderilebilece\u011fi konusunda fikirlerini belirtmi\u015f ve bir kad\u0131na \u015fiddet dava s\u00fcrecinin nas\u0131l y\u00fcr\u00fct\u00fclebilece\u011fine ili\u015fkin deneyimlerini lider \u00f6\u011frencilerle payla\u015fm\u0131\u015ft\u0131r.<\/p>\t\t\t\t\t\t\t\t<\/div>\n\t\t\t\t<\/div>\n\t\t\t\t\t<\/div>\n\t\t<\/div>\n\t\t\t\t\t<\/div>\n\t\t<\/section>\n\t\t\t\t<section class=\"elementor-section elementor-top-section elementor-element elementor-element-8df2f79 elementor-section-boxed elementor-section-height-default elementor-section-height-default\" data-id=\"8df2f79\" data-element_type=\"section\">\n\t\t\t\t\t\t<div class=\"elementor-container elementor-column-gap-default\">\n\t\t\t\t\t<div class=\"elementor-column elementor-col-100 elementor-top-column elementor-element elementor-element-b4b82ef\" data-id=\"b4b82ef\" data-element_type=\"column\">\n\t\t\t<div class=\"elementor-widget-wrap elementor-element-populated\">\n\t\t\t\t\t\t<div class=\"elementor-element elementor-element-887fef6 elementor-widget elementor-widget-heading\" data-id=\"887fef6\" data-element_type=\"widget\" data-widget_type=\"heading.default\">\n\t\t\t\t<div class=\"elementor-widget-container\">\n\t\t\t\t\t<h4 class=\"elementor-heading-title elementor-size-default\">A\u015eAMA 3<\/h4>\t\t\t\t<\/div>\n\t\t\t\t<\/div>\n\t\t\t\t\t<\/div>\n\t\t<\/div>\n\t\t\t\t\t<\/div>\n\t\t<\/section>\n\t\t\t\t<section class=\"elementor-section elementor-top-section elementor-element elementor-element-843aa2f elementor-section-boxed elementor-section-height-default elementor-section-height-default\" data-id=\"843aa2f\" data-element_type=\"section\">\n\t\t\t\t\t\t<div class=\"elementor-container elementor-column-gap-default\">\n\t\t\t\t\t<div class=\"elementor-column elementor-col-100 elementor-top-column elementor-element elementor-element-af93933\" data-id=\"af93933\" data-element_type=\"column\">\n\t\t\t<div class=\"elementor-widget-wrap elementor-element-populated\">\n\t\t\t\t\t\t<div class=\"elementor-element elementor-element-e73b939 elementor-widget elementor-widget-text-editor\" data-id=\"e73b939\" data-element_type=\"widget\" data-widget_type=\"text-editor.default\">\n\t\t\t\t<div class=\"elementor-widget-container\">\n\t\t\t\t\t\t\t\t\t<p><strong>Gelece\u011fin Lider Hukuk\u00e7ular\u0131 Projesi 3. Aya\u011f\u0131:<\/strong><\/p>\n<p>Projenin 3. a\u015famas\u0131 olarak, 1 Haziran 2019 tarihinde Prof. Dr. \u015eebnem Akipek \u00d6cal ile bir e\u011fitim ger\u00e7ekle\u015ftirildi.<\/p>\n<p>Ard\u0131ndan, proje boyunca edinilen t\u00fcm teorik ve pratik bilgilerin bir de\u011ferlendirme safhas\u0131 niteli\u011finde olan Tetralemma etkinli\u011fi uyguland\u0131 Prof. Dr. Kadriye Bak\u0131rc\u0131 rehberli\u011finde y\u00fcr\u00fct\u00fclen Tetralemma etkinli\u011fi ile 6284 say\u0131l\u0131 kanuna dair teoride ve uygulamada ke\u015ffedilen\/\u00f6\u011frenilen eksiklerin lider \u00f6\u011frenciler taraf\u0131ndan b\u00fct\u00fcn y\u00f6nleriyle ele al\u0131nmas\u0131 ve bu kapsamda mevcut s\u0131k\u0131nt\u0131lar\u0131n \u00e7\u00f6z\u00fcm\u00fc konusunda yeni bir bak\u0131\u015f a\u00e7\u0131s\u0131n\u0131n ortaya konulmas\u0131 ama\u00e7land\u0131.<\/p>\t\t\t\t\t\t\t\t<\/div>\n\t\t\t\t<\/div>\n\t\t\t\t\t<\/div>\n\t\t<\/div>\n\t\t\t\t\t<\/div>\n\t\t<\/section>\n\t\t\t\t<\/div>","protected":false},"excerpt":{"rendered":"<p class=\"tx-excerpt\">Proje Ad\u0131: Gelece\u011fin Lider Hukuk\u00e7ular\u0131&nbsp; Projenin Amac\u0131: K\u0131zBa\u015f\u0131na, Gelece\u011fin Lider Hukuk\u00e7ular\u0131 projesi ile T\u00fcrkiye genelinde bu konuda var olan pratik eksikli\u011finin giderilmesi ve fark\u0131ndal\u0131\u011f\u0131n artt\u0131r\u0131lmas\u0131 i\u00e7in T\u00fcrkiye\u2019de kad\u0131na \u015fiddete ili\u015fkin dava s\u00fcre\u00e7lerinin y\u00fcr\u00fct\u00fclmesine dair kapsaml\u0131...<\/p>","protected":false},"author":1,"featured_media":0,"parent":484,"menu_order":0,"comment_status":"closed","ping_status":"closed","template":"","meta":{"footnotes":""},"class_list":["post-1126","page","type-page","status-publish","hentry"],"_links":{"self":[{"href":"https:\/\/www.kizbasina.com\/en\/wp-json\/wp\/v2\/pages\/1126","targetHints":{"allow":["GET"]}}],"collection":[{"href":"https:\/\/www.kizbasina.com\/en\/wp-json\/wp\/v2\/pages"}],"about":[{"href":"https:\/\/www.kizbasina.com\/en\/wp-json\/wp\/v2\/types\/page"}],"author":[{"embeddable":true,"href":"https:\/\/www.kizbasina.com\/en\/wp-json\/wp\/v2\/users\/1"}],"replies":[{"embeddable":true,"href":"https:\/\/www.kizbasina.com\/en\/wp-json\/wp\/v2\/comments?post=1126"}],"version-history":[{"count":25,"href":"https:\/\/www.kizbasina.com\/en\/wp-json\/wp\/v2\/pages\/1126\/revisions"}],"predecessor-version":[{"id":3882,"href":"https:\/\/www.kizbasina.com\/en\/wp-json\/wp\/v2\/pages\/1126\/revisions\/3882"}],"up":[{"embeddable":true,"href":"https:\/\/www.kizbasina.com\/en\/wp-json\/wp\/v2\/pages\/484"}],"wp:attachment":[{"href":"https:\/\/www.kizbasina.com\/en\/wp-json\/wp\/v2\/media?parent=1126"}],"curies":[{"name":"wp","href":"https:\/\/api.w.org\/{rel}","templated":true}]}}