{"id":1114,"date":"2022-12-28T20:36:52","date_gmt":"2022-12-28T20:36:52","guid":{"rendered":"https:\/\/www.kizbasina.com\/?page_id=1114"},"modified":"2023-10-19T17:29:21","modified_gmt":"2023-10-19T17:29:21","slug":"eczane-kampanyasi","status":"publish","type":"page","link":"https:\/\/www.kizbasina.com\/en\/projeler\/eczane-kampanyasi\/","title":{"rendered":"Volunteer Pharmacies, Hairdresser, Mother Campaign"},"content":{"rendered":"<div data-elementor-type=\"wp-page\" data-elementor-id=\"1114\" class=\"elementor elementor-1114\">\n\t\t\t\t\t\t<section class=\"elementor-section elementor-top-section elementor-element elementor-element-962599c elementor-section-full_width elementor-section-stretched elementor-section-height-default elementor-section-height-default\" data-id=\"962599c\" data-element_type=\"section\" data-settings=\"{&quot;stretch_section&quot;:&quot;section-stretched&quot;}\">\n\t\t\t\t\t\t<div class=\"elementor-container elementor-column-gap-default\">\n\t\t\t\t\t<div class=\"elementor-column elementor-col-100 elementor-top-column elementor-element elementor-element-b697880\" data-id=\"b697880\" data-element_type=\"column\">\n\t\t\t<div class=\"elementor-widget-wrap elementor-element-populated\">\n\t\t\t\t\t\t\t<\/div>\n\t\t<\/div>\n\t\t\t\t\t<\/div>\n\t\t<\/section>\n\t\t\t\t<section class=\"elementor-section elementor-top-section elementor-element elementor-element-9defea7 elementor-section-full_width elementor-section-stretched elementor-section-height-default elementor-section-height-default\" data-id=\"9defea7\" data-element_type=\"section\" data-settings=\"{&quot;stretch_section&quot;:&quot;section-stretched&quot;}\">\n\t\t\t\t\t\t<div class=\"elementor-container elementor-column-gap-default\">\n\t\t\t\t\t<div class=\"elementor-column elementor-col-100 elementor-top-column elementor-element elementor-element-ba7a2a2\" data-id=\"ba7a2a2\" data-element_type=\"column\">\n\t\t\t<div class=\"elementor-widget-wrap elementor-element-populated\">\n\t\t\t\t\t\t<div class=\"elementor-element elementor-element-9b20714 elementor-widget-divider--view-line elementor-widget elementor-widget-divider\" data-id=\"9b20714\" data-element_type=\"widget\" data-widget_type=\"divider.default\">\n\t\t\t\t<div class=\"elementor-widget-container\">\n\t\t\t\t\t\t\t<div class=\"elementor-divider\">\n\t\t\t<span class=\"elementor-divider-separator\">\n\t\t\t\t\t\t<\/span>\n\t\t<\/div>\n\t\t\t\t\t\t<\/div>\n\t\t\t\t<\/div>\n\t\t\t\t\t<\/div>\n\t\t<\/div>\n\t\t\t\t\t<\/div>\n\t\t<\/section>\n\t\t\t\t<section class=\"elementor-section elementor-top-section elementor-element elementor-element-82c2e7b elementor-section-boxed elementor-section-height-default elementor-section-height-default\" data-id=\"82c2e7b\" data-element_type=\"section\">\n\t\t\t\t\t\t<div class=\"elementor-container elementor-column-gap-default\">\n\t\t\t\t\t<div class=\"elementor-column elementor-col-100 elementor-top-column elementor-element elementor-element-9d2fc37\" data-id=\"9d2fc37\" data-element_type=\"column\">\n\t\t\t<div class=\"elementor-widget-wrap elementor-element-populated\">\n\t\t\t\t\t\t<div class=\"elementor-element elementor-element-a8ca197 elementor-widget elementor-widget-text-editor\" data-id=\"a8ca197\" data-element_type=\"widget\" data-widget_type=\"text-editor.default\">\n\t\t\t\t<div class=\"elementor-widget-container\">\n\t\t\t\t\t\t\t\t\t<p><strong>Projenin Amac\u0131<\/strong>: K\u0131zBa\u015f\u0131na ekibi olarak \u015fiddete maruz b\u0131rak\u0131lan kad\u0131nlar\u0131n ilk olarak eczac\u0131lara ba\u015fvurduklar\u0131n\u0131 \u00f6\u011frenmemizin ard\u0131ndan, eczanelerin \u015fiddetle m\u00fccadele konusunda fark\u0131ndal\u0131k ve bilgiyi art\u0131rmak ve yayg\u0131nla\u015ft\u0131rmak i\u00e7in kritik bir nokta oldu\u011funu ke\u015ffettik. Bunun yan\u0131 s\u0131ra, \u00f6zellikle \u00f6\u011fretmenlerin \u00f6\u011frencileri ile kurduklar\u0131 ileti\u015fim sayesinde herhangi bir evde \u015fiddet ortam\u0131n\u0131n bulunup bulunmad\u0131\u011f\u0131n\u0131 tespit edebilen konumda olduklar\u0131n\u0131 g\u00f6zlemledik. Buradan yola \u00e7\u0131karak K\u0131zBa\u015f\u0131na ekibi olarak \u015fiddete maruz b\u0131rak\u0131lan veya b\u0131rak\u0131lma olas\u0131l\u0131\u011f\u0131 olan ki\u015filere ilk ula\u015fabilecek rolde olan eczac\u0131 ve \u00f6\u011fretmenleri e\u011fitmeyi hedefledik.<\/p><p><strong>Projenin Kapsam\u0131<\/strong>: Kampanya, \u015fiddete u\u011frayan kad\u0131nlar\u0131n eczac\u0131lar ve \u00f6\u011fretmenler arac\u0131l\u0131\u011f\u0131yla bilgilendirilmesi ve y\u00f6nlendirilmesi i\u00e7in olu\u015fturulan bir bilgi da\u011f\u0131t\u0131m a\u011f\u0131n\u0131 i\u00e7ermektedir. Eczanelere ve \u00f6\u011fretmenlere ula\u015ft\u0131rd\u0131\u011f\u0131m\u0131z bilgilendirici bro\u015f\u00fcrler sayesinde kad\u0131nlar\u0131n, t\u0131bbi yard\u0131m\u0131n yan\u0131 s\u0131ra \u00f6zellikle hukuki ve psikolojik alanda \u015fiddetle m\u00fccadele konusunda da destek alabilecekleri bir kayna\u011fa eri\u015febilmelerini sa\u011flad\u0131k.<\/p><p><strong>Hedef Kitle<\/strong>: Kampanyan\u0131n ana hedef kitlesi \u015fiddete maruz b\u0131rak\u0131lan kad\u0131nlard\u0131r. Ayr\u0131ca eczac\u0131lar ve \u00f6\u011fretmenler de bu kampanyan\u0131n hedef kitlesine dahil edilmi\u015ftir, \u00e7\u00fcnk\u00fc onlar\u0131n fark\u0131ndal\u0131\u011f\u0131 ve deste\u011fi, ma\u011fdurlar\u0131n bilgilendirilmesinde kritik bir rol oynamaktad\u0131r.<\/p><p><strong>Yolculu\u011fumuz<\/strong>: 2017\u2019de ba\u015flad\u0131\u011f\u0131m\u0131z kampanyam\u0131z sayesinde bir\u00e7ok eczac\u0131 \u015fiddete maruz b\u0131rak\u0131lan kad\u0131nlar i\u00e7in do\u011fru ve etkili bilgi edinebilecekleri bir kaynak haline gelmi\u015ftir.\u00a0<\/p><p><strong>Projenin Etkisi ve Kazan\u0131mlar\u0131<\/strong>: Kampanya sonucunda, eczanelerin kad\u0131na y\u00f6nelik \u015fiddet, taciz ve istismarla m\u00fccadelede \u00f6nemli bir rol oynayabilece\u011fi fark edilmi\u015ftir. Ankara Eczac\u0131lar Odas\u0131 ve T\u00fcrkiye Eczac\u0131lar Birli\u011fi&#8217;nin deste\u011fiyle, kampanyan\u0131n etkisi T\u00fcrkiye genelinde 2000&#8217;den fazla eczaneye ula\u015fm\u0131\u015ft\u0131r. Ayn\u0131 zamanda kampanya, toplamda 575 g\u00f6n\u00fcll\u00fcn\u00fcn kat\u0131l\u0131m\u0131 ve 6 kuaf\u00f6r salonu i\u015fbirli\u011fi ile g\u00fc\u00e7lenmi\u015ftir. 412 farkl\u0131 okul ve 790 kuaf\u00f6rde da\u011f\u0131t\u0131lan toplam 1.820 bilgi bro\u015f\u00fcr\u00fc ile 2.610 ki\u015fiye ula\u015f\u0131lm\u0131\u015ft\u0131r. Sosyal medya \u00fczerinden y\u00fcr\u00fctt\u00fc\u011f\u00fcm\u00fcz projemizle alakal\u0131 fark\u0131ndal\u0131k i\u00e7erikleri ile de 3.370.594 ki\u015fiye ula\u015f\u0131lm\u0131\u015ft\u0131r.<\/p><p><strong>Ba\u015far\u0131 Hikayelerimiz<\/strong>: Kampanyam\u0131z\u0131n olu\u015fturdu etki ile bas\u0131ndan \u00f6nemli bir ilgi g\u00f6rm\u00fc\u015ft\u00fcr. Ayn\u0131 zamanda kampanyan\u0131n dijital kopyalar\u0131n\u0131 g\u00f6ndererek etkisini s\u00fcrd\u00fcrebilme f\u0131rsat\u0131 yakal\u0131yoruz.<\/p><p><strong>Proje Zaman \u00c7izelgesi<\/strong>: Proje, 2018 y\u0131l\u0131nda Nisan ve May\u0131s aylar\u0131 aras\u0131nda ger\u00e7ekle\u015ftirilip tamamlanm\u0131\u015ft\u0131r.<\/p><p><strong>How to Connect:<\/strong><\/p><p>To learn more about the project, participate in activities, and provide support, please visit our website: <a href=\"https:\/\/www.kizbasina.com\/en\/\">https:\/\/www.kizbasina.com\/en\/<\/a>.\u00a0 Ayr\u0131ca sosyal medya hesaplar\u0131m\u0131zdan da g\u00fcncel etkinliklerimiz ve \u00e7al\u0131\u015fmalar\u0131m\u0131z hakk\u0131nda bilgi alabilirsiniz.\u00a0<\/p><p>\u00a0<\/p>\t\t\t\t\t\t\t\t<\/div>\n\t\t\t\t<\/div>\n\t\t\t\t\t<\/div>\n\t\t<\/div>\n\t\t\t\t\t<\/div>\n\t\t<\/section>\n\t\t\t\t<section class=\"elementor-section elementor-top-section elementor-element elementor-element-e057cc1 elementor-section-boxed elementor-section-height-default elementor-section-height-default\" data-id=\"e057cc1\" data-element_type=\"section\">\n\t\t\t\t\t\t<div class=\"elementor-container elementor-column-gap-default\">\n\t\t\t\t\t<div class=\"elementor-column elementor-col-100 elementor-top-column elementor-element elementor-element-aec85f7\" data-id=\"aec85f7\" data-element_type=\"column\">\n\t\t\t<div class=\"elementor-widget-wrap elementor-element-populated\">\n\t\t\t\t\t\t<div class=\"elementor-element elementor-element-894cef8 elementor-widget-divider--view-line elementor-widget elementor-widget-divider\" data-id=\"894cef8\" data-element_type=\"widget\" data-widget_type=\"divider.default\">\n\t\t\t\t<div class=\"elementor-widget-container\">\n\t\t\t\t\t\t\t<div class=\"elementor-divider\">\n\t\t\t<span class=\"elementor-divider-separator\">\n\t\t\t\t\t\t<\/span>\n\t\t<\/div>\n\t\t\t\t\t\t<\/div>\n\t\t\t\t<\/div>\n\t\t\t\t\t<\/div>\n\t\t<\/div>\n\t\t\t\t\t<\/div>\n\t\t<\/section>\n\t\t\t\t<\/div>","protected":false},"excerpt":{"rendered":"<p class=\"tx-excerpt\">Projenin Amac\u0131: K\u0131zBa\u015f\u0131na ekibi olarak \u015fiddete maruz b\u0131rak\u0131lan kad\u0131nlar\u0131n ilk olarak eczac\u0131lara ba\u015fvurduklar\u0131n\u0131 \u00f6\u011frenmemizin ard\u0131ndan, eczanelerin \u015fiddetle m\u00fccadele konusunda fark\u0131ndal\u0131k ve bilgiyi art\u0131rmak ve yayg\u0131nla\u015ft\u0131rmak i\u00e7in kritik bir nokta oldu\u011funu ke\u015ffettik. Bunun yan\u0131 s\u0131ra, \u00f6zellikle...<\/p>","protected":false},"author":1,"featured_media":0,"parent":484,"menu_order":0,"comment_status":"closed","ping_status":"closed","template":"","meta":{"footnotes":""},"class_list":["post-1114","page","type-page","status-publish","hentry"],"_links":{"self":[{"href":"https:\/\/www.kizbasina.com\/en\/wp-json\/wp\/v2\/pages\/1114","targetHints":{"allow":["GET"]}}],"collection":[{"href":"https:\/\/www.kizbasina.com\/en\/wp-json\/wp\/v2\/pages"}],"about":[{"href":"https:\/\/www.kizbasina.com\/en\/wp-json\/wp\/v2\/types\/page"}],"author":[{"embeddable":true,"href":"https:\/\/www.kizbasina.com\/en\/wp-json\/wp\/v2\/users\/1"}],"replies":[{"embeddable":true,"href":"https:\/\/www.kizbasina.com\/en\/wp-json\/wp\/v2\/comments?post=1114"}],"version-history":[{"count":17,"href":"https:\/\/www.kizbasina.com\/en\/wp-json\/wp\/v2\/pages\/1114\/revisions"}],"predecessor-version":[{"id":2443,"href":"https:\/\/www.kizbasina.com\/en\/wp-json\/wp\/v2\/pages\/1114\/revisions\/2443"}],"up":[{"embeddable":true,"href":"https:\/\/www.kizbasina.com\/en\/wp-json\/wp\/v2\/pages\/484"}],"wp:attachment":[{"href":"https:\/\/www.kizbasina.com\/en\/wp-json\/wp\/v2\/media?parent=1114"}],"curies":[{"name":"wp","href":"https:\/\/api.w.org\/{rel}","templated":true}]}}