{"id":1097,"date":"2022-12-28T19:22:52","date_gmt":"2022-12-28T19:22:52","guid":{"rendered":"https:\/\/www.kizbasina.com\/?page_id=1097"},"modified":"2023-11-16T10:33:20","modified_gmt":"2023-11-16T10:33:20","slug":"kiz-basina-dijital-karanfil-kampanyasi","status":"publish","type":"page","link":"https:\/\/www.kizbasina.com\/en\/projeler\/kiz-basina-dijital-karanfil-kampanyasi\/","title":{"rendered":"Digital Carnation Campaign"},"content":{"rendered":"<div data-elementor-type=\"wp-page\" data-elementor-id=\"1097\" class=\"elementor elementor-1097\">\n\t\t\t\t\t\t<section class=\"elementor-section elementor-top-section elementor-element elementor-element-962599c elementor-section-full_width elementor-section-stretched elementor-section-height-default elementor-section-height-default\" data-id=\"962599c\" data-element_type=\"section\" data-settings=\"{&quot;stretch_section&quot;:&quot;section-stretched&quot;}\">\n\t\t\t\t\t\t<div class=\"elementor-container elementor-column-gap-default\">\n\t\t\t\t\t<div class=\"elementor-column elementor-col-100 elementor-top-column elementor-element elementor-element-b697880\" data-id=\"b697880\" data-element_type=\"column\">\n\t\t\t<div class=\"elementor-widget-wrap elementor-element-populated\">\n\t\t\t\t\t\t\t<\/div>\n\t\t<\/div>\n\t\t\t\t\t<\/div>\n\t\t<\/section>\n\t\t\t\t<section class=\"elementor-section elementor-top-section elementor-element elementor-element-9defea7 elementor-section-full_width elementor-section-stretched elementor-section-height-default elementor-section-height-default\" data-id=\"9defea7\" data-element_type=\"section\" data-settings=\"{&quot;stretch_section&quot;:&quot;section-stretched&quot;}\">\n\t\t\t\t\t\t<div class=\"elementor-container elementor-column-gap-default\">\n\t\t\t\t\t<div class=\"elementor-column elementor-col-100 elementor-top-column elementor-element elementor-element-ba7a2a2\" data-id=\"ba7a2a2\" data-element_type=\"column\">\n\t\t\t<div class=\"elementor-widget-wrap elementor-element-populated\">\n\t\t\t\t\t\t<div class=\"elementor-element elementor-element-9b20714 elementor-widget-divider--view-line elementor-widget elementor-widget-divider\" data-id=\"9b20714\" data-element_type=\"widget\" data-widget_type=\"divider.default\">\n\t\t\t\t<div class=\"elementor-widget-container\">\n\t\t\t\t\t\t\t<div class=\"elementor-divider\">\n\t\t\t<span class=\"elementor-divider-separator\">\n\t\t\t\t\t\t<\/span>\n\t\t<\/div>\n\t\t\t\t\t\t<\/div>\n\t\t\t\t<\/div>\n\t\t\t\t\t<\/div>\n\t\t<\/div>\n\t\t\t\t\t<\/div>\n\t\t<\/section>\n\t\t\t\t<section class=\"elementor-section elementor-top-section elementor-element elementor-element-82c2e7b elementor-section-boxed elementor-section-height-default elementor-section-height-default\" data-id=\"82c2e7b\" data-element_type=\"section\">\n\t\t\t\t\t\t<div class=\"elementor-container elementor-column-gap-default\">\n\t\t\t\t\t<div class=\"elementor-column elementor-col-100 elementor-top-column elementor-element elementor-element-9d2fc37\" data-id=\"9d2fc37\" data-element_type=\"column\">\n\t\t\t<div class=\"elementor-widget-wrap elementor-element-populated\">\n\t\t\t\t\t\t<div class=\"elementor-element elementor-element-a8ca197 elementor-widget elementor-widget-text-editor\" data-id=\"a8ca197\" data-element_type=\"widget\" data-widget_type=\"text-editor.default\">\n\t\t\t\t<div class=\"elementor-widget-container\">\n\t\t\t\t\t\t\t\t\t<p><strong>Project Name:<\/strong> Dijital Karanfil&nbsp;<\/p>\n<p><strong>Project Purpose: <\/strong>T\u00fcrkiye\u2019de her y\u0131l kad\u0131n cinayetleriyle birlikte cinsiyete dayal\u0131 \u015fiddet artmaktad\u0131r. Toplum ya\u015fanan bu olaylar dolay\u0131s\u0131yla \u00fcz\u00fcl\u00fcrken, sorumluluk y\u00fck\u00fcn\u00fcn kabul edilmemesi davran\u0131\u015f\u0131yla birlikte sorumlulu\u011fu tan\u0131mlanamayan bir ba\u015fkas\u0131n\u0131 devretme davran\u0131\u015f\u0131 ortaya \u00e7\u0131kmaktad\u0131r. Aile i\u00e7i \u015fiddet ve kad\u0131n cinayetleri \u00fczerine yap\u0131lan ara\u015ft\u0131rmalar g\u00f6stermektedir ki toplum, kad\u0131n cinayetlerini \u00e7\u00f6z\u00fclebilecek bir sorun olarak g\u00f6rmesine ra\u011fmen bunun tamamen kolluk kuvvetleri arac\u0131l\u0131\u011f\u0131yla yap\u0131labilece\u011fini d\u00fc\u015f\u00fcnmekte ve herhangi bir bireyin tek ba\u015f\u0131na bir \u015fey yapamayaca\u011f\u0131 g\u00f6r\u00fc\u015f\u00fcndedir. Toplum taraf\u0131ndan sahip olunan bir di\u011fer yayg\u0131n g\u00f6r\u00fc\u015f ise aile i\u00e7i \u015fiddetin hane i\u00e7erisinde ger\u00e7ekle\u015fen bir eylem oldu\u011fu ve d\u0131\u015far\u0131dan m\u00fcdahele edilmemesi gerekti\u011fi y\u00f6n\u00fcndedir. Biz de K\u0131zBa\u015f\u0131na olarak, topluma bireysel sorumluluklar\u0131m\u0131z\u0131 hat\u0131rlatmak amac\u0131yla \u201cDijital Karanfil Kampanyas\u0131\u201dn\u0131 ba\u015flatt\u0131k. Bu kampanyada amac\u0131m\u0131z kad\u0131n cinayetlerinin hi\u00e7 de uza\u011f\u0131m\u0131zda olmad\u0131\u011f\u0131n\u0131 ve her yerde bir kad\u0131n\u0131n \u00f6ld\u00fcr\u00fcld\u00fc\u011f\u00fcn\u00fc hat\u0131rlatmakt\u0131r.&nbsp;<\/p>\n<p><strong>Project Scope: <\/strong>Kampanyayla birlikte, QR kodlar bas\u0131l\u0131 posterler ve stickerlar, T\u00fcrkiye\u2019de 2017 ve 2019 y\u0131llar\u0131 aras\u0131nda \u00f6ld\u00fcr\u00fclen kad\u0131nlar\u0131n \u00f6ld\u00fcr\u00fcld\u00fckleri semt ve mahallelere yerel g\u00f6n\u00fcll\u00fc a\u011f\u0131m\u0131z arac\u0131l\u0131\u011f\u0131yla yap\u0131\u015ft\u0131r\u0131ld\u0131 ve as\u0131ld\u0131. Ayn\u0131 \u015fekilde amac\u0131m\u0131z bu posterlerin \u00f6ld\u00fcr\u00fclen kad\u0131nlar i\u00e7in bir an\u0131t olmas\u0131d\u0131r ve bu kapsamda \u00fcniversite \u00f6\u011frencilerine, \u00fcniversite mezunlar\u0131na, sivil toplum kurulu\u015flar\u0131na ve kentlerde ya\u015fayan insanlara ula\u015fmay\u0131 ama\u00e7land\u0131.&nbsp;<\/p>\n<p><strong>Target Audience: <\/strong>Dijital Karanfil Kampanyas\u0131 ile K\u0131zBa\u015f\u0131na olarak sessiz kitleleri harekete ge\u00e7irmeyi ve onlar\u0131 g\u00f6n\u00fcll\u00fcl\u00fck ve aktivizm ile kazanmay\u0131 ama\u00e7lad\u0131k. Dolay\u0131s\u0131yla bu projenin hedef kitlesi b\u00fct\u00fcn toplumdur.<\/p>\n<p><strong>Project Activities:<\/strong> Kampanyayla birlikte, QR kodlar bas\u0131l\u0131 posterler ve stickerlar, T\u00fcrkiye\u2019de 2017 ve 2019 y\u0131llar\u0131 aras\u0131nda \u00f6ld\u00fcr\u00fclen kad\u0131nlar\u0131n \u00f6ld\u00fcr\u00fcld\u00fckleri semt ve mahallelere yerel g\u00f6n\u00fcll\u00fc a\u011f\u0131m\u0131z arac\u0131l\u0131\u011f\u0131yla yap\u0131\u015ft\u0131r\u0131ld\u0131 ve as\u0131ld\u0131. Ulusal d\u00fczeyde bir fark\u0131ndal\u0131k yaratmak i\u00e7in ise \u201cArt\u0131r\u0131lm\u0131\u015f Ger\u00e7eklik Sanat Sergisi Projesi\u201dni ba\u015flat\u0131ld\u0131. Gezici bir sergi olarak planlanan \u201cArt\u0131r\u0131lm\u0131\u015f Ger\u00e7eklik Sanat Sergisi Projesi\u201d kapsam\u0131nda bize ula\u015fan 119 organizasyon aras\u0131ndan Orta Do\u011fu Teknik \u00dcniversitesi, Bo\u011fazi\u00e7i \u00dcniversitesi, Ko\u00e7 \u00dcniversitesi, Hacettepe \u00dcniversitesi, Yeditepe \u00dcniversitesi, \u0130stanbul \u00dcniversitesi, Ankara \u00dcniversitesi, Anadolu \u00dcniversitesi ve Erciyes \u00dcniversitesi\u2019nde sergimiz a\u00e7\u0131ld\u0131.<\/p>\t\t\t\t\t\t\t\t<\/div>\n\t\t\t\t<\/div>\n\t\t\t\t\t<\/div>\n\t\t<\/div>\n\t\t\t\t\t<\/div>\n\t\t<\/section>\n\t\t\t\t<section class=\"elementor-section elementor-top-section elementor-element elementor-element-f9deca1 elementor-section-boxed elementor-section-height-default elementor-section-height-default\" data-id=\"f9deca1\" data-element_type=\"section\">\n\t\t\t\t\t\t<div class=\"elementor-container elementor-column-gap-default\">\n\t\t\t\t\t<div class=\"elementor-column elementor-col-100 elementor-top-column elementor-element elementor-element-03bcfd4\" data-id=\"03bcfd4\" data-element_type=\"column\">\n\t\t\t<div class=\"elementor-widget-wrap elementor-element-populated\">\n\t\t\t\t\t\t<div class=\"elementor-element elementor-element-597079d elementor-arrows-position-inside elementor-widget elementor-widget-image-carousel\" data-id=\"597079d\" data-element_type=\"widget\" data-settings=\"{&quot;slides_to_show&quot;:&quot;3&quot;,&quot;navigation&quot;:&quot;arrows&quot;,&quot;autoplay&quot;:&quot;yes&quot;,&quot;pause_on_hover&quot;:&quot;yes&quot;,&quot;pause_on_interaction&quot;:&quot;yes&quot;,&quot;autoplay_speed&quot;:5000,&quot;infinite&quot;:&quot;yes&quot;,&quot;speed&quot;:500}\" data-widget_type=\"image-carousel.default\">\n\t\t\t\t<div class=\"elementor-widget-container\">\n\t\t\t\t\t\t\t<div class=\"elementor-image-carousel-wrapper swiper\" role=\"region\" aria-roledescription=\"carousel\" aria-label=\"Image Carousel\" dir=\"ltr\">\n\t\t\t<div class=\"elementor-image-carousel swiper-wrapper\" aria-live=\"off\">\n\t\t\t\t\t\t\t\t<div class=\"swiper-slide\" role=\"group\" aria-roledescription=\"slide\" aria-label=\"1 of 9\"><figure class=\"swiper-slide-inner\"><img decoding=\"async\" class=\"swiper-slide-image\" src=\"https:\/\/www.kizbasina.com\/wp-content\/uploads\/2023\/11\/7.3-300x179.jpg\" alt=\"7.3\" \/><\/figure><\/div><div class=\"swiper-slide\" role=\"group\" aria-roledescription=\"slide\" aria-label=\"2 of 9\"><figure class=\"swiper-slide-inner\"><img decoding=\"async\" class=\"swiper-slide-image\" src=\"https:\/\/www.kizbasina.com\/wp-content\/uploads\/2023\/11\/779_hacettepe_universitesi_logo-300x225.jpg\" alt=\"779_hacettepe_universitesi_logo\" \/><\/figure><\/div><div class=\"swiper-slide\" role=\"group\" aria-roledescription=\"slide\" aria-label=\"3 of 9\"><figure class=\"swiper-slide-inner\"><img decoding=\"async\" class=\"swiper-slide-image\" src=\"https:\/\/www.kizbasina.com\/wp-content\/uploads\/2023\/11\/Bogazici_University_logo.svg-300x300.png\" alt=\"Bog\u0306azic\u0327i_University_logo.svg\" \/><\/figure><\/div><div class=\"swiper-slide\" role=\"group\" aria-roledescription=\"slide\" aria-label=\"4 of 9\"><figure class=\"swiper-slide-inner\"><img decoding=\"async\" class=\"swiper-slide-image\" src=\"https:\/\/www.kizbasina.com\/wp-content\/uploads\/2023\/11\/png-clipart-koc-university-logo-koc-universitesi-research-english-camp-text-logo-300x141.png\" alt=\"png-clipart-koc-university-logo-koc-universitesi-research-english-camp-text-logo\" \/><\/figure><\/div><div class=\"swiper-slide\" role=\"group\" aria-roledescription=\"slide\" aria-label=\"5 of 9\"><figure class=\"swiper-slide-inner\"><img decoding=\"async\" class=\"swiper-slide-image\" src=\"https:\/\/www.kizbasina.com\/wp-content\/uploads\/2023\/11\/20200406212436Ankara_Universitesi_logosu-300x300.png\" alt=\"20200406212436!Ankara_U\u0308niversitesi_logosu\" \/><\/figure><\/div><div class=\"swiper-slide\" role=\"group\" aria-roledescription=\"slide\" aria-label=\"6 of 9\"><figure class=\"swiper-slide-inner\"><img decoding=\"async\" class=\"swiper-slide-image\" src=\"https:\/\/www.kizbasina.com\/wp-content\/uploads\/2023\/11\/TURKCE-LOGOLAR-Anadolu-Universitesi-011-300x112.png\" alt=\"TU\u0308RKC\u0327E LOGOLAR Anadolu U\u0308niversitesi-01(1)\" \/><\/figure><\/div><div class=\"swiper-slide\" role=\"group\" aria-roledescription=\"slide\" aria-label=\"7 of 9\"><figure class=\"swiper-slide-inner\"><img decoding=\"async\" class=\"swiper-slide-image\" src=\"https:\/\/www.kizbasina.com\/wp-content\/uploads\/2023\/11\/tc-istanbul-universitesi9793-300x225.jpg\" alt=\"tc-istanbul-universitesi9793\" \/><\/figure><\/div><div class=\"swiper-slide\" role=\"group\" aria-roledescription=\"slide\" aria-label=\"8 of 9\"><figure class=\"swiper-slide-inner\"><img decoding=\"async\" class=\"swiper-slide-image\" src=\"https:\/\/www.kizbasina.com\/wp-content\/uploads\/2023\/11\/thumbs_b_c_338b2945a82ef794afadf012814e4923-300x169.jpg\" alt=\"thumbs_b_c_338b2945a82ef794afadf012814e4923\" \/><\/figure><\/div><div class=\"swiper-slide\" role=\"group\" aria-roledescription=\"slide\" aria-label=\"9 of 9\"><figure class=\"swiper-slide-inner\"><img decoding=\"async\" class=\"swiper-slide-image\" src=\"https:\/\/www.kizbasina.com\/wp-content\/uploads\/2023\/11\/Erciyes_University_logo.svg-300x297.png\" alt=\"Erciyes_University_logo.svg\" \/><\/figure><\/div>\t\t\t<\/div>\n\t\t\t\t\t\t\t\t\t\t\t\t<div class=\"elementor-swiper-button elementor-swiper-button-prev\" role=\"button\" tabindex=\"0\">\n\t\t\t\t\t\t<i aria-hidden=\"true\" class=\"eicon-chevron-left\"><\/i>\t\t\t\t\t<\/div>\n\t\t\t\t\t<div class=\"elementor-swiper-button elementor-swiper-button-next\" role=\"button\" tabindex=\"0\">\n\t\t\t\t\t\t<i aria-hidden=\"true\" class=\"eicon-chevron-right\"><\/i>\t\t\t\t\t<\/div>\n\t\t\t\t\n\t\t\t\t\t\t\t\t\t<\/div>\n\t\t\t\t\t\t<\/div>\n\t\t\t\t<\/div>\n\t\t\t\t\t<\/div>\n\t\t<\/div>\n\t\t\t\t\t<\/div>\n\t\t<\/section>\n\t\t\t\t<section class=\"elementor-section elementor-top-section elementor-element elementor-element-0076ad2 elementor-section-boxed elementor-section-height-default elementor-section-height-default\" data-id=\"0076ad2\" data-element_type=\"section\">\n\t\t\t\t\t\t<div class=\"elementor-container elementor-column-gap-default\">\n\t\t\t\t\t<div class=\"elementor-column elementor-col-100 elementor-top-column elementor-element elementor-element-5f6ce58\" data-id=\"5f6ce58\" data-element_type=\"column\">\n\t\t\t<div class=\"elementor-widget-wrap elementor-element-populated\">\n\t\t\t\t\t\t<div class=\"elementor-element elementor-element-4f08702 elementor-widget elementor-widget-text-editor\" data-id=\"4f08702\" data-element_type=\"widget\" data-widget_type=\"text-editor.default\">\n\t\t\t\t<div class=\"elementor-widget-container\">\n\t\t\t\t\t\t\t\t\t<p><strong>Project Impacts: <\/strong>Kampanya sonunda 1000 g\u00f6n\u00fcll\u00fcm\u00fcz ile 550den fazla lokasyona ve 72 \u015fehire yakla\u015f\u0131k 2900 bas\u0131l\u0131 materyal g\u00f6nderildi. Ulusal d\u00fczeyde bir fark\u0131ndal\u0131k yaratmak i\u00e7in ise \u201cArt\u0131r\u0131lm\u0131\u015f Ger\u00e7eklik Sanat Sergisi Projesi\u201dni ba\u015flatt\u0131k. Bu proje kapsam\u0131nda sanat\u00e7\u0131lara y\u00f6nelik bir \u00e7a\u011fr\u0131 a\u00e7t\u0131k. Bu \u00e7a\u011fr\u0131 sonunda se\u00e7ilen 10 g\u00f6n\u00fcll\u00fc sanat\u00e7\u0131yla \u00e7al\u0131\u015ft\u0131k ve bu sanat\u00e7\u0131lar kad\u0131n cinayetleri ile ilgili olu\u015fturduklar\u0131 kendi eserlerini K\u0131zBa\u015f\u0131na\u2019ya ba\u011f\u0131\u015flad\u0131lar. Bu eserler art\u0131r\u0131lm\u0131\u015f ger\u00e7ekli\u011fe aktar\u0131ld\u0131 ve bu eserler, hikayeleriyle birlikte bas\u0131ld\u0131. Gezici bir sergi olarak planlanan \u201cArt\u0131r\u0131lm\u0131\u015f Ger\u00e7eklik Sanat Sergisi Projesi\u201d kapsam\u0131nda bize ula\u015fan 119 organizasyon aras\u0131ndan Orta Do\u011fu Teknik \u00dcniversitesi, Bo\u011fazi\u00e7i \u00dcniversitesi, Ko\u00e7 \u00dcniversitesi, Hacettepe \u00dcniversitesi, Yeditepe \u00dcniversitesi, \u0130stanbul \u00dcniversitesi, Ankara \u00dcniversitesi, Anadolu \u00dcniversitesi ve Erciyes \u00dcniversitesi\u2019nde sergimiz a\u00e7\u0131ld\u0131. Dijital Karanfil Kampanyas\u0131 kapsam\u0131nda sosyal medyada (Instagram ve Facebook) 16 milyon insana ula\u015f\u0131ld\u0131 ve 1000den fazla ki\u015fiden direkt olarak geri d\u00f6n\u00fc\u015f elde edildi.<\/p><p><strong>Ba\u015far\u0131 Hikayelerimiz : <\/strong>Dijital Karanfil Projesi, 3 farkl\u0131 \u00fclkede onlarca farkl\u0131 haber platformunda haberle\u015ftirildi ve fark\u0131ndal\u0131k yaratt\u0131. Proje, Facebook\u2019un y\u00fcr\u00fctt\u00fc\u011f\u00fc Peer to Peer (P2P): Facebook Global Digital Challenge yar\u0131\u015fmas\u0131nda birincilik \u00f6d\u00fcl\u00fcne hak kazand\u0131.\u00a0<\/p><p><strong>Project Timeline: <\/strong>Proje 2019 y\u0131l\u0131n\u0131n sonbahar\u0131nda ger\u00e7ekle\u015ftirildi.\u00a0<\/p><p><strong>How to Connect: <\/strong><\/p><section class=\"elementor-section elementor-top-section elementor-element elementor-element-82c2e7b elementor-section-boxed elementor-section-height-default elementor-section-height-default\" data-id=\"82c2e7b\" data-element_type=\"section\"><div class=\"elementor-container elementor-column-gap-default\"><div class=\"elementor-column elementor-col-100 elementor-top-column elementor-element elementor-element-9d2fc37\" data-id=\"9d2fc37\" data-element_type=\"column\"><div class=\"elementor-widget-wrap elementor-element-populated\"><div class=\"elementor-element elementor-element-a8ca197 elementor-widget elementor-widget-text-editor\" data-id=\"a8ca197\" data-element_type=\"widget\" data-widget_type=\"text-editor.default\"><div class=\"elementor-widget-container\"><p>To learn more about the project, participate in activities, and provide support, please visit our website:\u00a0<a href=\"https:\/\/www.kizbasina.com\/en\/\">https:\/\/www.kizbasina.com\/en\/<\/a>.\u00a0 Ayr\u0131ca sosyal medya hesaplar\u0131m\u0131zdan da g\u00fcncel etkinliklerimiz ve \u00e7al\u0131\u015fmalar\u0131m\u0131z hakk\u0131nda bilgi alabilirsiniz.<\/p><\/div><\/div><\/div><\/div><\/div><\/section>\t\t\t\t\t\t\t\t<\/div>\n\t\t\t\t<\/div>\n\t\t\t\t\t<\/div>\n\t\t<\/div>\n\t\t\t\t\t<\/div>\n\t\t<\/section>\n\t\t\t\t<section class=\"elementor-section elementor-top-section elementor-element elementor-element-107ba04 elementor-section-boxed elementor-section-height-default elementor-section-height-default\" data-id=\"107ba04\" data-element_type=\"section\">\n\t\t\t\t\t\t<div class=\"elementor-container elementor-column-gap-default\">\n\t\t\t\t\t<div class=\"elementor-column elementor-col-100 elementor-top-column elementor-element elementor-element-4a15a60\" data-id=\"4a15a60\" data-element_type=\"column\">\n\t\t\t<div class=\"elementor-widget-wrap elementor-element-populated\">\n\t\t\t\t\t\t<div class=\"elementor-element elementor-element-70dcb85 elementor-widget-divider--view-line elementor-widget elementor-widget-divider\" data-id=\"70dcb85\" data-element_type=\"widget\" data-widget_type=\"divider.default\">\n\t\t\t\t<div class=\"elementor-widget-container\">\n\t\t\t\t\t\t\t<div class=\"elementor-divider\">\n\t\t\t<span class=\"elementor-divider-separator\">\n\t\t\t\t\t\t<\/span>\n\t\t<\/div>\n\t\t\t\t\t\t<\/div>\n\t\t\t\t<\/div>\n\t\t\t\t\t<\/div>\n\t\t<\/div>\n\t\t\t\t\t<\/div>\n\t\t<\/section>\n\t\t\t\t<\/div>","protected":false},"excerpt":{"rendered":"<p class=\"tx-excerpt\">Proje Ad\u0131: Dijital Karanfil&nbsp; Projenin Amac\u0131: T\u00fcrkiye\u2019de her y\u0131l kad\u0131n cinayetleriyle birlikte cinsiyete dayal\u0131 \u015fiddet artmaktad\u0131r. Toplum ya\u015fanan bu olaylar dolay\u0131s\u0131yla \u00fcz\u00fcl\u00fcrken, sorumluluk y\u00fck\u00fcn\u00fcn kabul edilmemesi davran\u0131\u015f\u0131yla birlikte sorumlulu\u011fu tan\u0131mlanamayan bir ba\u015fkas\u0131n\u0131 devretme davran\u0131\u015f\u0131 ortaya...<\/p>","protected":false},"author":1,"featured_media":0,"parent":484,"menu_order":0,"comment_status":"closed","ping_status":"closed","template":"","meta":{"footnotes":""},"class_list":["post-1097","page","type-page","status-publish","hentry"],"_links":{"self":[{"href":"https:\/\/www.kizbasina.com\/en\/wp-json\/wp\/v2\/pages\/1097","targetHints":{"allow":["GET"]}}],"collection":[{"href":"https:\/\/www.kizbasina.com\/en\/wp-json\/wp\/v2\/pages"}],"about":[{"href":"https:\/\/www.kizbasina.com\/en\/wp-json\/wp\/v2\/types\/page"}],"author":[{"embeddable":true,"href":"https:\/\/www.kizbasina.com\/en\/wp-json\/wp\/v2\/users\/1"}],"replies":[{"embeddable":true,"href":"https:\/\/www.kizbasina.com\/en\/wp-json\/wp\/v2\/comments?post=1097"}],"version-history":[{"count":31,"href":"https:\/\/www.kizbasina.com\/en\/wp-json\/wp\/v2\/pages\/1097\/revisions"}],"predecessor-version":[{"id":3879,"href":"https:\/\/www.kizbasina.com\/en\/wp-json\/wp\/v2\/pages\/1097\/revisions\/3879"}],"up":[{"embeddable":true,"href":"https:\/\/www.kizbasina.com\/en\/wp-json\/wp\/v2\/pages\/484"}],"wp:attachment":[{"href":"https:\/\/www.kizbasina.com\/en\/wp-json\/wp\/v2\/media?parent=1097"}],"curies":[{"name":"wp","href":"https:\/\/api.w.org\/{rel}","templated":true}]}}